{"id":1120,"date":"2025-05-29T11:33:38","date_gmt":"2025-05-29T09:33:38","guid":{"rendered":"https:\/\/kscup.fi\/?page_id=1120"},"modified":"2025-05-29T11:33:38","modified_gmt":"2025-05-29T09:33:38","slug":"kscup2024","status":"publish","type":"page","link":"https:\/\/kscup.fi\/?page_id=1120","title":{"rendered":"KSCUP2024"},"content":{"rendered":"\t\t<div data-elementor-type=\"wp-page\" data-elementor-id=\"1120\" class=\"elementor elementor-1120\" data-elementor-settings=\"[]\">\n\t\t\t\t\t\t\t<div class=\"elementor-section-wrap\">\n\t\t\t\t\t\t\t<section class=\"elementor-section elementor-top-section elementor-element elementor-element-4c32ab1 elementor-section-boxed elementor-section-height-default elementor-section-height-default\" data-id=\"4c32ab1\" data-element_type=\"section\">\n\t\t\t\t\t\t<div class=\"elementor-container elementor-column-gap-default\">\n\t\t\t\t\t<div class=\"elementor-column elementor-col-100 elementor-top-column elementor-element elementor-element-427bc7c\" data-id=\"427bc7c\" data-element_type=\"column\">\n\t\t\t<div class=\"elementor-widget-wrap elementor-element-populated\">\n\t\t\t\t\t\t\t\t<div class=\"elementor-element elementor-element-1ea0bc2 elementor-widget elementor-widget-text-editor\" data-id=\"1ea0bc2\" data-element_type=\"widget\" data-widget_type=\"text-editor.default\">\n\t\t\t\t<div class=\"elementor-widget-container\">\n\t\t\t\t\t\t\t<h3 style=\"text-align: left;\"><strong>Keski-Suomi Cup 2024<\/strong><\/h3><table style=\"border-collapse: collapse; margin-bottom: 0px; width: 731.906px;\"><tbody><tr><td style=\"padding: 0.5em; border-top-width: 1px; border-left-width: 1px; border-color: initial;\"><h6><span style=\"font-weight: bold;\">Su 2.6.2024<br \/><\/span>Kilpailu klo 10-17<br \/>10 -kalan kilpailu<\/h6><\/td><td style=\"padding: 0.5em; border-top-width: 1px; border-left-width: 1px; border-color: initial;\"><h4><span style=\"font-weight: bold;\">1. Hartola-uistelu<\/span><span style=\"font-style: inherit; color: var( --e-global-color-text ); font-family: var( --e-global-typography-text-font-family ), Sans-serif;\"><b><br \/><\/b><\/span><\/h4><p><span style=\"font-style: inherit; color: var( --e-global-color-text ); font-family: var( --e-global-typography-text-font-family ), Sans-serif;\"><b>J\u00e4\u00e4sj\u00e4rvi<\/b><br \/><\/span>Visan veneranta, Huvikummuntie 17 19600 Hartola<br \/><a style=\"background-color: #ffffff;\" href=\"https:\/\/kscup.fi\/?page_id=6\" data-type=\"page\" data-id=\"6\">S\u00e4\u00e4nn\u00f6t ja kartta kilpailualueesta 202<\/a>4<br \/>It\u00e4-P\u00e4ij\u00e4nteen Kalakaverit Ry<\/p><p>Yhteisty\u00f6kumppani:\u00a0<a style=\"font-family: var( --e-global-typography-text-font-family ), Sans-serif; background-color: #ffffff; font-size: 1rem;\" href=\"http:\/\/www.hartola.fi\" target=\"_blank\" rel=\"noopener\"><b>Hartolan kunta<br \/><\/b><\/a><span style=\"font-family: var( --e-global-typography-text-font-family ), Sans-serif; font-style: inherit; font-weight: inherit; color: var( --e-global-color-text );\">Juniori Cup:\u00a0<\/span><a style=\"font-family: var( --e-global-typography-text-font-family ), Sans-serif; background-color: #ffffff; font-size: 1rem;\" href=\"https:\/\/www.jennavaaput.fi\/\" target=\"_blank\" rel=\"noopener\"><b>Jenna Vaaput<\/b><\/a><\/p><\/td><td style=\"padding: 0.5em; border-top-width: 1px; border-left-width: 1px; border-color: initial;\"><h6><a href=\"https:\/\/kscup.fi\/wp-content\/uploads\/2024\/06\/1.hartola.pdf\">Tulokset 2024<\/a><br \/><a href=\"https:\/\/kscup.fi\/?page_id=621\" target=\"_blank\" rel=\"noopener\">Aiemmat tulokset<\/a><\/h6><\/td><\/tr><tr><td style=\"padding: 0.5em; border-top-width: 1px; border-left-width: 1px; border-color: initial;\"><h6><span style=\"font-weight: bold;\">Su 16.6.2024<br \/><\/span>Kilpailu klo 10 &#8211; 17<\/h6><\/td><td style=\"padding: 0.5em; border-top-width: 1px; border-left-width: 1px; border-color: initial;\"><h4><span style=\"font-weight: bold;\">2. Ursuit-uistelu<\/span><\/h4><p><b>Kuuhankavesi<\/b><br \/>Leirint\u00e4alue, Kirkkorannantie 41520 Hankasalmi<br \/><a style=\"background-color: #ffffff;\" href=\"https:\/\/kscup.fi\/?page_id=8\" data-type=\"page\" data-id=\"8\">S\u00e4\u00e4nn\u00f6t ja kartta kilpailualueesta 202<\/a>4<br \/>Hankasalmen kalamiehet Ry<\/p><h6>Yhteisty\u00f6kumppani:\u00a0<b style=\"font-family: var( --e-global-typography-text-font-family ), Sans-serif; background-color: #ffffff; font-size: 1rem;\"><a href=\"http:\/\/www.ursuit.com\">Ursuit<br \/><\/a><\/b><span style=\"font-style: inherit; font-weight: inherit; color: var( --e-global-color-text ); font-family: var( --e-global-typography-text-font-family ), Sans-serif;\">Juniori Cup:\u00a0<\/span><a style=\"font-family: var( --e-global-typography-text-font-family ), Sans-serif; background-color: #ffffff; font-size: 1rem;\" href=\"http:\/\/www.kilikero.com\" target=\"_blank\" rel=\"noopener\"><b>Kilikero<\/b><\/a><\/h6><\/td><td style=\"padding: 0.5em; border-top-width: 1px; border-left-width: 1px; border-color: initial;\"><h6><a href=\"https:\/\/kscup.fi\/wp-content\/uploads\/2024\/06\/2.hankasalmi.pdf\">Tulokset<\/a> <a href=\"https:\/\/kscup.fi\/wp-content\/uploads\/2024\/06\/2.hankasalmi.pdf\" target=\"_blank\" rel=\"noopener\">2024<\/a><br \/><a style=\"background-color: #ffffff;\" href=\"https:\/\/kscup.fi\/?page_id=621\" target=\"_blank\" rel=\"noopener\">Aiemmat tulokset<\/a><\/h6><\/td><\/tr><tr><td style=\"padding: 0.5em; border-top-width: 1px; border-left-width: 1px; border-color: initial;\"><h6><span style=\"font-weight: bold;\"><br \/><\/span><span style=\"font-weight: bold;\">La 13.7.2024<br \/><\/span>Kilpailu klo 11-18<\/h6><\/td><td style=\"padding: 0.5em; border-top-width: 1px; border-left-width: 1px; border-color: initial;\"><h4><b>3. Puula-uistelu<br \/><\/b><\/h4><p><b>Puula<\/b><br \/>Kangasniemen vierasvenesatama, Satamatie 18, Kangasniemi<br \/><a href=\"https:\/\/kscup.fi\/?page_id=431\">S\u00e4\u00e4nn\u00f6t ja kartta kilpailualueesta 202<\/a>4<br \/>Puulan uistelijat Ry<\/p><p><span style=\"font-family: var( --e-global-typography-text-font-family ), Sans-serif; font-style: inherit; font-weight: inherit; color: var( --e-global-color-text );\">Juniori Cup:\u00a0<\/span><a style=\"background-color: #ffffff; font-family: var( --e-global-typography-text-font-family ), Sans-serif; font-size: 1rem;\" href=\"https:\/\/www.jennavaaput.fi\/\" target=\"_blank\" rel=\"noopener\"><span style=\"font-weight: bold;\">Jenna Vaaput<\/span><\/a><\/p><\/td><td style=\"padding: 0.5em; border-top-width: 1px; border-left-width: 1px; border-color: initial;\"><h6><span style=\"color: #000000;\"><a href=\"https:\/\/kscup.fi\/wp-content\/uploads\/2024\/07\/3.kangasniemi.pdf\">Tulokset 2024<\/a><br \/><\/span><a style=\"background-color: #ffffff;\" href=\"https:\/\/kscup.fi\/?page_id=621\" target=\"_blank\" rel=\"noopener\">Aiemmat tulokset<\/a><\/h6><\/td><\/tr><tr><td style=\"padding: 0.5em; border-top-width: 1px; border-left-width: 1px; border-color: initial;\"><b>La 20.7.2024 <\/b><br \/><span style=\"color: #3a3a3a;\">Kilpailu\u00a0<\/span>klo 11-19<\/td><td style=\"padding: 0.5em; border-top-width: 1px; border-left-width: 1px; border-color: initial;\"><h4><span style=\"font-weight: bold;\">4. Mercury-Marine -uistelu<br \/><\/span><\/h4><h6><b>P\u00e4ij\u00e4nne<\/b><br \/>Korpilahden satama,\u00a0Korpilahdentie 8, Korpilahti<br \/><a href=\"https:\/\/kscup.fi\/?page_id=685\" target=\"_blank\" rel=\"noopener\">S\u00e4\u00e4nn\u00f6t ja kartta kilpailualueesta 2024<\/a><br \/>Jyv\u00e4sseudun uistelijat Ry<\/h6><h6><a style=\"transition-property: border, background, color; transition-duration: 0.05s; transition-timing-function: ease-in-out; outline: 0px; box-sizing: inherit; direction: ltr; word-break: break-word; font-family: -apple-system, BlinkMacSystemFont, 'Segoe UI', Roboto, Oxygen-Sans, Ubuntu, Cantarell, 'Helvetica Neue', sans-serif; font-size: 13px; background-color: #ffffff;\" href=\"https:\/\/kscup.fi\/?page_id=685\" target=\"_blank\" rel=\"external noreferrer noopener\"><span style=\"box-sizing: inherit; border: 0px; clip: rect(1px, 1px, 1px, 1px); clip-path: inset(50%); height: 1px; margin: -1px; overflow: hidden; padding: 0px; position: absolute; width: 1px; overflow-wrap: normal;\" data-wp-c16t=\"true\" data-wp-component=\"VisuallyHidden\">(avaa uuden v\u00e4lilehden)<\/span><\/a><\/h6><p>\u00a0<\/p><p>Yhteisty\u00f6kumppani:\u00a0<a href=\"http:\/\/www.marine.fi\" target=\"_blank\" rel=\"noopener\"><b>Marine\u00a0Oy<\/b><\/a><b><span style=\"font-family: var( --e-global-typography-text-font-family ), Sans-serif; background-color: #ffffff; font-size: 1rem;\">\u00a0ja\u00a0<\/span><a href=\"https:\/\/www.mercurymarine.com\/fi\/\" target=\"_blank\" rel=\"noopener\">Mercury<\/a><\/b><b style=\"font-family: var( --e-global-typography-text-font-family ), Sans-serif; background-color: #ffffff; font-size: 1rem;\"><a href=\"http:\/\/www.marine.fi\" target=\"_blank\" rel=\"noopener\"><br \/><\/a><\/b><span style=\"color: var( --e-global-color-text ); font-family: var( --e-global-typography-text-font-family ), Sans-serif; font-style: inherit; font-weight: inherit;\">Juniori Cup: <\/span><span style=\"color: var( --e-global-color-text ); font-family: var( --e-global-typography-text-font-family ), Sans-serif; font-style: inherit;\"><b>Hiiht\u00e4j\u00e4poika<\/b><\/span><\/p><\/td><td style=\"padding: 0.5em; border-top-width: 1px; border-left-width: 1px; border-color: initial;\"><a href=\"https:\/\/kscup.fi\/wp-content\/uploads\/2024\/07\/4.korpilahti.pdf\">Tulokset 2024<\/a><br \/><span style=\"background-color: #ffffff;\"><a href=\"https:\/\/sites.google.com\/site\/paeijaennecup2010\/etusivu\">Aiemmat tulokset<\/a><\/span><\/td><\/tr><tr><td style=\"padding: 0.5em; border-top-width: 1px; border-left-width: 1px; border-color: initial;\"><h5 style=\"font-style: normal;\"><span style=\"font-weight: bold; color: #000000; font-size: 15px;\">La 10.8.2024<\/span><br style=\"color: #000000; font-size: 15px;\" \/><span style=\"font-size: 15px;\">Kilpailu\u00a0<\/span><span style=\"color: #000000; font-size: 15px;\">klo 11-18<\/span><\/h5><\/td><td style=\"padding: 0.5em; border-top-width: 1px; border-left-width: 1px; border-color: initial;\"><h4><b>5. P\u00e4ij\u00e4tmoto-Suzuki-uistelu<\/b><\/h4><p><b>P\u00e4ij\u00e4nne<br \/><\/b><span style=\"font-style: inherit; font-weight: inherit; font-family: var( --e-global-typography-text-font-family ), Sans-serif;\">Korpilahden satama,\u00a0Korpilahdentie 8, Korpilahti<br \/><\/span><a href=\"https:\/\/kscup.fi\/?page_id=768\" target=\"_blank\" rel=\"noopener\">S\u00e4\u00e4nn\u00f6t ja kartta kilpailualueesta 2024<br \/><\/a>Jyv\u00e4sseudun uistelijat Ry<\/p><p>\u00a0<\/p><p><span style=\"color: #3a3a3a;\">Yhteisty\u00f6kumppani:\u00a0<\/span><b><a href=\"http:\/\/www.paijatmoto.fi\">P\u00e4ij\u00e4tmoto<\/a><span style=\"color: #3a3a3a;\"><a href=\"http:\/\/www.paijatmoto.fi\">\u00a0<\/a>ja\u00a0<\/span><a style=\"font-family: var( --e-global-typography-text-font-family ), Sans-serif; background-color: #ffffff; font-size: 1rem;\" href=\"https:\/\/www.suzukifinland.fi\/marine\/\" target=\"_blank\" rel=\"noopener\">Suzuki<br \/><\/a><\/b>Juniori Cup:\u00a0<a style=\"font-size: 1rem; font-style: inherit; font-weight: inherit; font-family: var( --e-global-typography-text-font-family ), Sans-serif; background-color: #ffffff;\" href=\"http:\/\/www.kilikero.com\/\" target=\"_blank\" rel=\"noopener\"><span style=\"font-weight: bold;\">Kilikero<\/span><\/a><\/p><\/td><td style=\"padding: 0.5em; border-top-width: 1px; border-left-width: 1px; border-color: initial;\"><a href=\"https:\/\/kscup.fi\/wp-content\/uploads\/2024\/08\/5.korpilahti.pdf\">Tulokset 2024<\/a><br \/><span style=\"background-color: #ffffff;\"><a href=\"https:\/\/sites.google.com\/site\/paeijaennecup2010\/etusivu\">Aiemmat tulokset<\/a><\/span><\/td><\/tr><tr><td style=\"padding: 0.5em; border-top-width: 1px; border-left-width: 1px; border-color: initial;\"><b>La 24.8.2024 <\/b><br \/><span style=\"color: #3a3a3a;\">Kilpailu\u00a0<\/span>klo 10-17<\/td><td style=\"padding: 0.5em; border-top-width: 1px; border-left-width: 1px; border-color: initial;\"><h4><b>6. Kuljetus Villman-uistelu<\/b><\/h4><p><b>Keitele<br \/><\/b>Viitasaaren ABC:n ranta, Viitasaari<br \/><a href=\"https:\/\/kscup.fi\/?page_id=896\" target=\"_blank\" rel=\"noopener\">S\u00e4\u00e4nn\u00f6t ja kartta kilpailualueesta 2024<\/a><a href=\"https:\/\/kscup.fi\/?page_id=687\"><br \/><\/a>Viitasaaren Kalakaverit Ry<\/p><p>Yhteisty\u00f6kumppani:\u00a0<a style=\"font-family: var( --e-global-typography-text-font-family ), Sans-serif; background-color: #ffffff; font-size: 1rem;\" href=\"https:\/\/kuljetusvillman.fi\/\" target=\"_blank\" rel=\"noopener\"><b>Kuljetus Villman Oy<br \/><\/b><\/a><span style=\"font-family: var( --e-global-typography-text-font-family ), Sans-serif; font-style: inherit; font-weight: inherit; color: var( --e-global-color-text );\">Juniori Cup:\u00a0<\/span><a style=\"font-family: var( --e-global-typography-text-font-family ), Sans-serif; background-color: #ffffff; font-size: 1rem;\" href=\"https:\/\/www.kivikangas.fi\/\" target=\"_blank\" rel=\"noopener\"><b>Kivikangas<\/b><\/a><\/p><\/td><td style=\"padding: 0.5em; border-top-width: 1px; border-left-width: 1px; border-color: initial;\"><a href=\"https:\/\/kscup.fi\/wp-content\/uploads\/2024\/08\/6.viitasaari.pdf\">Tulokset 2024<\/a><br \/><span style=\"background-color: #ffffff;\"><a href=\"https:\/\/sites.google.com\/site\/paeijaennecup2010\/etusivu\">Aiemmat tulokset<\/a><\/span><\/td><\/tr><tr><td style=\"padding: 0.5em; border-top-width: 1px; border-left-width: 1px; border-color: initial;\"><b>La 28.9.2024\u00a0<\/b><br \/><span style=\"color: #3a3a3a;\">Kilpailu\u00a0<\/span>klo 10-17<\/td><td style=\"padding: 0.5em; border-top-width: 1px; border-left-width: 1px; border-color: initial;\"><h4><b>9. R-Skid<\/b><span style=\"font-weight: bold;\">-uistelu<br \/><\/span><\/h4><h6><b>Keitele<br \/><\/b><span style=\"background-color: #ffffff;\"><a href=\"https:\/\/kscup.fi\/?page_id=907\">S\u00e4\u00e4nn\u00f6t ja kartta kilpailualueesta 2024<br \/><\/a><\/span>Konginkankaan satama, Konginkangas, \u00c4\u00e4nekoski<br \/>\u00c4\u00e4nekosken T\u00e4rppi Ry<\/h6><h6><span style=\"color: #3a3a3a;\">Yhteisty\u00f6kumppani:\u00a0<\/span><a style=\"font-family: var( --e-global-typography-text-font-family ), Sans-serif; background-color: #ffffff; font-size: 1rem;\" href=\"https:\/\/r-skid.fi\/\" target=\"_blank\" rel=\"noopener\"><b>R-Skid<br \/><\/b><\/a><span style=\"font-family: var( --e-global-typography-text-font-family ), Sans-serif; font-style: inherit; font-weight: inherit; color: var( --e-global-color-text );\">Juniori Cup:\u00a0<\/span><a style=\"font-family: var( --e-global-typography-text-font-family ), Sans-serif; background-color: #ffffff; font-size: 1rem;\" href=\"https:\/\/www.kivikangas.fi\/\" target=\"_blank\" rel=\"noopener\"><b>Kivikangas<\/b><\/a><\/h6><\/td><td style=\"padding: 0.5em; border-top-width: 1px; border-left-width: 1px; border-color: initial;\"><a href=\"https:\/\/kscup.fi\/wp-content\/uploads\/2024\/09\/7.konginkangas.pdf\">Tulokset 2024<\/a><br \/><span style=\"background-color: #ffffff;\"><a href=\"https:\/\/sites.google.com\/site\/paeijaennecup2010\/etusivu\">Aiemmat tulokset<\/a><\/span><\/td><\/tr><tr><td style=\"padding: 0.5em; border-top-width: 1px; border-left-width: 1px; border-color: initial;\"><p><b>La 7.9.2024<br \/><\/b><span style=\"color: #3a3a3a;\">Kilpailu\u00a0<\/span>klo 10-17<\/p><\/td><td style=\"padding: 0.5em; border-top-width: 1px; border-left-width: 1px; border-color: initial;\"><h4><b>7. Alutroll-Tohatsu <\/b><span style=\"font-weight: bold;\">-uistelu<\/span><\/h4><p>\u00a0<\/p><p><b>Muuratj\u00e4rvi<br \/><\/b>Klubiranta, Muurame<br \/><a href=\"https:\/\/kscup.fi\/?page_id=789\" target=\"_blank\" rel=\"noopener\">S\u00e4\u00e4nn\u00f6t ja kartta kilpailualueesta 2024\u00a0<br \/><\/a>Jyv\u00e4sseudun uistelijat Ry<\/p><p><span style=\"color: #3a3a3a;\">Yhteisty\u00f6kumppani:\u00a0<\/span><b><a href=\"http:\/\/www.alutroll.fi\" target=\"_blank\" rel=\"noopener\">Alutroll\u00a0<\/a><span style=\"color: #3a3a3a;\">ja\u00a0<\/span><a style=\"font-family: var( --e-global-typography-text-font-family ), Sans-serif; background-color: #ffffff; font-size: 1rem;\" href=\"http:\/\/www.tohatsu.fi\" target=\"_blank\" rel=\"noopener\">Tohatsu<br \/><\/a><\/b><span style=\"font-family: var( --e-global-typography-text-font-family ), Sans-serif; font-style: inherit; font-weight: inherit; color: var( --e-global-color-text );\">Juniori Cup:\u00a0<\/span><a style=\"background-color: #ffffff; font-family: var( --e-global-typography-text-font-family ), Sans-serif; font-size: 1rem;\" href=\"https:\/\/www.surnui.fi\/\" target=\"_blank\" rel=\"noopener\"><span style=\"font-weight: bold;\">Surnui<\/span><\/a><\/p><\/td><td style=\"padding: 0.5em; border-top-width: 1px; border-left-width: 1px; border-color: initial;\"><a href=\"https:\/\/kscup.fi\/wp-content\/uploads\/2024\/09\/8.muurame.pdf\"><span style=\"color: #3a3a3a;\">Tulokset 2024<\/span><\/a><br style=\"color: #3a3a3a;\" \/><a style=\"background-color: #ffffff;\" href=\"https:\/\/kscup.fi\/?page_id=621\" target=\"_blank\" rel=\"noopener\">Aiemmat tulokset<\/a><\/td><\/tr><tr><td style=\"padding: 0.5em; border-top-width: 1px; border-left-width: 1px; border-color: initial;\"><span style=\"font-weight: bold;\">La 21.9.2024<\/span><br \/>Kilpailu klo 10-17<\/td><td style=\"padding: 0.5em; border-top-width: 1px; border-left-width: 1px; border-color: initial;\"><h4><span style=\"font-weight: bold;\">8. Humminbird-uistelu<br \/><\/span><\/h4><p><b>P\u00e4ij\u00e4nne<br \/><\/b>S\u00e4yn\u00e4tsalon venesatama, Jyv\u00e4skyl\u00e4<br \/><a href=\"https:\/\/kscup.fi\/?page_id=996\" target=\"_blank\" rel=\"noopener\">S\u00e4\u00e4nn\u00f6t ja kartta kilpailualueesta 2024\u00a0<\/a><br \/><span style=\"color: #3a3a3a;\">Jyv\u00e4sseudun uistelijat Ry<\/span><\/p><h6><span style=\"color: #3a3a3a;\">Yhteisty\u00f6kumppani:\u00a0<\/span><b><a href=\"https:\/\/humminbird.johnsonoutdoors.com\/us\" target=\"_blank\" rel=\"noopener\">Humminbird<\/a><span style=\"color: #3a3a3a;\">\u00a0ja\u00a0<\/span><a style=\"font-family: var( --e-global-typography-text-font-family ), Sans-serif; background-color: #ffffff; font-size: 1rem;\" href=\"https:\/\/www.comstedt.se\/fi\/\" target=\"_blank\" rel=\"noopener\">Comstedt Finland<br \/><\/a><\/b><span style=\"font-family: var( --e-global-typography-text-font-family ), Sans-serif; font-style: inherit; font-weight: inherit; color: var( --e-global-color-text );\">Juniori Cup:\u00a0<\/span><a style=\"font-family: var( --e-global-typography-text-font-family ), Sans-serif; background-color: #ffffff; font-size: 1rem;\" href=\"https:\/\/www.rapala.fi\/\" target=\"_blank\" rel=\"noopener\"><b>Rapala<\/b><\/a><\/h6><\/td><td style=\"padding: 0.5em; border-top-width: 1px; border-left-width: 1px; border-color: initial;\"><a href=\"https:\/\/kscup.fi\/wp-content\/uploads\/2024\/09\/9.saynatsalo.pdf\">Tulokset 2024<\/a><br \/><a href=\"https:\/\/sites.google.com\/site\/paeijaennecup2010\/etusivu\">Aiemmat tulokset<\/a><\/td><\/tr><tr><td style=\"padding: 0.5em; border-top-width: 1px; border-left-width: 1px; border-color: initial;\"><span style=\"font-weight: bold;\">La 5.10.2023<\/span><br \/>Kilpailu klo 10-17<\/td><td style=\"padding: 0.5em; border-top-width: 1px; border-left-width: 1px; border-color: initial;\"><h4><span style=\"font-weight: bold;\">10. Boweco-uistelu<\/span><\/h4><h6><b>Pyh\u00e4j\u00e4rvi<br \/><\/b>Iisniementie 241, 43100 Saarij\u00e4rvi<br \/><a style=\"background-color: #ffffff; color: #3a3a3a; outline: 0px;\" href=\"https:\/\/kscup.fi\/?page_id=12\">S\u00e4\u00e4nn\u00f6t ja kartta kilpailualueesta 2024<br \/><\/a>Kuhak\u00f6p\u00f6t Ry<\/h6><p>Yhteisty\u00f6kumppani:\u00a0<a href=\"http:\/\/www.boweco.fi\" target=\"_blank\" rel=\"noopener\"><b>Boweco<br \/><\/b><\/a><span style=\"color: var( --e-global-color-text ); font-family: var( --e-global-typography-text-font-family ), Sans-serif; font-style: inherit; font-weight: inherit;\">Juniori Cup:\u00a0<\/span><a style=\"font-family: var( --e-global-typography-text-font-family ), Sans-serif; background-color: #ffffff; font-size: 1rem;\" href=\"https:\/\/luulahdenlukko.fi\/\" target=\"_blank\" rel=\"noopener\"><b>Luulahden Lukko -vaaput<\/b><\/a><\/p><\/td><td style=\"padding: 0.5em; border-top-width: 1px; border-left-width: 1px; border-color: initial;\"><a href=\"https:\/\/kscup.fi\/wp-content\/uploads\/2024\/10\/10.saarijarvi.pdf\"><span style=\"color: #3a3a3a;\">Tulokset 2024<\/span><\/a><br style=\"color: #3a3a3a;\" \/><a style=\"background-color: #ffffff;\" href=\"https:\/\/kscup.fi\/?page_id=621\" target=\"_blank\" rel=\"noopener\">Aiemmat tulokset<\/a><\/td><\/tr><\/tbody><\/table><p><strong>\u00a0<\/strong><\/p><p style=\"text-align: center;\"><a style=\"background-color: #ffffff;\" href=\"http:\/\/kscup.fi\/?page_id=621\" target=\"_blank\" rel=\"noopener\">Keski-Suomi Cup 2023<\/a>\u00a0&#8211;\u00a0<a style=\"background-color: #ffffff; font-family: var( --e-global-typography-text-font-family ), Sans-serif; font-size: 1rem; font-style: inherit; font-weight: inherit;\" href=\"http:\/\/kscup.fi\/?page_id=621\" target=\"_blank\" rel=\"noopener\"><span style=\"font-weight: bold;\">T\u00e4st\u00e4<\/span><\/a><span style=\"color: var( --e-global-color-text ); font-family: var( --e-global-typography-text-font-family ), Sans-serif; font-style: inherit; font-weight: inherit;\">\u00a0p\u00e4\u00e4set vuoden 2023 Keski-Suomi Cupin kisoihin ja tuloksiin.\u00a0<\/span><\/p><p><!-- \/wp:table --><\/p><p><!-- wp:paragraph --><\/p><p><!-- \/wp:paragraph --><\/p>\t\t\t\t\t\t<\/div>\n\t\t\t\t<\/div>\n\t\t\t\t\t<\/div>\n\t\t<\/div>\n\t\t\t\t\t\t\t<\/div>\n\t\t<\/section>\n\t\t\t\t\t\t<\/div>\n\t\t\t\t\t<\/div>\n\t\t","protected":false},"excerpt":{"rendered":"<p>Keski-Suomi Cup 2024 Su 2.6.2024Kilpailu klo 10-1710 -kalan kilpailu 1. Hartola-uistelu J\u00e4\u00e4sj\u00e4rviVisan veneranta, Huvikummuntie 17 19600 HartolaS\u00e4\u00e4nn\u00f6t ja kartta kilpailualueesta 2024It\u00e4-P\u00e4ij\u00e4nteen Kalakaverit Ry Yhteisty\u00f6kumppani:\u00a0Hartolan kuntaJuniori Cup:\u00a0Jenna Vaaput Tulokset 2024Aiemmat tulokset Su 16.6.2024Kilpailu klo 10 &#8211; 17 2. Ursuit-uistelu KuuhankavesiLeirint\u00e4alue, Kirkkorannantie 41520 HankasalmiS\u00e4\u00e4nn\u00f6t ja kartta kilpailualueesta 2024Hankasalmen kalamiehet Ry Yhteisty\u00f6kumppani:\u00a0UrsuitJuniori Cup:\u00a0Kilikero Tulokset 2024Aiemmat tulokset La 13.7.2024Kilpailu &hellip;<\/p>\n<p class=\"read-more\"> <a class=\"\" href=\"https:\/\/kscup.fi\/?page_id=1120\"> <span class=\"screen-reader-text\">KSCUP2024<\/span> Lue lis\u00e4\u00e4 &raquo;<\/a><\/p>\n","protected":false},"author":2,"featured_media":0,"parent":0,"menu_order":0,"comment_status":"closed","ping_status":"closed","template":"","meta":{"footnotes":""},"class_list":["post-1120","page","type-page","status-publish","hentry"],"_links":{"self":[{"href":"https:\/\/kscup.fi\/index.php?rest_route=\/wp\/v2\/pages\/1120","targetHints":{"allow":["GET"]}}],"collection":[{"href":"https:\/\/kscup.fi\/index.php?rest_route=\/wp\/v2\/pages"}],"about":[{"href":"https:\/\/kscup.fi\/index.php?rest_route=\/wp\/v2\/types\/page"}],"author":[{"embeddable":true,"href":"https:\/\/kscup.fi\/index.php?rest_route=\/wp\/v2\/users\/2"}],"replies":[{"embeddable":true,"href":"https:\/\/kscup.fi\/index.php?rest_route=%2Fwp%2Fv2%2Fcomments&post=1120"}],"version-history":[{"count":9,"href":"https:\/\/kscup.fi\/index.php?rest_route=\/wp\/v2\/pages\/1120\/revisions"}],"predecessor-version":[{"id":1130,"href":"https:\/\/kscup.fi\/index.php?rest_route=\/wp\/v2\/pages\/1120\/revisions\/1130"}],"wp:attachment":[{"href":"https:\/\/kscup.fi\/index.php?rest_route=%2Fwp%2Fv2%2Fmedia&parent=1120"}],"curies":[{"name":"wp","href":"https:\/\/api.w.org\/{rel}","templated":true}]}}