{"id":1196,"date":"2025-05-29T19:14:43","date_gmt":"2025-05-29T17:14:43","guid":{"rendered":"https:\/\/kscup.fi\/?page_id=1196"},"modified":"2026-05-14T22:33:25","modified_gmt":"2026-05-14T20:33:25","slug":"elementor-1196","status":"publish","type":"page","link":"https:\/\/kscup.fi\/?page_id=1196","title":{"rendered":"7. Humminbird-uistelu 22.8.2026"},"content":{"rendered":"\t\t<div data-elementor-type=\"wp-page\" data-elementor-id=\"1196\" class=\"elementor elementor-1196\" data-elementor-settings=\"[]\">\n\t\t\t\t\t\t\t<div class=\"elementor-section-wrap\">\n\t\t\t\t\t\t\t<section class=\"elementor-section elementor-top-section elementor-element elementor-element-dd0639b elementor-section-boxed elementor-section-height-default elementor-section-height-default\" data-id=\"dd0639b\" data-element_type=\"section\">\n\t\t\t\t\t\t<div class=\"elementor-container elementor-column-gap-default\">\n\t\t\t\t\t<div class=\"elementor-column elementor-col-100 elementor-top-column elementor-element elementor-element-9472537\" data-id=\"9472537\" data-element_type=\"column\">\n\t\t\t<div class=\"elementor-widget-wrap elementor-element-populated\">\n\t\t\t\t\t\t\t\t<div class=\"elementor-element elementor-element-a4b2a7d elementor-widget elementor-widget-text-editor\" data-id=\"a4b2a7d\" data-element_type=\"widget\" data-widget_type=\"text-editor.default\">\n\t\t\t\t<div class=\"elementor-widget-container\">\n\t\t\t\t\t\t\t<h1 style=\"font-size: 2.66667rem; font-style: normal;\"><span style=\"font-weight: bold;\">3. OSAKILPAILU<\/span><\/h1><h1 style=\"font-size: 2.66667rem; font-style: normal; text-align: center;\"><span style=\"font-weight: bold;\">Humminbird -uistelu<\/span><\/h1><p style=\"font-size: 15px; font-style: normal; font-weight: 400; text-align: center;\"><span style=\"font-weight: bold;\">LA<\/span><span style=\"font-weight: bold;\">\u00a026<\/span><span style=\"font-weight: bold;\">.7.2025<\/span><span style=\"font-weight: bold;\">\u00a0klo 11.00-19.00\u00a0<\/span><\/p><p style=\"font-size: 15px; font-style: normal; font-weight: 400; text-align: center;\"><span style=\"font-weight: bold;\">\u00a0Venesatama, Korpilahti<\/span><span style=\"font-weight: bold;\">, Jyv\u00e4skyl\u00e4 (<\/span>Korpilahdentie 8, Korpilahti)<\/p><p style=\"font-size: 15px; font-style: normal; font-weight: 400; text-align: center;\"><span style=\"color: #ff0000;\"><span style=\"font-weight: bold;\">SUURIMMAN KUHAN SAAJALLE\u00a0 50%\u00a0 OSALLISTUMISMAKSUISTA<\/span><\/span><\/p><p style=\"font-size: 15px; font-style: normal; font-weight: 400; text-align: center;\"><span style=\"color: #ff0000;\"><span style=\"color: #000000;\">Kuha 45 cm x 3<\/span><br \/><\/span><\/p><p style=\"font-size: 15px; font-style: normal; font-weight: 400; text-align: center;\">Ahven 25cm x 3<\/p><p style=\"font-size: 15px; font-style: normal; font-weight: 400; text-align: center;\">Hauki 60cm x 1<\/p><p dir=\"ltr\" style=\"font-size: 15px; font-style: normal; font-weight: 400; text-align: center;\">J\u00e4rvilohi ja J\u00e4rvitaimen 61 cm x 10 (EV\u00c4LEIKATTU)<\/p><p style=\"font-size: 15px; font-style: normal; font-weight: 400; text-align: center;\"><span style=\"font-weight: bold;\">Kartat:<\/span><\/p><p style=\"font-size: 15px; font-style: normal; font-weight: 400; text-align: center;\"><span style=\"font-weight: bold;\">\u00a0<\/span><a style=\"transition-property: all;\" href=\"https:\/\/docs.google.com\/document\/d\/1En6hVN4Wzlvzr6HQMVA7THf3QInpzH5pWS2dbrhOxdg\/edit?usp=sharing\" target=\"_blank\" rel=\"noreferrer noopener\"><span style=\"font-weight: bold;\">~ kilpailualue pohjoinen ~<\/span><\/a><\/p><p style=\"font-size: 15px; font-style: normal; font-weight: 400; text-align: center;\"><a style=\"transition-property: all;\" href=\"https:\/\/drive.google.com\/file\/d\/1qNdu7y_M6hTqpNt3GNf63gJduB7S5bVX\/view?usp=sharing\" target=\"_blank\" rel=\"noreferrer noopener\"><span style=\"font-weight: bold;\">~ kilpailualue etel\u00e4inen ~<\/span><\/a><\/p><p style=\"font-size: 15px; font-style: normal; font-weight: 400; text-align: center;\">ALUE SAMA KUIN VETOUISTELUN SM2016 -KILPAILUISSA (MOLEMMAT ALUEET MUKANA)<\/p><p style=\"font-size: 15px; font-style: normal; font-weight: 400; text-align: center;\"><span style=\"font-weight: bold;\">Juniori-Cup:\u00a0<\/span>Hiiht\u00e4j\u00e4poika<\/p><p style=\"font-size: 15px; font-style: normal; font-weight: 400; text-align: center;\">Kilpailukeskus: Korpilahdentie 8, Korpilahti<\/p><p style=\"font-size: 15px; font-style: normal; font-weight: 400; text-align: center;\"><a style=\"transition-property: all;\" href=\"http:\/\/goo.gl\/maps\/OEhhA\" target=\"_blank\" rel=\"noreferrer noopener\"><span style=\"font-weight: bold;\">Ajo-ohje (kilpailukeskus)<\/span><\/a><\/p><p style=\"font-size: 15px; font-style: normal; font-weight: 400; text-align: center;\"><span style=\"font-weight: bold;\">Ari Harlamow 050 588 2233 &#8211; Mika Lamminm\u00e4ki, 0405379536 &#8211; Toni Lamminm\u00e4ki 040 724 2885<\/span><\/p><p>\u00a0<\/p><p style=\"font-size: 15px; font-style: normal; font-weight: 400;\"><a style=\"transition-property: all;\" href=\"https:\/\/kscup.fi\/www.jyvasseudunuistelijat.fi\"><img loading=\"lazy\" decoding=\"async\" class=\"aligncenter\" src=\"https:\/\/kscup.fi\/wp-content\/uploads\/2024\/06\/1xB-F42YvfmuB9A16emSFP-FR63sAz8tT.gif\" alt=\"\" width=\"100\" height=\"95\" \/><\/a><\/p>\t\t\t\t\t\t<\/div>\n\t\t\t\t<\/div>\n\t\t\t\t\t<\/div>\n\t\t<\/div>\n\t\t\t\t\t\t\t<\/div>\n\t\t<\/section>\n\t\t\t\t\t\t<\/div>\n\t\t\t\t\t<\/div>\n\t\t","protected":false},"excerpt":{"rendered":"<p>3. OSAKILPAILU Humminbird -uistelu LA\u00a026.7.2025\u00a0klo 11.00-19.00\u00a0 \u00a0Venesatama, Korpilahti, Jyv\u00e4skyl\u00e4 (Korpilahdentie 8, Korpilahti) SUURIMMAN KUHAN SAAJALLE\u00a0 50%\u00a0 OSALLISTUMISMAKSUISTA Kuha 45 cm x 3 Ahven 25cm x 3 Hauki 60cm x 1 J\u00e4rvilohi ja J\u00e4rvitaimen 61 cm x 10 (EV\u00c4LEIKATTU) Kartat: \u00a0~ kilpailualue pohjoinen ~ ~ kilpailualue etel\u00e4inen ~ ALUE SAMA KUIN VETOUISTELUN SM2016 -KILPAILUISSA (MOLEMMAT ALUEET &hellip;<\/p>\n<p class=\"read-more\"> <a class=\"\" href=\"https:\/\/kscup.fi\/?page_id=1196\"> <span class=\"screen-reader-text\">7. Humminbird-uistelu 22.8.2026<\/span> Lue lis\u00e4\u00e4 &raquo;<\/a><\/p>\n","protected":false},"author":2,"featured_media":0,"parent":0,"menu_order":0,"comment_status":"closed","ping_status":"closed","template":"","meta":{"footnotes":""},"class_list":["post-1196","page","type-page","status-publish","hentry"],"_links":{"self":[{"href":"https:\/\/kscup.fi\/index.php?rest_route=\/wp\/v2\/pages\/1196","targetHints":{"allow":["GET"]}}],"collection":[{"href":"https:\/\/kscup.fi\/index.php?rest_route=\/wp\/v2\/pages"}],"about":[{"href":"https:\/\/kscup.fi\/index.php?rest_route=\/wp\/v2\/types\/page"}],"author":[{"embeddable":true,"href":"https:\/\/kscup.fi\/index.php?rest_route=\/wp\/v2\/users\/2"}],"replies":[{"embeddable":true,"href":"https:\/\/kscup.fi\/index.php?rest_route=%2Fwp%2Fv2%2Fcomments&post=1196"}],"version-history":[{"count":6,"href":"https:\/\/kscup.fi\/index.php?rest_route=\/wp\/v2\/pages\/1196\/revisions"}],"predecessor-version":[{"id":1592,"href":"https:\/\/kscup.fi\/index.php?rest_route=\/wp\/v2\/pages\/1196\/revisions\/1592"}],"wp:attachment":[{"href":"https:\/\/kscup.fi\/index.php?rest_route=%2Fwp%2Fv2%2Fmedia&parent=1196"}],"curies":[{"name":"wp","href":"https:\/\/api.w.org\/{rel}","templated":true}]}}