{"id":144,"date":"2021-09-01T11:42:28","date_gmt":"2021-09-01T09:42:28","guid":{"rendered":"https:\/\/kscup.fi\/?page_id=144"},"modified":"2021-09-07T07:46:20","modified_gmt":"2021-09-07T05:46:20","slug":"tulokset-muuratjarvi-uistelu-6-9-2021","status":"publish","type":"page","link":"https:\/\/kscup.fi\/?page_id=144","title":{"rendered":"Tulokset Muuratj\u00e4rvi uistelu 6.9.2021"},"content":{"rendered":"\n<figure class=\"wp-block-table\"><table><tbody><tr><td>Sijoitus<\/td><td>NRO<\/td><td>Kippari<\/td><td>Seura<\/td><td>kpl<\/td><td>Kuha(3)<\/td><td>kpl<\/td><td>Ahven(1)<\/td><td>kpl<\/td><td>Hauki&gt;5kg(1)<\/td><td>kpl<\/td><td>Hauki(1)<\/td><td>kpl<\/td><td>Muu kala(1)<\/td><td>Yht.<\/td><\/tr><tr><td>1<\/td><td>16<\/td><td>Pentti Roikonen<\/td><td>Kuha k\u00f6p\u00f6t<\/td><td>0<\/td><td>0<\/td><td>0<\/td><td>0<\/td><td>0<\/td><td>0<\/td><td>20<\/td><td>36208<\/td><td>0<\/td><td>0<\/td><td>36208<\/td><\/tr><tr><td>2<\/td><td>41<\/td><td>Mika Virnes<\/td><td>0<\/td><td>1<\/td><td>3507<\/td><td>2<\/td><td>873<\/td><td>0<\/td><td>0<\/td><td>15<\/td><td>25436<\/td><td>0<\/td><td>0<\/td><td>29816<\/td><\/tr><tr><td>3<\/td><td>33<\/td><td>Sami Berg<\/td><td>HKM<\/td><td>0<\/td><td>0<\/td><td>0<\/td><td>0<\/td><td>0<\/td><td>0<\/td><td>17<\/td><td>28070<\/td><td>0<\/td><td>0<\/td><td>28070<\/td><\/tr><tr><td>4<\/td><td>86<\/td><td>Ilari Tourunen<\/td><td>0<\/td><td>1<\/td><td>2703<\/td><td>0<\/td><td>0<\/td><td>0<\/td><td>0<\/td><td>11<\/td><td>20027<\/td><td>0<\/td><td>0<\/td><td>22730<\/td><\/tr><tr><td>5<\/td><td>30<\/td><td>Toni Lamminm\u00e4ki<\/td><td>JSU<\/td><td>0<\/td><td>0<\/td><td>0<\/td><td>0<\/td><td>0<\/td><td>0<\/td><td>14<\/td><td>20298<\/td><td>0<\/td><td>0<\/td><td>20298<\/td><\/tr><tr><td>6<\/td><td>94<\/td><td>Rami Renko<\/td><td>0<\/td><td>0<\/td><td>0<\/td><td>0<\/td><td>0<\/td><td>0<\/td><td>0<\/td><td>14<\/td><td>19951<\/td><td>0<\/td><td>0<\/td><td>19951<\/td><\/tr><tr><td>7<\/td><td>85<\/td><td>Jari Airikainen<\/td><td>JSU<\/td><td>0<\/td><td>0<\/td><td>0<\/td><td>0<\/td><td>0<\/td><td>0<\/td><td>9<\/td><td>18987<\/td><td>0<\/td><td>0<\/td><td>18987<\/td><\/tr><tr><td>8<\/td><td>10<\/td><td>Atte Antila<\/td><td>Tyhj\u00e4npyyt\u00e4j\u00e4t<\/td><td>0<\/td><td>0<\/td><td>0<\/td><td>0<\/td><td>0<\/td><td>0<\/td><td>9<\/td><td>18854<\/td><td>0<\/td><td>0<\/td><td>18854<\/td><\/tr><tr><td>9<\/td><td>88<\/td><td>Samuli K\u00e4h\u00f6nen<\/td><td>0<\/td><td>0<\/td><td>0<\/td><td>0<\/td><td>0<\/td><td>0<\/td><td>0<\/td><td>7<\/td><td>17739<\/td><td>0<\/td><td>0<\/td><td>17739<\/td><\/tr><tr><td>10<\/td><td>38<\/td><td>Mikko S\u00e4rkk\u00e4<\/td><td>Tyhj\u00e4npyyt\u00e4j\u00e4t<\/td><td>0<\/td><td>0<\/td><td>0<\/td><td>0<\/td><td>0<\/td><td>0<\/td><td>10<\/td><td>17456<\/td><td>0<\/td><td>0<\/td><td>17456<\/td><\/tr><tr><td>11<\/td><td>11<\/td><td>Sami Tuominen<\/td><td>Kuha k\u00f6p\u00f6t<\/td><td>0<\/td><td>0<\/td><td>0<\/td><td>0<\/td><td>0<\/td><td>0<\/td><td>10<\/td><td>17376<\/td><td>0<\/td><td>0<\/td><td>17376<\/td><\/tr><tr><td>12<\/td><td>93<\/td><td>Pekka Hein\u00e4nen<\/td><td>0<\/td><td>1<\/td><td>3894<\/td><td>0<\/td><td>0<\/td><td>0<\/td><td>0<\/td><td>9<\/td><td>11803<\/td><td>0<\/td><td>0<\/td><td>15697<\/td><\/tr><tr><td>13<\/td><td>17<\/td><td>Toni Harju<\/td><td>ASUK<\/td><td>0<\/td><td>0<\/td><td>1<\/td><td>246<\/td><td>0<\/td><td>0<\/td><td>8<\/td><td>14518<\/td><td>0<\/td><td>0<\/td><td>14764<\/td><\/tr><tr><td>14<\/td><td>40<\/td><td>Pasi Lepp\u00e4l\u00e4<\/td><td>JSU<\/td><td>0<\/td><td>0<\/td><td>0<\/td><td>0<\/td><td>0<\/td><td>0<\/td><td>8<\/td><td>13681<\/td><td>0<\/td><td>0<\/td><td>13681<\/td><\/tr><tr><td>15<\/td><td>89<\/td><td>Marko Hartikainen<\/td><td>0<\/td><td>0<\/td><td>0<\/td><td>0<\/td><td>0<\/td><td>0<\/td><td>0<\/td><td>6<\/td><td>13000<\/td><td>0<\/td><td>0<\/td><td>13000<\/td><\/tr><tr><td>16<\/td><td>3<\/td><td>Henri St\u00f6d<\/td><td>I-PK<\/td><td>0<\/td><td>0<\/td><td>0<\/td><td>0<\/td><td>0<\/td><td>0<\/td><td>6<\/td><td>12998<\/td><td>0<\/td><td>0<\/td><td>12998<\/td><\/tr><tr><td>17<\/td><td>92<\/td><td>Mika Valpas<\/td><td>0<\/td><td>0<\/td><td>0<\/td><td>1<\/td><td>255<\/td><td>0<\/td><td>0<\/td><td>10<\/td><td>12129<\/td><td>0<\/td><td>0<\/td><td>12384<\/td><\/tr><tr><td>18<\/td><td>91<\/td><td>Nico Lehtonen<\/td><td>0<\/td><td>0<\/td><td>0<\/td><td>0<\/td><td>0<\/td><td>0<\/td><td>0<\/td><td>5<\/td><td>11791<\/td><td>0<\/td><td>0<\/td><td>11791<\/td><\/tr><tr><td>19<\/td><td>44<\/td><td>Jari Ruuska<\/td><td>Kuhak\u00f6p\u00f6t<\/td><td>0<\/td><td>0<\/td><td>0<\/td><td>0<\/td><td>0<\/td><td>0<\/td><td>5<\/td><td>11728<\/td><td>0<\/td><td>0<\/td><td>11728<\/td><\/tr><tr><td>20<\/td><td>46<\/td><td>Timo Ritanen<\/td><td>JSU<\/td><td>0<\/td><td>0<\/td><td>1<\/td><td>400<\/td><td>0<\/td><td>0<\/td><td>8<\/td><td>10994<\/td><td>0<\/td><td>0<\/td><td>11394<\/td><\/tr><tr><td>21<\/td><td>68<\/td><td>Marko Minkkinen<\/td><td>JSU<\/td><td>0<\/td><td>0<\/td><td>0<\/td><td>0<\/td><td>0<\/td><td>0<\/td><td>6<\/td><td>10322<\/td><td>0<\/td><td>0<\/td><td>10322<\/td><\/tr><tr><td>22<\/td><td>7<\/td><td>Jouni Neuvonen<\/td><td>I-PK<\/td><td>0<\/td><td>0<\/td><td>0<\/td><td>0<\/td><td>0<\/td><td>0<\/td><td>7<\/td><td>9807<\/td><td>0<\/td><td>0<\/td><td>9807<\/td><\/tr><tr><td>23<\/td><td>87<\/td><td>Petri Salmela<\/td><td>JSU<\/td><td>0<\/td><td>0<\/td><td>0<\/td><td>0<\/td><td>0<\/td><td>0<\/td><td>7<\/td><td>8669<\/td><td>0<\/td><td>0<\/td><td>8669<\/td><\/tr><tr><td>24<\/td><td>37<\/td><td>Jaakko Kammonen<\/td><td>0<\/td><td>0<\/td><td>0<\/td><td>0<\/td><td>0<\/td><td>0<\/td><td>0<\/td><td>5<\/td><td>7424<\/td><td>0<\/td><td>0<\/td><td>7424<\/td><\/tr><tr><td>25<\/td><td>57<\/td><td>Petri Natri<\/td><td>JUK<\/td><td>0<\/td><td>0<\/td><td>0<\/td><td>0<\/td><td>0<\/td><td>0<\/td><td>2<\/td><td>6077<\/td><td>0<\/td><td>0<\/td><td>6077<\/td><\/tr><tr><td>26<\/td><td>95<\/td><td>Mika Winter<\/td><td>0<\/td><td>0<\/td><td>0<\/td><td>0<\/td><td>0<\/td><td>0<\/td><td>0<\/td><td>4<\/td><td>4766<\/td><td>0<\/td><td>0<\/td><td>4766<\/td><\/tr><tr><td>27<\/td><td>15<\/td><td>Jari Mononen<\/td><td>0<\/td><td>0<\/td><td>0<\/td><td>1<\/td><td>261<\/td><td>0<\/td><td>0<\/td><td>3<\/td><td>4252<\/td><td>0<\/td><td>0<\/td><td>4513<\/td><\/tr><tr><td>28<\/td><td>45<\/td><td>Janne Savola<\/td><td>LKV<\/td><td>0<\/td><td>0<\/td><td>0<\/td><td>0<\/td><td>0<\/td><td>0<\/td><td>3<\/td><td>4310<\/td><td>0<\/td><td>0<\/td><td>4310<\/td><\/tr><tr><td>29<\/td><td>90<\/td><td>Reijo M\u00e4kinen<\/td><td>0<\/td><td>0<\/td><td>0<\/td><td>0<\/td><td>0<\/td><td>0<\/td><td>0<\/td><td>2<\/td><td>3409<\/td><td>0<\/td><td>0<\/td><td>3409<\/td><\/tr><tr><td>30<\/td><td>28<\/td><td>Olli Ahonen<\/td><td>Team alamitta<\/td><td>0<\/td><td>0<\/td><td>1<\/td><td>351<\/td><td>0<\/td><td>0<\/td><td>2<\/td><td>2983<\/td><td>0<\/td><td>0<\/td><td>3334<\/td><\/tr><tr><td>31<\/td><td>19<\/td><td>Erkki Taskinen<\/td><td>Puulan Uistelijat<\/td><td>0<\/td><td>0<\/td><td>0<\/td><td>0<\/td><td>0<\/td><td>0<\/td><td>1<\/td><td>1276<\/td><td>0<\/td><td>0<\/td><td>1276<\/td><\/tr><tr><td>32<\/td><td>5<\/td><td>Timo R\u00e4m\u00e4<\/td><td>Pohjois-kymen vetouistelijat<\/td><td>0<\/td><td>0<\/td><td>0<\/td><td>0<\/td><td>0<\/td><td>0<\/td><td>1<\/td><td>1178<\/td><td>0<\/td><td>0<\/td><td>1178<\/td><\/tr><tr><td>33<\/td><td>21<\/td><td>Jani Viinikka<\/td><td>Tyhj\u00e4npyyt\u00e4j\u00e4t<\/td><td>0<\/td><td>0<\/td><td>0<\/td><td>0<\/td><td>0<\/td><td>0<\/td><td>1<\/td><td>1060<\/td><td>0<\/td><td>0<\/td><td>1060<\/td><\/tr><\/tbody><\/table><\/figure>\n","protected":false},"excerpt":{"rendered":"<p>Sijoitus NRO Kippari Seura kpl Kuha(3) kpl Ahven(1) kpl Hauki&gt;5kg(1) kpl Hauki(1) kpl Muu kala(1) Yht. 1 16 Pentti Roikonen Kuha k\u00f6p\u00f6t 0 0 0 0 0 0 20 36208 0 0 36208 2 41 Mika Virnes 0 1 3507 2 873 0 0 15 25436 0 0 29816 3 33 Sami Berg HKM 0 &hellip;<\/p>\n<p class=\"read-more\"> <a class=\"\" href=\"https:\/\/kscup.fi\/?page_id=144\"> <span class=\"screen-reader-text\">Tulokset Muuratj\u00e4rvi uistelu 6.9.2021<\/span> Lue lis\u00e4\u00e4 &raquo;<\/a><\/p>\n","protected":false},"author":1,"featured_media":0,"parent":0,"menu_order":0,"comment_status":"closed","ping_status":"closed","template":"","meta":{"footnotes":""},"class_list":["post-144","page","type-page","status-publish","hentry"],"_links":{"self":[{"href":"https:\/\/kscup.fi\/index.php?rest_route=\/wp\/v2\/pages\/144","targetHints":{"allow":["GET"]}}],"collection":[{"href":"https:\/\/kscup.fi\/index.php?rest_route=\/wp\/v2\/pages"}],"about":[{"href":"https:\/\/kscup.fi\/index.php?rest_route=\/wp\/v2\/types\/page"}],"author":[{"embeddable":true,"href":"https:\/\/kscup.fi\/index.php?rest_route=\/wp\/v2\/users\/1"}],"replies":[{"embeddable":true,"href":"https:\/\/kscup.fi\/index.php?rest_route=%2Fwp%2Fv2%2Fcomments&post=144"}],"version-history":[{"count":4,"href":"https:\/\/kscup.fi\/index.php?rest_route=\/wp\/v2\/pages\/144\/revisions"}],"predecessor-version":[{"id":172,"href":"https:\/\/kscup.fi\/index.php?rest_route=\/wp\/v2\/pages\/144\/revisions\/172"}],"wp:attachment":[{"href":"https:\/\/kscup.fi\/index.php?rest_route=%2Fwp%2Fv2%2Fmedia&parent=144"}],"curies":[{"name":"wp","href":"https:\/\/api.w.org\/{rel}","templated":true}]}}