{"id":1472,"date":"2026-02-11T22:29:31","date_gmt":"2026-02-11T20:29:31","guid":{"rendered":"https:\/\/kscup.fi\/?page_id=1472"},"modified":"2026-02-11T22:36:32","modified_gmt":"2026-02-11T20:36:32","slug":"keski-suomi-cup-2025","status":"publish","type":"page","link":"https:\/\/kscup.fi\/?page_id=1472","title":{"rendered":"Keski-Suomi Cup 2025"},"content":{"rendered":"\n<h5 class=\"wp-block-heading\"><strong>Keski-Suomi Cup 2025<\/strong><\/h5>\n\n\n\n<h5 class=\"wp-block-heading\">1. <strong>Marine-Mercury&nbsp;-uistelu<\/strong>, Korpilahti, P\u00e4ij\u00e4nne la 14.6.2025 klo 11 &#8211; 18<\/h5>\n\n\n\n<h5 class=\"wp-block-heading\">2. <strong>Kuljetus Villman-uistelu<\/strong>, Viitasaari, Keitele la 5.7.2025 klo 11.30 &#8211; 18&nbsp;<\/h5>\n\n\n\n<h5 class=\"wp-block-heading\">3. <strong>Humminbird<\/strong><strong>-uistelu<\/strong>, Korpilahti, P\u00e4ij\u00e4nne la 26.7.2025 klo 11 &#8211; 19&nbsp;<\/h5>\n\n\n\n<h5 class=\"wp-block-heading\">4. <strong>Keurusselk\u00e4-uistelu<\/strong>, Keuruu, Keurusselk\u00e4 la 9.8.2025 klo 10 &#8211; 17<\/h5>\n\n\n\n<h5 class=\"wp-block-heading\">5. <strong>Hankasalmi-uistelu<\/strong>, Hankasalmi, Kuuhankavesi su 17.8.2025 klo 10 &#8211; 16<\/h5>\n\n\n\n<h5 class=\"wp-block-heading\">6. <strong>Alutroll-Tohatsu-uistelu<\/strong>, Muurame, Muuratj\u00e4rvi la 6.9.2025 klo 10 &#8211; 17<\/h5>\n\n\n\n<h5 class=\"wp-block-heading\">7. <strong>Kuningaskalastaja-uistelu<\/strong>, Hartola, J\u00e4\u00e4sj\u00e4rvi su 14.9.2025 klo 10 &#8211; 16<\/h5>\n\n\n\n<h5 class=\"wp-block-heading\">8. <strong>\u00c4\u00e4nekoski-uistelu<\/strong>, Konginkangas, Keitele La 20.9.2025 klo 10 &#8211; 17<\/h5>\n\n\n\n<h5 class=\"wp-block-heading\">9. <strong>P\u00e4ij\u00e4tmoto-Suzuk<\/strong>i<strong>-uistelu<\/strong>, S\u00e4yn\u00e4tsalo, P\u00e4ij\u00e4nne la 27.9.2025 klo 10 &#8211; 17<\/h5>\n\n\n\n<h5 class=\"wp-block-heading\">10. <strong>Akun Radio-uistelu<\/strong>, Saarij\u00e4rvi, Pyh\u00e4j\u00e4rvi la 4.10.2025 klo 10 &#8211; 16<\/h5>\n\n\n\n<h5 class=\"wp-block-heading\">Varap\u00e4iv\u00e4 jos joku kilpailu joudutaan perumaan la 11.10<\/h5>\n\n\n\n<figure class=\"wp-block-table\"><table><tbody><tr><td><strong>La 14.6.2025<br><\/strong>Kilpailu klo <strong>11-18<\/strong> <strong>ALUE ARVOTAAN<\/strong><\/td><td><strong>1. Mercury-Marine -uistelu<br><\/strong> <strong>P\u00e4ij\u00e4nne<\/strong><br>Korpilahden satama,&nbsp;Korpilahdentie 8, Korpilahti<br><a href=\"https:\/\/kscup.fi\/?page_id=685\" target=\"_blank\" rel=\"noreferrer noopener\">S\u00e4\u00e4nn\u00f6t ja kartta kilpailualueesta 202<\/a>5<br>Jyv\u00e4sseudun uistelijat Ry <a href=\"https:\/\/kscup.fi\/?page_id=685\" target=\"_blank\" rel=\"noreferrer noopener\">(avaa uuden v\u00e4lilehden)<\/a> &nbsp; Yhteisty\u00f6kumppani:&nbsp;<a href=\"http:\/\/www.marine.fi\/\" target=\"_blank\" rel=\"noreferrer noopener\"><strong>Marine&nbsp;Oy<\/strong><\/a><strong>&nbsp;ja&nbsp;<a href=\"https:\/\/www.mercurymarine.com\/fi\/\" target=\"_blank\" rel=\"noreferrer noopener\">Mercury<\/a><\/strong><strong><a href=\"http:\/\/www.marine.fi\/\" target=\"_blank\" rel=\"noreferrer noopener\"><br><\/a><\/strong>Juniori Cup: <strong>Rapala<\/strong><\/td><td><a href=\"https:\/\/kscup.fi\/wp-content\/uploads\/2025\/06\/1.korpilahti.pdf\" target=\"_blank\" rel=\"noreferrer noopener\">Tulokset 2025<\/a> <br><a href=\"https:\/\/kscup.fi\/wp-content\/uploads\/2025\/07\/HARVIACUP2025.pdf\">HARVIA CUP<\/a><\/td><\/tr><tr><td><strong>La 5.7.2025<br><\/strong>Kilpailu klo <strong>11.30 &#8211; 18<\/strong> <strong>SUURIN KUHA<\/strong> <strong>KILPAILUKALA: KUHA<\/strong><\/td><td><strong>2. Kuljetus Villman-uistelu<\/strong> <strong>Keitele<br><\/strong>Hotelli Pihkuri (Kappelintie 5), Viitasaari<br><a href=\"https:\/\/kscup.fi\/?page_id=896\" target=\"_blank\" rel=\"noreferrer noopener\">S\u00e4\u00e4nn\u00f6t ja kartta kilpailualueesta 202<\/a>5<a href=\"https:\/\/kscup.fi\/?page_id=687\"><br><\/a>Viitasaaren Kalakaverit Ry <strong><a href=\"https:\/\/kscup.fi\/wp-content\/uploads\/2025\/05\/Kuljetus-Villman-uistelu2025-1.pdf\">ESITE<\/a><\/strong> Yhteisty\u00f6kumppani:&nbsp;<a href=\"https:\/\/kuljetusvillman.fi\/\" target=\"_blank\" rel=\"noreferrer noopener\"><strong>Kuljetus Villman Oy<br><\/strong><\/a>Juniori Cup:&nbsp;<a href=\"https:\/\/www.jennavaaput.fi\/\" target=\"_blank\" rel=\"noreferrer noopener\"><strong>Jenna Vaaput<\/strong><\/a><\/td><td><a href=\"https:\/\/kscup.fi\/wp-content\/uploads\/2025\/07\/2.viitasaari.pdf\" target=\"_blank\" rel=\"noreferrer noopener\">Tulokset 2025<\/a> <br><a href=\"https:\/\/kscup.fi\/wp-content\/uploads\/2025\/07\/2.viitasaari_SuurinKuha.pdf\">SUURIN KUHA<\/a> <br><a href=\"https:\/\/kscup.fi\/wp-content\/uploads\/2025\/07\/2.viitasaari_JUN.pdf\">JUN<\/a> \u00a0<\/td><\/tr><tr><td><strong><br><\/strong><strong>La 26.7.2025<br><\/strong>Kilpailu klo <strong>11-19<\/strong> <strong>SUURIN KUHA<\/strong><\/td><td><strong>3. Humminbird -uistelu<br><\/strong> <strong>P\u00e4ij\u00e4nne<\/strong><br>Korpilahden satama,&nbsp;Korpilahdentie 8, Korpilahti<br><a href=\"https:\/\/kscup.fi\/?page_id=1196\" target=\"_blank\" rel=\"noreferrer noopener\">S\u00e4\u00e4nn\u00f6t ja kartta ki<\/a><a href=\"https:\/\/kscup.fi\/?page_id=1196\" target=\"_blank\" rel=\"noreferrer noopener\">lpailualueesta 2025<\/a> Jyv\u00e4sseudun uistelijat Ry <a href=\"https:\/\/kscup.fi\/?page_id=685\" target=\"_blank\" rel=\"noreferrer noopener\">(avaa uuden v\u00e4lilehden)<\/a> &nbsp; Yhteisty\u00f6kumppani:&nbsp;<strong><a href=\"https:\/\/humminbird.johnsonoutdoors.com\/us\" target=\"_blank\" rel=\"noreferrer noopener\">Humminbird<\/a>&nbsp;ja&nbsp;<a href=\"https:\/\/www.comstedt.se\/fi\/\" target=\"_blank\" rel=\"noreferrer noopener\">Comstedt Finland<br><\/a><\/strong>Juniori Cup: <strong>Hiiht\u00e4j\u00e4poika<\/strong><\/td><td><a href=\"https:\/\/kscup.fi\/wp-content\/uploads\/2025\/07\/3.korpilahti.pdf\">Tulokset 202<\/a><a href=\"https:\/\/kscup.fi\/wp-content\/uploads\/2024\/07\/3.korpilahti.pdf\">5<\/a><br><a href=\"https:\/\/kscup.fi\/wp-content\/uploads\/2025\/07\/3.korpilahtiSUURINKUHA.pdf\">SUURIN KUHA<\/a> <br><a href=\"https:\/\/kscup.fi\/wp-content\/uploads\/2025\/07\/3.korpilahtiJUN.pdf\">JUNIORI<\/a> <br><a href=\"https:\/\/kscup.fi\/wp-content\/uploads\/2025\/07\/HARVIACUP2025.pdf\">HARVIA CUP<\/a><\/td><\/tr><tr><td><strong>La 9.8.2025<\/strong><br>Kilpailu&nbsp;klo <strong>10-17<\/strong> &nbsp;<\/td><td><strong>4. Keurusselk\u00e4 -uistelu<br><\/strong> <strong>Keurusselk\u00e4<\/strong><br>Ent. Varuskunnan kalustoranta, Juhanantie, Keuruu<br><a href=\"https:\/\/kscup.fi\/?page_id=18\" target=\"_blank\" rel=\"noreferrer noopener\">S\u00e4\u00e4nn\u00f6t ja kartta kilpailualueesta 2025<\/a><br>Keuruun Tyhj\u00e4npyyt\u00e4j\u00e4t Ry <a href=\"https:\/\/kscup.fi\/?page_id=685\" target=\"_blank\" rel=\"noreferrer noopener\">(avaa uuden v\u00e4lilehden)<\/a> &nbsp; Yhteisty\u00f6kumppani:&nbsp;<strong><a href=\"http:\/\/www.marine.fi\" target=\"_blank\" rel=\"noreferrer noopener\"><br><\/a><\/strong>Juniori Cup:&nbsp;<\/td><td><a href=\"https:\/\/kscup.fi\/wp-content\/uploads\/2025\/08\/4.keuruu.pdf\">Tulokset 2025<\/a><\/td><\/tr><tr><td><strong>Su 17.8.2025<\/strong><br>Kilpailu&nbsp;klo<strong> 10-16<\/strong><\/td><td><strong>5. Hankasalmi-uistelu<\/strong> <strong>Kuuhankavesi<\/strong><br>Leirint\u00e4alue, Kirkkorannantie 41520 Hankasalmi<br><a href=\"https:\/\/kscup.fi\/?page_id=8\">S\u00e4\u00e4nn\u00f6t ja kartta kilpailualueesta 2025<\/a><br>Hankasalmen kalamiehet Ry Yhteisty\u00f6kumppani:&nbsp;<a href=\"http:\/\/www.hankasalmi.fi\" target=\"_blank\" rel=\"noreferrer noopener\"><strong>Hankasalmi<\/strong><\/a><strong><a href=\"http:\/\/www.ursuit.com\/\"><br><\/a><\/strong>Juniori Cup:&nbsp;<a href=\"http:\/\/www.kilikero.com\/\" target=\"_blank\" rel=\"noreferrer noopener\"><strong>Kilikero<\/strong><\/a><\/td><td><a href=\"https:\/\/kscup.fi\/wp-content\/uploads\/2025\/08\/5.hankasalmi.pdf\" target=\"_blank\" rel=\"noreferrer noopener\">Tulokset 2025<\/a><\/td><\/tr><tr><td><strong>La 6.9.2025<\/strong><br>Kilpailu&nbsp;klo <strong>10-17<\/strong><\/td><td><strong>6. Alutroll-Tohatsu&nbsp;<\/strong><strong>-uistelu<\/strong> &nbsp; <strong>Muuratj\u00e4rvi<br><\/strong>Klubiranta, Muurame<br><a href=\"https:\/\/kscup.fi\/?page_id=789\" target=\"_blank\" rel=\"noreferrer noopener\">S\u00e4\u00e4nn\u00f6t ja kartta kilpailualueesta 2025<br><\/a>Jyv\u00e4sseudun uistelijat Ry Yhteisty\u00f6kumppani:&nbsp;<strong><a href=\"http:\/\/www.alutroll.fi\/\" target=\"_blank\" rel=\"noreferrer noopener\">Alutroll&nbsp;<\/a>ja&nbsp;<a href=\"http:\/\/www.tohatsu.fi\/\" target=\"_blank\" rel=\"noreferrer noopener\">Tohatsu<br><\/a><\/strong>Juniori Cup:&nbsp;<a href=\"https:\/\/www.surnui.fi\/\" target=\"_blank\" rel=\"noreferrer noopener\"><strong>Surnui<\/strong><\/a><\/td><td><a href=\"https:\/\/kscup.fi\/wp-content\/uploads\/2025\/09\/6.muurame.pdf\" target=\"_blank\" rel=\"noreferrer noopener\">Tulokset 2025<\/a> <br><a href=\"https:\/\/kscup.fi\/wp-content\/uploads\/2025\/09\/6.muurameJUN.pdf\">Juniorit<\/a> <br><a href=\"https:\/\/kscup.fi\/wp-content\/uploads\/2025\/09\/HARVIACUP2025.pdf\">HARVIA CUP<\/a><\/td><\/tr><tr><td><strong>Su 14.9.2025&nbsp;<\/strong><br>Kilpailu&nbsp;klo <strong>10-16<\/strong><\/td><td><strong>7. Kuningaskalastaja-uistelu<\/strong><strong><br><\/strong> <strong>J\u00e4\u00e4sj\u00e4rvi<\/strong><br>Visan veneranta, Huvikummuntie 17 19600 Hartola<br><a href=\"https:\/\/kscup.fi\/?page_id=6\">S\u00e4\u00e4nn\u00f6t ja kartta kilpailualueesta 2025<\/a><br>It\u00e4-P\u00e4ij\u00e4nteen Kalakaverit Ry Yhteisty\u00f6kumppani:&nbsp;<a href=\"http:\/\/www.hartola.fi\/\" target=\"_blank\" rel=\"noreferrer noopener\"><strong>Hartolan kunta<br><\/strong><\/a>Juniori Cup:&nbsp;<a href=\"https:\/\/www.jennavaaput.fi\/\" target=\"_blank\" rel=\"noreferrer noopener\"><strong>Jenna Vaaput<\/strong><\/a><\/td><td><a href=\"https:\/\/kscup.fi\/wp-content\/uploads\/2025\/09\/7.hartola.pdf\" target=\"_blank\" rel=\"noreferrer noopener\">Tulokset 2025<\/a><\/td><\/tr><tr><td><strong>La 20.9.2025<br><\/strong>Kilpailu&nbsp;klo <strong>10-17<\/strong><\/td><td><strong>8. \u00c4\u00e4nekoski <\/strong><strong>-uistelu<br><\/strong> <strong>Keitele<br><\/strong><a href=\"https:\/\/kscup.fi\/?page_id=907\">S\u00e4\u00e4nn\u00f6t ja kartta kilpailualueesta 2025<br><\/a>Konginkankaan satama, Konginkangas, \u00c4\u00e4nekoski<br>\u00c4\u00e4nekosken T\u00e4rppi Ry Yhteisty\u00f6kumppani:&nbsp;<a href=\"https:\/\/www.aanekoski.fi\" target=\"_blank\" rel=\"noreferrer noopener\"><strong>\u00c4\u00e4nekoski<\/strong><\/a><a href=\"https:\/\/r-skid.fi\/\" target=\"_blank\" rel=\"noreferrer noopener\"><strong><br><\/strong><\/a>Juniori Cup:&nbsp;<a href=\"https:\/\/www.kivikangas.fi\/\" target=\"_blank\" rel=\"noreferrer noopener\"><strong>Kivikangas<\/strong><\/a> &nbsp;<\/td><td><a href=\"https:\/\/kscup.fi\/wp-content\/uploads\/2025\/09\/8.konginkangas.pdf\" target=\"_blank\" rel=\"noreferrer noopener\">Tulokset 2025<\/a><\/td><\/tr><tr><td><strong>La 27.9.2025<\/strong><br>Kilpailu klo <strong>10-17<\/strong><\/td><td><strong>9.&nbsp;<\/strong><strong>P\u00e4ij\u00e4tmoto-Suzuki-uistelu<\/strong><strong><br><\/strong> <strong>P\u00e4ij\u00e4nne<br><\/strong>S\u00e4yn\u00e4tsalon venesatama, Jyv\u00e4skyl\u00e4<br><a href=\"https:\/\/kscup.fi\/?page_id=996\" target=\"_blank\" rel=\"noreferrer noopener\">S\u00e4\u00e4nn\u00f6t ja kartta kilpailualueesta 2025<\/a><br>Jyv\u00e4sseudun uistelijat Ry Yhteisty\u00f6kumppani:&nbsp;<strong><a href=\"http:\/\/www.paijatmoto.fi\/\">P\u00e4ij\u00e4tmoto<\/a><a href=\"http:\/\/www.paijatmoto.fi\/\">&nbsp;<\/a>ja&nbsp;<a href=\"https:\/\/www.suzukifinland.fi\/marine\/\" target=\"_blank\" rel=\"noreferrer noopener\">Suzuki<br><\/a><\/strong>Juniori Cup: <a href=\"http:\/\/www.kilikero.com\/\" target=\"_blank\" rel=\"noreferrer noopener\"><strong>Kilikero<\/strong><\/a><\/td><td><a href=\"https:\/\/kscup.fi\/wp-content\/uploads\/2025\/09\/9.saynatsalo.pdf\">Tulokset 202<\/a>5 <br><a href=\"https:\/\/kscup.fi\/wp-content\/uploads\/2025\/09\/HARVIACUP2025.pdf\">HARVIA CUP<\/a> <br><a href=\"https:\/\/kscup.fi\/wp-content\/uploads\/2025\/09\/9.saynatsaloJUN.pdf\">JUNIORIT<\/a><\/td><\/tr><tr><td><strong>La 4.10.2025<\/strong><br>Kilpailu klo<strong> 10-16<\/strong><\/td><td><strong>10. Akun Radio-uistelu<\/strong> <strong>Pyh\u00e4j\u00e4rvi<br><\/strong>Iisniementie 241, 43100 Saarij\u00e4rvi<br><a href=\"https:\/\/kscup.fi\/?page_id=12\">S\u00e4\u00e4nn\u00f6t ja kartta kilpailualueesta 2025<br><\/a>Kuhak\u00f6p\u00f6t Ry Yhteisty\u00f6kumppani:&nbsp;<a href=\"http:\/\/https:\/\/akunradio.fi\/\" target=\"_blank\" rel=\"noreferrer noopener\"><strong>Akun Radio<br><\/strong><\/a>Juniori Cup:&nbsp;<a href=\"https:\/\/luulahdenlukko.fi\/\" target=\"_blank\" rel=\"noreferrer noopener\"><strong>Luulahden Lukko -vaaput<\/strong><\/a><\/td><td><a href=\"https:\/\/kscup.fi\/wp-content\/uploads\/2025\/10\/10.saarijarvi.pdf\">Tulokset 202<\/a>5 <br><a href=\"https:\/\/kscup.fi\/wp-content\/uploads\/2025\/10\/10.saarijarviJUN.pdf\">JUNIORIT<\/a><\/td><\/tr><\/tbody><\/table><\/figure>\n\n\n\n<p><a href=\"http:\/\/kscup.fi\/?page_id=1120\" target=\"_blank\" rel=\"noreferrer noopener\">Keski-Suomi Cup 2024<\/a>&nbsp;&#8211;&nbsp;<a href=\"http:\/\/kscup.fi\/?page_id=1120\" target=\"_blank\" rel=\"noreferrer noopener\"><strong>T\u00e4st\u00e4<\/strong><\/a> p\u00e4\u00e4set vuoden 2024 Keski-Suomi Cupin kisoihin ja tuloksiin.&nbsp;<\/p>\n\n\n\n<p><a href=\"http:\/\/kscup.fi\/?page_id=621\" target=\"_blank\" rel=\"noreferrer noopener\">Keski-Suomi Cup 2023<\/a>&nbsp;&#8211;&nbsp;<a href=\"http:\/\/kscup.fi\/?page_id=621\" target=\"_blank\" rel=\"noreferrer noopener\"><strong>T\u00e4st\u00e4<\/strong><\/a>&nbsp;p\u00e4\u00e4set vuoden 2023 Keski-Suomi Cupin kisoihin ja tuloksiin.<\/p>\n","protected":false},"excerpt":{"rendered":"<p>Keski-Suomi Cup 2025 1. Marine-Mercury&nbsp;-uistelu, Korpilahti, P\u00e4ij\u00e4nne la 14.6.2025 klo 11 &#8211; 18 2. Kuljetus Villman-uistelu, Viitasaari, Keitele la 5.7.2025 klo 11.30 &#8211; 18&nbsp; 3. Humminbird-uistelu, Korpilahti, P\u00e4ij\u00e4nne la 26.7.2025 klo 11 &#8211; 19&nbsp; 4. Keurusselk\u00e4-uistelu, Keuruu, Keurusselk\u00e4 la 9.8.2025 klo 10 &#8211; 17 5. Hankasalmi-uistelu, Hankasalmi, Kuuhankavesi su 17.8.2025 klo 10 &#8211; 16 6. &hellip;<\/p>\n<p class=\"read-more\"> <a class=\"\" href=\"https:\/\/kscup.fi\/?page_id=1472\"> <span class=\"screen-reader-text\">Keski-Suomi Cup 2025<\/span> Lue lis\u00e4\u00e4 &raquo;<\/a><\/p>\n","protected":false},"author":2,"featured_media":0,"parent":0,"menu_order":0,"comment_status":"closed","ping_status":"closed","template":"","meta":{"footnotes":""},"class_list":["post-1472","page","type-page","status-publish","hentry"],"_links":{"self":[{"href":"https:\/\/kscup.fi\/index.php?rest_route=\/wp\/v2\/pages\/1472","targetHints":{"allow":["GET"]}}],"collection":[{"href":"https:\/\/kscup.fi\/index.php?rest_route=\/wp\/v2\/pages"}],"about":[{"href":"https:\/\/kscup.fi\/index.php?rest_route=\/wp\/v2\/types\/page"}],"author":[{"embeddable":true,"href":"https:\/\/kscup.fi\/index.php?rest_route=\/wp\/v2\/users\/2"}],"replies":[{"embeddable":true,"href":"https:\/\/kscup.fi\/index.php?rest_route=%2Fwp%2Fv2%2Fcomments&post=1472"}],"version-history":[{"count":3,"href":"https:\/\/kscup.fi\/index.php?rest_route=\/wp\/v2\/pages\/1472\/revisions"}],"predecessor-version":[{"id":1481,"href":"https:\/\/kscup.fi\/index.php?rest_route=\/wp\/v2\/pages\/1472\/revisions\/1481"}],"wp:attachment":[{"href":"https:\/\/kscup.fi\/index.php?rest_route=%2Fwp%2Fv2%2Fmedia&parent=1472"}],"curies":[{"name":"wp","href":"https:\/\/api.w.org\/{rel}","templated":true}]}}