{"id":173,"date":"2021-09-13T09:57:40","date_gmt":"2021-09-13T07:57:40","guid":{"rendered":"https:\/\/kscup.fi\/?page_id=173"},"modified":"2021-09-13T09:59:24","modified_gmt":"2021-09-13T07:59:24","slug":"tulokset-kuningaskalastaja-12-9-2021","status":"publish","type":"page","link":"https:\/\/kscup.fi\/?page_id=173","title":{"rendered":"Tulokset Kuningaskalastaja 12.9.2021"},"content":{"rendered":"\t\t<div data-elementor-type=\"wp-page\" data-elementor-id=\"173\" class=\"elementor elementor-173\" data-elementor-settings=\"[]\">\n\t\t\t\t\t\t\t<div class=\"elementor-section-wrap\">\n\t\t\t\t\t\t\t<section class=\"elementor-section elementor-top-section elementor-element elementor-element-180014c5 elementor-section-height-full elementor-section-items-top elementor-section-content-space-evenly elementor-section-stretched elementor-section-boxed elementor-section-height-default\" data-id=\"180014c5\" data-element_type=\"section\" data-settings=\"{&quot;stretch_section&quot;:&quot;section-stretched&quot;}\">\n\t\t\t\t\t\t<div class=\"elementor-container elementor-column-gap-narrow\">\n\t\t\t\t\t<div class=\"elementor-column elementor-col-100 elementor-top-column elementor-element elementor-element-8b86fb\" data-id=\"8b86fb\" data-element_type=\"column\">\n\t\t\t<div class=\"elementor-widget-wrap elementor-element-populated\">\n\t\t\t\t\t\t\t\t<div class=\"elementor-element elementor-element-427f9087 elementor-widget elementor-widget-text-editor\" data-id=\"427f9087\" data-element_type=\"widget\" data-widget_type=\"text-editor.default\">\n\t\t\t\t<div class=\"elementor-widget-container\">\n\t\t\t\t\t\t\t<!-- wp:table {\"className\":\"is-style-regular\"} -->\n<figure class=\"wp-block-table is-style-regular\"><table><tbody><tr><td>Sijoitus<\/td><td>NRO<\/td><td>Kippari<\/td><td>Seura<\/td><td>kpl<\/td><td>Kuha(3)<\/td><td>kpl<\/td><td>Ahven(3)<\/td><td>kpl<\/td><td>Hauki&gt;5kg(1)<\/td><td>kpl<\/td><td>Hauki(1)<\/td><td>kpl<\/td><td>Muu kala(1)<\/td><td>Yht.<\/td><td>CUP<\/td><td>OPM<\/td><\/tr><tr><td>1<\/td><td>93<\/td><td>Pekka Hein\u00e4nen<\/td><td>0<\/td><td>1<\/td><td>3141<\/td><td>5<\/td><td>4527<\/td><td>0<\/td><td>0<\/td><td>36<\/td><td>47730<\/td><td>0<\/td><td>0<\/td><td>55398<\/td><td>50<\/td><td>73<\/td><\/tr><tr><td>2<\/td><td>89<\/td><td>Marko Hartikainen<\/td><td>0<\/td><td>4<\/td><td>14721<\/td><td>0<\/td><td>0<\/td><td>0<\/td><td>0<\/td><td>23<\/td><td>29500<\/td><td>0<\/td><td>0<\/td><td>44221<\/td><td>45<\/td><td>70<\/td><\/tr><tr><td>3<\/td><td>30<\/td><td>Toni Lamminm\u00e4ki<\/td><td>JSU<\/td><td>1<\/td><td>2661<\/td><td>1<\/td><td>603<\/td><td>0<\/td><td>0<\/td><td>25<\/td><td>40732<\/td><td>0<\/td><td>0<\/td><td>43996<\/td><td>41<\/td><td>67<\/td><\/tr><tr><td>4<\/td><td>25<\/td><td>Harri Nikula<\/td><td>ONKI TEAM<\/td><td>0<\/td><td>0<\/td><td>11<\/td><td>10740<\/td><td>0<\/td><td>0<\/td><td>28<\/td><td>30949<\/td><td>0<\/td><td>0<\/td><td>41689<\/td><td>38<\/td><td>64<\/td><\/tr><tr><td>5<\/td><td>38<\/td><td>Mikko S\u00e4rkk\u00e4<\/td><td>Tyhj\u00e4npyyt\u00e4j\u00e4t<\/td><td>0<\/td><td>0<\/td><td>0<\/td><td>0<\/td><td>0<\/td><td>0<\/td><td>24<\/td><td>40982<\/td><td>0<\/td><td>0<\/td><td>40982<\/td><td>36<\/td><td>61<\/td><\/tr><tr><td>6<\/td><td>20<\/td><td>Antti Toivonen<\/td><td>JSU<\/td><td>3<\/td><td>8637<\/td><td>2<\/td><td>1572<\/td><td>0<\/td><td>0<\/td><td>15<\/td><td>28702<\/td><td>0<\/td><td>0<\/td><td>38911<\/td><td>35<\/td><td>58<\/td><\/tr><tr><td>7<\/td><td>85<\/td><td>Jari Airikainen<\/td><td>JSU<\/td><td>3<\/td><td>7686<\/td><td>1<\/td><td>612<\/td><td>0<\/td><td>0<\/td><td>24<\/td><td>29867<\/td><td>0<\/td><td>0<\/td><td>38165<\/td><td>34<\/td><td>55<\/td><\/tr><tr><td>8<\/td><td>17<\/td><td>Toni Harju<\/td><td>ASUK<\/td><td>1<\/td><td>3141<\/td><td>0<\/td><td>0<\/td><td>0<\/td><td>0<\/td><td>19<\/td><td>34103<\/td><td>0<\/td><td>0<\/td><td>37244<\/td><td>33<\/td><td>52<\/td><\/tr><tr><td>9<\/td><td>68<\/td><td>Marko Minkkinen<\/td><td>JSU<\/td><td>4<\/td><td>12144<\/td><td>3<\/td><td>2052<\/td><td>0<\/td><td>0<\/td><td>16<\/td><td>22257<\/td><td>0<\/td><td>0<\/td><td>36453<\/td><td>32<\/td><td>49<\/td><\/tr><tr><td>10<\/td><td>16<\/td><td>Pentti Roikonen<\/td><td>Kuha k\u00f6p\u00f6t<\/td><td>0<\/td><td>0<\/td><td>1<\/td><td>522<\/td><td>0<\/td><td>0<\/td><td>17<\/td><td>30410<\/td><td>0<\/td><td>0<\/td><td>30932<\/td><td>31<\/td><td>46<\/td><\/tr><tr><td>11<\/td><td>98<\/td><td>Iiro H\u00e4m\u00e4l\u00e4inen<\/td><td>0<\/td><td>2<\/td><td>5661<\/td><td>1<\/td><td>1233<\/td><td>0<\/td><td>0<\/td><td>16<\/td><td>21278<\/td><td>0<\/td><td>0<\/td><td>28172<\/td><td>30<\/td><td>43<\/td><\/tr><tr><td>12<\/td><td>40<\/td><td>Pasi Lepp\u00e4l\u00e4<\/td><td>JSU<\/td><td>1<\/td><td>4182<\/td><td>5<\/td><td>5229<\/td><td>0<\/td><td>0<\/td><td>16<\/td><td>18082<\/td><td>0<\/td><td>0<\/td><td>27493<\/td><td>29<\/td><td>40<\/td><\/tr><tr><td>13<\/td><td>3<\/td><td>Henri St\u00f6d<\/td><td>I-PK<\/td><td>0<\/td><td>0<\/td><td>0<\/td><td>0<\/td><td>0<\/td><td>0<\/td><td>23<\/td><td>27268<\/td><td>0<\/td><td>0<\/td><td>27268<\/td><td>28<\/td><td>37<\/td><\/tr><tr><td>14<\/td><td>10<\/td><td>Atte Antila<\/td><td>Tyhj\u00e4npyyt\u00e4j\u00e4t<\/td><td>0<\/td><td>0<\/td><td>0<\/td><td>0<\/td><td>0<\/td><td>0<\/td><td>12<\/td><td>26827<\/td><td>0<\/td><td>0<\/td><td>26827<\/td><td>27<\/td><td>34<\/td><\/tr><tr><td>15<\/td><td>5<\/td><td>Timo R\u00e4m\u00e4<\/td><td>Pohjois-kymen vetouistelijat<\/td><td>0<\/td><td>0<\/td><td>0<\/td><td>0<\/td><td>0<\/td><td>0<\/td><td>18<\/td><td>25686<\/td><td>0<\/td><td>0<\/td><td>25686<\/td><td>26<\/td><td>31<\/td><\/tr><tr><td>16<\/td><td>2<\/td><td>Jari Mikkola<\/td><td>I-PK<\/td><td>0<\/td><td>0<\/td><td>1<\/td><td>501<\/td><td>0<\/td><td>0<\/td><td>23<\/td><td>25094<\/td><td>0<\/td><td>0<\/td><td>25595<\/td><td>25<\/td><td>28<\/td><\/tr><tr><td>17<\/td><td>11<\/td><td>Sami Tuominen<\/td><td>Kuha k\u00f6p\u00f6t<\/td><td>1<\/td><td>3069<\/td><td>1<\/td><td>840<\/td><td>0<\/td><td>0<\/td><td>19<\/td><td>19612<\/td><td>0<\/td><td>0<\/td><td>23521<\/td><td>24<\/td><td>25<\/td><\/tr><tr><td>18<\/td><td>4<\/td><td>Pasi Salo<\/td><td>I-PK<\/td><td>1<\/td><td>3471<\/td><td>0<\/td><td>0<\/td><td>0<\/td><td>0<\/td><td>17<\/td><td>19755<\/td><td>0<\/td><td>0<\/td><td>23226<\/td><td>23<\/td><td>22<\/td><\/tr><tr><td>19<\/td><td>97<\/td><td>Marko Koskipalo<\/td><td>I-PK<\/td><td>2<\/td><td>7071<\/td><td>0<\/td><td>0<\/td><td>0<\/td><td>0<\/td><td>14<\/td><td>15794<\/td><td>0<\/td><td>0<\/td><td>22865<\/td><td>22<\/td><td>19<\/td><\/tr><tr><td>20<\/td><td>19<\/td><td>Erkki Taskinen<\/td><td>Puulan Uistelijat<\/td><td>0<\/td><td>0<\/td><td>1<\/td><td>633<\/td><td>0<\/td><td>0<\/td><td>18<\/td><td>21858<\/td><td>0<\/td><td>0<\/td><td>22491<\/td><td>21<\/td><td>16<\/td><\/tr><tr><td>21<\/td><td>50<\/td><td>Pasi Hirvilampi<\/td><td>JUK<\/td><td>0<\/td><td>0<\/td><td>0<\/td><td>0<\/td><td>0<\/td><td>0<\/td><td>22<\/td><td>22203<\/td><td>0<\/td><td>0<\/td><td>22203<\/td><td>20<\/td><td>13<\/td><\/tr><tr><td>22<\/td><td>15<\/td><td>Jari Mononen<\/td><td>0<\/td><td>1<\/td><td>6675<\/td><td>2<\/td><td>1779<\/td><td>0<\/td><td>0<\/td><td>8<\/td><td>12691<\/td><td>0<\/td><td>0<\/td><td>21145<\/td><td>19<\/td><td>10<\/td><\/tr><tr><td>23<\/td><td>7<\/td><td>Jouni Neuvonen<\/td><td>I-PK<\/td><td>0<\/td><td>0<\/td><td>0<\/td><td>0<\/td><td>0<\/td><td>0<\/td><td>18<\/td><td>20987<\/td><td>0<\/td><td>0<\/td><td>20987<\/td><td>18<\/td><td>7<\/td><\/tr><tr><td>24<\/td><td>55<\/td><td>Sami Toivakka<\/td><td>IPK<\/td><td>0<\/td><td>0<\/td><td>1<\/td><td>1446<\/td><td>0<\/td><td>0<\/td><td>17<\/td><td>19274<\/td><td>0<\/td><td>0<\/td><td>20720<\/td><td>17<\/td><td>4<\/td><\/tr><tr><td>25<\/td><td>33<\/td><td>Sami Berg<\/td><td>HKM<\/td><td>0<\/td><td>0<\/td><td>1<\/td><td>522<\/td><td>0<\/td><td>0<\/td><td>17<\/td><td>16295<\/td><td>0<\/td><td>0<\/td><td>16817<\/td><td>16<\/td><td>1<\/td><\/tr><tr><td>26<\/td><td>37<\/td><td>Jaakko Kammonen<\/td><td>0<\/td><td>0<\/td><td>0<\/td><td>5<\/td><td>3582<\/td><td>0<\/td><td>0<\/td><td>11<\/td><td>12918<\/td><td>0<\/td><td>0<\/td><td>16500<\/td><td>15<\/td><td>-2<\/td><\/tr><tr><td>27<\/td><td>28<\/td><td>Olli Ahonen<\/td><td>Team alamitta<\/td><td>0<\/td><td>0<\/td><td>1<\/td><td>729<\/td><td>0<\/td><td>0<\/td><td>8<\/td><td>11845<\/td><td>0<\/td><td>0<\/td><td>12574<\/td><td>14<\/td><td>-5<\/td><\/tr><tr><td>28<\/td><td>18<\/td><td>Timi Tasanen<\/td><td>I-PK<\/td><td>0<\/td><td>0<\/td><td>4<\/td><td>5100<\/td><td>0<\/td><td>0<\/td><td>7<\/td><td>6495<\/td><td>0<\/td><td>0<\/td><td>11595<\/td><td>13<\/td><td>-8<\/td><\/tr><tr><td>29<\/td><td>21<\/td><td>Jani Viinikka<\/td><td>Tyhj\u00e4npyyt\u00e4j\u00e4t<\/td><td>0<\/td><td>0<\/td><td>0<\/td><td>0<\/td><td>0<\/td><td>0<\/td><td>8<\/td><td>11422<\/td><td>0<\/td><td>0<\/td><td>11422<\/td><td>12<\/td><td>-11<\/td><\/tr><tr><td>30<\/td><td>22<\/td><td>Jukka Salonen<\/td><td>I-PK<\/td><td>0<\/td><td>0<\/td><td>0<\/td><td>0<\/td><td>0<\/td><td>0<\/td><td>5<\/td><td>6997<\/td><td>0<\/td><td>0<\/td><td>6997<\/td><td>11<\/td><td>-14<\/td><\/tr><tr><td>31<\/td><td>8<\/td><td>Mikko Salonen<\/td><td>SUK<\/td><td>0<\/td><td>0<\/td><td>0<\/td><td>0<\/td><td>0<\/td><td>0<\/td><td>6<\/td><td>6677<\/td><td>0<\/td><td>0<\/td><td>6677<\/td><td>10<\/td><td>-17<\/td><\/tr><tr><td>32<\/td><td>44<\/td><td>Jari Ruuska<\/td><td>Kuhak\u00f6p\u00f6t<\/td><td>0<\/td><td>0<\/td><td>0<\/td><td>0<\/td><td>0<\/td><td>0<\/td><td>7<\/td><td>6090<\/td><td>0<\/td><td>0<\/td><td>6090<\/td><td>9<\/td><td>-20<\/td><\/tr><tr><td>33<\/td><td>96<\/td><td>Mikko Aaltonen<\/td><td>I-PK<\/td><td>0<\/td><td>0<\/td><td>0<\/td><td>0<\/td><td>0<\/td><td>0<\/td><td>5<\/td><td>4770<\/td><td>0<\/td><td>0<\/td><td>4770<\/td><td>8<\/td><td>-23<\/td><\/tr><tr><td>34<\/td><td>99<\/td><td>Jukka Aho<\/td><td>I-PK<\/td><td>0<\/td><td>0<\/td><td>0<\/td><td>0<\/td><td>0<\/td><td>0<\/td><td>1<\/td><td>800<\/td><td>0<\/td><td>0<\/td><td>800<\/td><td>7<\/td><td>-26<\/td><\/tr><tr><td>35<\/td><td>41<\/td><td>Mika Virnes<\/td><td>0<\/td><td>0<\/td><td>0<\/td><td>0<\/td><td>0<\/td><td>0<\/td><td>0<\/td><td>0<\/td><td>0<\/td><td>0<\/td><td>0<\/td><td>0<\/td><td>0<\/td><td>0<\/td><\/tr><\/tbody><\/table><\/figure>\n<!-- \/wp:table -->\t\t\t\t\t\t<\/div>\n\t\t\t\t<\/div>\n\t\t\t\t\t<\/div>\n\t\t<\/div>\n\t\t\t\t\t\t\t<\/div>\n\t\t<\/section>\n\t\t\t\t\t\t<\/div>\n\t\t\t\t\t<\/div>\n\t\t","protected":false},"excerpt":{"rendered":"<p>Sijoitus NRO Kippari Seura kpl Kuha(3) kpl Ahven(3) kpl Hauki&gt;5kg(1) kpl Hauki(1) kpl Muu kala(1) Yht. CUP OPM 1 93 Pekka Hein\u00e4nen 0 1 3141 5 4527 0 0 36 47730 0 0 55398 50 73 2 89 Marko Hartikainen 0 4 14721 0 0 0 0 23 29500 0 0 44221 45 70 3 &hellip;<\/p>\n<p class=\"read-more\"> <a class=\"\" href=\"https:\/\/kscup.fi\/?page_id=173\"> <span class=\"screen-reader-text\">Tulokset Kuningaskalastaja 12.9.2021<\/span> Lue lis\u00e4\u00e4 &raquo;<\/a><\/p>\n","protected":false},"author":1,"featured_media":0,"parent":0,"menu_order":0,"comment_status":"closed","ping_status":"closed","template":"","meta":{"footnotes":""},"class_list":["post-173","page","type-page","status-publish","hentry"],"_links":{"self":[{"href":"https:\/\/kscup.fi\/index.php?rest_route=\/wp\/v2\/pages\/173","targetHints":{"allow":["GET"]}}],"collection":[{"href":"https:\/\/kscup.fi\/index.php?rest_route=\/wp\/v2\/pages"}],"about":[{"href":"https:\/\/kscup.fi\/index.php?rest_route=\/wp\/v2\/types\/page"}],"author":[{"embeddable":true,"href":"https:\/\/kscup.fi\/index.php?rest_route=\/wp\/v2\/users\/1"}],"replies":[{"embeddable":true,"href":"https:\/\/kscup.fi\/index.php?rest_route=%2Fwp%2Fv2%2Fcomments&post=173"}],"version-history":[{"count":4,"href":"https:\/\/kscup.fi\/index.php?rest_route=\/wp\/v2\/pages\/173\/revisions"}],"predecessor-version":[{"id":177,"href":"https:\/\/kscup.fi\/index.php?rest_route=\/wp\/v2\/pages\/173\/revisions\/177"}],"wp:attachment":[{"href":"https:\/\/kscup.fi\/index.php?rest_route=%2Fwp%2Fv2%2Fmedia&parent=173"}],"curies":[{"name":"wp","href":"https:\/\/api.w.org\/{rel}","templated":true}]}}