{"id":18,"date":"2021-08-25T10:37:05","date_gmt":"2021-08-25T10:37:05","guid":{"rendered":"https:\/\/kscup.fi\/?page_id=18"},"modified":"2025-06-03T04:28:03","modified_gmt":"2025-06-03T02:28:03","slug":"keurusselka-uistelu-3-10-2021","status":"publish","type":"page","link":"https:\/\/kscup.fi\/?page_id=18","title":{"rendered":"Keurusselk\u00e4 uistelu 9.8.2025"},"content":{"rendered":"\t\t<div data-elementor-type=\"wp-page\" data-elementor-id=\"18\" class=\"elementor elementor-18\" data-elementor-settings=\"[]\">\n\t\t\t\t\t\t\t<div class=\"elementor-section-wrap\">\n\t\t\t\t\t\t\t<section class=\"elementor-section elementor-top-section elementor-element elementor-element-73a6c70a elementor-section-boxed elementor-section-height-default elementor-section-height-default\" data-id=\"73a6c70a\" data-element_type=\"section\">\n\t\t\t\t\t\t<div class=\"elementor-container elementor-column-gap-default\">\n\t\t\t\t\t<div class=\"elementor-column elementor-col-100 elementor-top-column elementor-element elementor-element-4c202a6a\" data-id=\"4c202a6a\" data-element_type=\"column\">\n\t\t\t<div class=\"elementor-widget-wrap elementor-element-populated\">\n\t\t\t\t\t\t\t\t<div class=\"elementor-element elementor-element-4553884a elementor-widget elementor-widget-text-editor\" data-id=\"4553884a\" data-element_type=\"widget\" data-widget_type=\"text-editor.default\">\n\t\t\t\t<div class=\"elementor-widget-container\">\n\t\t\t\t\t\t\t<p><strong>KEURUSSELK\u00c4\u00a0 UISTELU\u00a0\u00a0<\/strong><\/p>\n<p><!-- \/wp:paragraph --><\/p>\n<p><!-- wp:paragraph --><\/p>\n<p><strong>Keuruu La 9.8.2025 klo 10 &#8211; 17 + siirtym\u00e4t alussa n.30min ja lopussa 30min<\/strong><\/p>\n<p><!-- \/wp:paragraph --><\/p>\n<p><!-- wp:paragraph --><\/p>\n<p><strong>L\u00c4HT\u00d6- JA MAALIALUE:<\/strong><br \/>Ent. Varuskunnan kalustoranta, Juhanantie 42700 Keuruu<\/p>\n<ul>\n<li><u>HUOMIO!! Suositellaan laskemaan vene joko hotelli keurussel\u00e4n laskuluiskalta tai keskustan Ahtolan sataman laskuluiskalta.\u00a0<\/u><\/li>\n<\/ul>\n<p><!-- \/wp:paragraph --><\/p>\n<p><!-- wp:heading {\"level\":4} --><\/p>\n<h4>KEURUSSEL\u00c4NTIE, LASKULUISKA<\/h4>\n<p><!-- \/wp:heading --><\/p>\n<p><iframe loading=\"lazy\" style=\"border: 0;\" src=\"https:\/\/www.google.com\/maps\/embed?pb=!1m18!1m12!1m3!1d1859.5886199857282!2d24.667525440672698!3d62.219630973604744!2m3!1f0!2f0!3f0!3m2!1i1024!2i768!4f13.1!3m3!1m2!1s0x4685f48f9f5d1695%3A0x9fb3c343f2f02f2f!2sJuhanantie%2C%2042720%20Keuruu%2C%20Suomi!5e0!3m2!1sfi!2sus!4v1629960949181!5m2!1sfi!2sus\" width=\"400\" height=\"300\" allowfullscreen=\"allowfullscreen\"><\/iframe><\/p>\n<figure class=\"wp-block-embed\">\n<div class=\"wp-block-embed__wrapper\">\u00a0<\/div>\n<\/figure>\n<p><!-- \/wp:embed --><\/p>\n<p><!-- wp:paragraph --><\/p>\n<p><strong>KILPAILUKALAT,ALAMITAT JA KERTOIMET:<\/strong><\/p>\n<p><!-- \/wp:paragraph --><\/p>\n<p><!-- wp:image {\"linkDestination\":\"custom\"} --><\/p>\n<figure class=\"wp-block-image\"><a href=\"https:\/\/sites.google.com\/site\/keskisuomicup\/home\/sumiainen1\/haavitus.jpg?attredirects=0\"><img decoding=\"async\" src=\"https:\/\/sites.google.com\/site\/keskisuomicup\/_\/rsrc\/1521147828286\/home\/sumiainen1\/haavitus.jpg?height=266&amp;width=400\" alt=\"\" \/><\/a><\/figure>\n<p><!-- \/wp:image --><\/p>\n<p><!-- wp:paragraph --><\/p>\n<p>Hauki 55cm x 1<\/p>\n<p><!-- \/wp:paragraph --><\/p>\n<p><!-- wp:paragraph --><\/p>\n<p>Kuha 46cm x 5<\/p>\n<p><!-- \/wp:paragraph --><\/p>\n<p><!-- wp:paragraph --><\/p>\n<p>Ahven 25cm x 2<\/p>\n<p><!-- \/wp:paragraph --><\/p>\n<p><!-- wp:paragraph --><\/p>\n<p>\u00a0<\/p>\n<p><!-- \/wp:paragraph --><\/p>\n<p><!-- wp:paragraph --><\/p>\n<p>(mahdolliset muutokset s\u00e4\u00e4nt\u00f6ihin ilmoitetaan VIIMEIST\u00c4\u00c4N kilpailijakokouksessa)<\/p>\n<p><!-- \/wp:paragraph --><\/p>\n<p><!-- wp:paragraph --><\/p>\n<p>Lohikalat eiv\u00e4t kuulu kilpailukaloihin!\u00a0<\/p>\n<p><!-- \/wp:paragraph --><\/p>\n<p><!-- wp:paragraph --><\/p>\n<p>&#8211; Raksi sallittu<\/p>\n<p><!-- \/wp:paragraph --><\/p>\n<p><!-- wp:paragraph --><\/p>\n<p><strong>&#8211; Kelkoissa pit\u00e4\u00e4 olla liput!!!<\/strong><\/p>\n<p><!-- \/wp:paragraph --><\/p>\n<p><!-- wp:paragraph --><\/p>\n<p><strong>OSANOTTOMAKSU:\u00a0<\/strong><br \/><strong>50 euroa<\/strong>\/venekunta. Alle 20v. venekunnat ilmaiseksi.\u00a0<\/p>\n<p>\u00a0<\/p>\n<p><!-- \/wp:paragraph --><\/p>\n<p><!-- wp:paragraph --><\/p>\n<p><strong>Yhteyshenkil\u00f6:<\/strong><\/p>\n<p><!-- \/wp:paragraph --><\/p>\n<p><!-- wp:paragraph --><\/p>\n<p>Mikko S\u00e4rkk\u00e4 puh. 040-8604882<\/p>\n<p><!-- \/wp:paragraph --><\/p>\n<p><!-- wp:paragraph --><\/p>\n<p><strong>Kilpailualueen kartta:<\/strong><\/p>\n<p><!-- \/wp:paragraph --><\/p>\n<p><!-- wp:image {\"linkDestination\":\"custom\"} --><\/p>\n<figure class=\"wp-block-image\"><a href=\"https:\/\/kscup.fi\/wp-content\/uploads\/2022\/09\/Keurusselkakartta.pdf\" target=\"_blank\" rel=\"noopener\">Keurusselkakartta<\/a><\/figure>\n<p><!-- \/wp:image --><\/p>\t\t\t\t\t\t<\/div>\n\t\t\t\t<\/div>\n\t\t\t\t\t<\/div>\n\t\t<\/div>\n\t\t\t\t\t\t\t<\/div>\n\t\t<\/section>\n\t\t\t\t\t\t<\/div>\n\t\t\t\t\t<\/div>\n\t\t","protected":false},"excerpt":{"rendered":"<p>KEURUSSELK\u00c4\u00a0 UISTELU\u00a0\u00a0 Keuruu La 9.8.2025 klo 10 &#8211; 17 + siirtym\u00e4t alussa n.30min ja lopussa 30min L\u00c4HT\u00d6- JA MAALIALUE:Ent. Varuskunnan kalustoranta, Juhanantie 42700 Keuruu HUOMIO!! Suositellaan laskemaan vene joko hotelli keurussel\u00e4n laskuluiskalta tai keskustan Ahtolan sataman laskuluiskalta.\u00a0 KEURUSSEL\u00c4NTIE, LASKULUISKA \u00a0 KILPAILUKALAT,ALAMITAT JA KERTOIMET: Hauki 55cm x 1 Kuha 46cm x 5 Ahven 25cm x 2 &hellip;<\/p>\n<p class=\"read-more\"> <a class=\"\" href=\"https:\/\/kscup.fi\/?page_id=18\"> <span class=\"screen-reader-text\">Keurusselk\u00e4 uistelu 9.8.2025<\/span> Lue lis\u00e4\u00e4 &raquo;<\/a><\/p>\n","protected":false},"author":1,"featured_media":0,"parent":0,"menu_order":0,"comment_status":"closed","ping_status":"closed","template":"","meta":{"footnotes":""},"class_list":["post-18","page","type-page","status-publish","hentry"],"_links":{"self":[{"href":"https:\/\/kscup.fi\/index.php?rest_route=\/wp\/v2\/pages\/18","targetHints":{"allow":["GET"]}}],"collection":[{"href":"https:\/\/kscup.fi\/index.php?rest_route=\/wp\/v2\/pages"}],"about":[{"href":"https:\/\/kscup.fi\/index.php?rest_route=\/wp\/v2\/types\/page"}],"author":[{"embeddable":true,"href":"https:\/\/kscup.fi\/index.php?rest_route=\/wp\/v2\/users\/1"}],"replies":[{"embeddable":true,"href":"https:\/\/kscup.fi\/index.php?rest_route=%2Fwp%2Fv2%2Fcomments&post=18"}],"version-history":[{"count":22,"href":"https:\/\/kscup.fi\/index.php?rest_route=\/wp\/v2\/pages\/18\/revisions"}],"predecessor-version":[{"id":1265,"href":"https:\/\/kscup.fi\/index.php?rest_route=\/wp\/v2\/pages\/18\/revisions\/1265"}],"wp:attachment":[{"href":"https:\/\/kscup.fi\/index.php?rest_route=%2Fwp%2Fv2%2Fmedia&parent=18"}],"curies":[{"name":"wp","href":"https:\/\/api.w.org\/{rel}","templated":true}]}}