{"id":188,"date":"2021-10-04T07:21:31","date_gmt":"2021-10-04T05:21:31","guid":{"rendered":"https:\/\/kscup.fi\/?page_id=188"},"modified":"2021-10-04T07:21:32","modified_gmt":"2021-10-04T05:21:32","slug":"tulokset-keurusselka-uistelu-3-10-2021","status":"publish","type":"page","link":"https:\/\/kscup.fi\/?page_id=188","title":{"rendered":"Tulokset Keurusselk\u00e4 uistelu 3.10.2021"},"content":{"rendered":"\n<figure class=\"wp-block-table is-style-regular\"><table><tbody><tr><td>Sijoitus<\/td><td>NRO<\/td><td>Kippari<\/td><td>Seura<\/td><td>kpl<\/td><td>Kuha(3)<\/td><td>kpl<\/td><td>Ahven(5)<\/td><td>kpl<\/td><td>Hauki(1)<\/td><td>kpl<\/td><td>Bonus(1)<\/td><td>Yht.<\/td><td>CUP<\/td><td>OPM<\/td><\/tr><tr><td>1<\/td><td>17<\/td><td>Toni Harju<\/td><td>ASUK<\/td><td>5<\/td><td>18060<\/td><td>5<\/td><td>12170<\/td><td>2<\/td><td>10146<\/td><td>12<\/td><td>0<\/td><td>40376<\/td><td>50<\/td><td>73<\/td><\/tr><tr><td>2<\/td><td>11<\/td><td>Sami Tuominen<\/td><td>Kuha k\u00f6p\u00f6t<\/td><td>4<\/td><td>12039<\/td><td>0<\/td><td>0<\/td><td>3<\/td><td>14961<\/td><td>7<\/td><td>0<\/td><td>27000<\/td><td>45<\/td><td>70<\/td><\/tr><tr><td>3<\/td><td>21<\/td><td>Jani Viinikka<\/td><td>Tyhj\u00e4npyyt\u00e4j\u00e4t<\/td><td>5<\/td><td>15312<\/td><td>0<\/td><td>0<\/td><td>3<\/td><td>11170<\/td><td>8<\/td><td>0<\/td><td>26482<\/td><td>41<\/td><td>67<\/td><\/tr><tr><td>4<\/td><td>94<\/td><td>Rami Renko<\/td><td>0<\/td><td>5<\/td><td>14892<\/td><td>1<\/td><td>2830<\/td><td>4<\/td><td>7050<\/td><td>10<\/td><td>0<\/td><td>24772<\/td><td>38<\/td><td>64<\/td><\/tr><tr><td>5<\/td><td>100<\/td><td>Jari Kaisko<\/td><td>VKV<\/td><td>4<\/td><td>9069<\/td><td>1<\/td><td>1475<\/td><td>1<\/td><td>9528<\/td><td>6<\/td><td>0<\/td><td>20072<\/td><td>36<\/td><td>61<\/td><\/tr><tr><td>6<\/td><td>89<\/td><td>Marko Hartikainen<\/td><td>0<\/td><td>5<\/td><td>12195<\/td><td>0<\/td><td>0<\/td><td>3<\/td><td>7466<\/td><td>8<\/td><td>0<\/td><td>19661<\/td><td>35<\/td><td>58<\/td><\/tr><tr><td>7<\/td><td>10<\/td><td>Atte Antila<\/td><td>Tyhj\u00e4npyyt\u00e4j\u00e4t<\/td><td>1<\/td><td>2451<\/td><td>1<\/td><td>1690<\/td><td>4<\/td><td>14944<\/td><td>6<\/td><td>0<\/td><td>19085<\/td><td>34<\/td><td>55<\/td><\/tr><tr><td>8<\/td><td>20<\/td><td>Antti Toivonen<\/td><td>JSU<\/td><td>5<\/td><td>18321<\/td><td>0<\/td><td>0<\/td><td>0<\/td><td>0<\/td><td>5<\/td><td>0<\/td><td>18321<\/td><td>33<\/td><td>52<\/td><\/tr><tr><td>9<\/td><td>19<\/td><td>Erkki Taskinen<\/td><td>Puulan Uistelijat<\/td><td>1<\/td><td>2160<\/td><td>0<\/td><td>0<\/td><td>3<\/td><td>15647<\/td><td>4<\/td><td>0<\/td><td>17807<\/td><td>32<\/td><td>49<\/td><\/tr><tr><td>10<\/td><td>27<\/td><td>Toni Neuvonen<\/td><td>I-PK<\/td><td>4<\/td><td>11754<\/td><td>1<\/td><td>960<\/td><td>2<\/td><td>4965<\/td><td>7<\/td><td>0<\/td><td>17679<\/td><td>31<\/td><td>46<\/td><\/tr><tr><td>11<\/td><td>92<\/td><td>Mika Valpas<\/td><td>0<\/td><td>0<\/td><td>0<\/td><td>1<\/td><td>3845<\/td><td>5<\/td><td>11806<\/td><td>6<\/td><td>0<\/td><td>15651<\/td><td>30<\/td><td>43<\/td><\/tr><tr><td>12<\/td><td>101<\/td><td>Kari Juvonen<\/td><td>Tyhj\u00e4npyyt\u00e4j\u00e4t<\/td><td>3<\/td><td>7437<\/td><td>0<\/td><td>0<\/td><td>4<\/td><td>7644<\/td><td>7<\/td><td>0<\/td><td>15081<\/td><td>29<\/td><td>40<\/td><\/tr><tr><td>13<\/td><td>3<\/td><td>Henri St\u00f6d<\/td><td>I-PK<\/td><td>3<\/td><td>8235<\/td><td>1<\/td><td>1405<\/td><td>2<\/td><td>5185<\/td><td>6<\/td><td>0<\/td><td>14825<\/td><td>28<\/td><td>37<\/td><\/tr><tr><td>14<\/td><td>30<\/td><td>Toni Lamminm\u00e4ki<\/td><td>JSU<\/td><td>3<\/td><td>9921<\/td><td>1<\/td><td>1030<\/td><td>2<\/td><td>2340<\/td><td>6<\/td><td>0<\/td><td>13291<\/td><td>27<\/td><td>34<\/td><\/tr><tr><td>15<\/td><td>56<\/td><td>Aimo Lammi<\/td><td>LKV<\/td><td>0<\/td><td>0<\/td><td>0<\/td><td>0<\/td><td>5<\/td><td>10627<\/td><td>5<\/td><td>0<\/td><td>10627<\/td><td>26<\/td><td>31<\/td><\/tr><tr><td>16<\/td><td>93<\/td><td>Pekka Hein\u00e4nen<\/td><td>0<\/td><td>4<\/td><td>10287<\/td><td>0<\/td><td>0<\/td><td>0<\/td><td>0<\/td><td>4<\/td><td>0<\/td><td>10287<\/td><td>25<\/td><td>28<\/td><\/tr><tr><td>17<\/td><td>37<\/td><td>Jaakko Kammonen<\/td><td>0<\/td><td>0<\/td><td>0<\/td><td>1<\/td><td>1755<\/td><td>4<\/td><td>6373<\/td><td>5<\/td><td>0<\/td><td>8128<\/td><td>24<\/td><td>25<\/td><\/tr><tr><td>18<\/td><td>5<\/td><td>Timo R\u00e4m\u00e4<\/td><td>Pohjois-kymen vetouistelijat<\/td><td>2<\/td><td>5259<\/td><td>0<\/td><td>0<\/td><td>2<\/td><td>2824<\/td><td>4<\/td><td>0<\/td><td>8083<\/td><td>23<\/td><td>22<\/td><\/tr><tr><td>19<\/td><td>33<\/td><td>Sami Berg<\/td><td>HKM<\/td><td>3<\/td><td>8001<\/td><td>0<\/td><td>0<\/td><td>0<\/td><td>0<\/td><td>3<\/td><td>0<\/td><td>8001<\/td><td>22<\/td><td>19<\/td><\/tr><tr><td>20<\/td><td>105<\/td><td>Eetu Jaatinen<\/td><td>Haapam\u00e4en Kalatirrit<\/td><td>0<\/td><td>0<\/td><td>0<\/td><td>0<\/td><td>3<\/td><td>7654<\/td><td>3<\/td><td>0<\/td><td>7654<\/td><td>21<\/td><td>16<\/td><\/tr><tr><td>21<\/td><td>38<\/td><td>Mikko S\u00e4rkk\u00e4<\/td><td>Vetouistelua.fi \/ TP<\/td><td>2<\/td><td>4458<\/td><td>0<\/td><td>0<\/td><td>2<\/td><td>2796<\/td><td>4<\/td><td>0<\/td><td>7254<\/td><td>20<\/td><td>13<\/td><\/tr><tr><td>22<\/td><td>7<\/td><td>Jouni Neuvonen<\/td><td>I-PK<\/td><td>2<\/td><td>5151<\/td><td>0<\/td><td>0<\/td><td>1<\/td><td>2018<\/td><td>3<\/td><td>0<\/td><td>7169<\/td><td>19<\/td><td>10<\/td><\/tr><tr><td>23<\/td><td>103<\/td><td>Harri Malmberg<\/td><td>Tyhj\u00e4npyyt\u00e4j\u00e4t<\/td><td>0<\/td><td>0<\/td><td>0<\/td><td>0<\/td><td>2<\/td><td>7115<\/td><td>2<\/td><td>0<\/td><td>7115<\/td><td>18<\/td><td>7<\/td><\/tr><tr><td>24<\/td><td>15<\/td><td>Jari Mononen<\/td><td>0<\/td><td>0<\/td><td>0<\/td><td>0<\/td><td>0<\/td><td>3<\/td><td>6124<\/td><td>3<\/td><td>0<\/td><td>6124<\/td><td>17<\/td><td>4<\/td><\/tr><tr><td>25<\/td><td>58<\/td><td>Jussi Laitinen<\/td><td>0<\/td><td>0<\/td><td>0<\/td><td>1<\/td><td>1685<\/td><td>0<\/td><td>0<\/td><td>1<\/td><td>0<\/td><td>1685<\/td><td>16<\/td><td>1<\/td><\/tr><tr><td>26<\/td><td>46<\/td><td>Timo Ritanen<\/td><td>JSU<\/td><td>0<\/td><td>0<\/td><td>0<\/td><td>0<\/td><td>0<\/td><td>0<\/td><td>0<\/td><td>0<\/td><td>0<\/td><td>0<\/td><td>0<\/td><\/tr><tr><td>27<\/td><td>102<\/td><td>Juha Lahtinen<\/td><td>0<\/td><td>0<\/td><td>0<\/td><td>0<\/td><td>0<\/td><td>0<\/td><td>0<\/td><td>0<\/td><td>0<\/td><td>0<\/td><td>0<\/td><td>0<\/td><\/tr><tr><td>28<\/td><td>104<\/td><td>Aleksanteri Hietakangas<\/td><td>0<\/td><td>0<\/td><td>0<\/td><td>0<\/td><td>0<\/td><td>0<\/td><td>0<\/td><td>0<\/td><td>0<\/td><td>0<\/td><td>0<\/td><td>0<\/td><\/tr><\/tbody><\/table><\/figure>\n","protected":false},"excerpt":{"rendered":"<p>Sijoitus NRO Kippari Seura kpl Kuha(3) kpl Ahven(5) kpl Hauki(1) kpl Bonus(1) Yht. CUP OPM 1 17 Toni Harju ASUK 5 18060 5 12170 2 10146 12 0 40376 50 73 2 11 Sami Tuominen Kuha k\u00f6p\u00f6t 4 12039 0 0 3 14961 7 0 27000 45 70 3 21 Jani Viinikka Tyhj\u00e4npyyt\u00e4j\u00e4t 5 15312 &hellip;<\/p>\n<p class=\"read-more\"> <a class=\"\" href=\"https:\/\/kscup.fi\/?page_id=188\"> <span class=\"screen-reader-text\">Tulokset Keurusselk\u00e4 uistelu 3.10.2021<\/span> Lue lis\u00e4\u00e4 &raquo;<\/a><\/p>\n","protected":false},"author":1,"featured_media":0,"parent":0,"menu_order":0,"comment_status":"closed","ping_status":"closed","template":"","meta":{"footnotes":""},"class_list":["post-188","page","type-page","status-publish","hentry"],"_links":{"self":[{"href":"https:\/\/kscup.fi\/index.php?rest_route=\/wp\/v2\/pages\/188","targetHints":{"allow":["GET"]}}],"collection":[{"href":"https:\/\/kscup.fi\/index.php?rest_route=\/wp\/v2\/pages"}],"about":[{"href":"https:\/\/kscup.fi\/index.php?rest_route=\/wp\/v2\/types\/page"}],"author":[{"embeddable":true,"href":"https:\/\/kscup.fi\/index.php?rest_route=\/wp\/v2\/users\/1"}],"replies":[{"embeddable":true,"href":"https:\/\/kscup.fi\/index.php?rest_route=%2Fwp%2Fv2%2Fcomments&post=188"}],"version-history":[{"count":1,"href":"https:\/\/kscup.fi\/index.php?rest_route=\/wp\/v2\/pages\/188\/revisions"}],"predecessor-version":[{"id":189,"href":"https:\/\/kscup.fi\/index.php?rest_route=\/wp\/v2\/pages\/188\/revisions\/189"}],"wp:attachment":[{"href":"https:\/\/kscup.fi\/index.php?rest_route=%2Fwp%2Fv2%2Fmedia&parent=188"}],"curies":[{"name":"wp","href":"https:\/\/api.w.org\/{rel}","templated":true}]}}