{"id":28,"date":"2021-08-25T10:37:32","date_gmt":"2021-08-25T10:37:32","guid":{"rendered":"https:\/\/kscup.fi\/?page_id=28"},"modified":"2022-05-05T09:46:24","modified_gmt":"2022-05-05T07:46:24","slug":"yhteystiedot","status":"publish","type":"page","link":"https:\/\/kscup.fi\/?page_id=28","title":{"rendered":"Yhteystiedot"},"content":{"rendered":"\n<p><strong>Keski-Suomi Cupin vastuuhenkil\u00f6t 202<\/strong>2<\/p>\n\n\n\n<figure class=\"wp-block-table is-style-regular\"><table><tbody><tr><td><strong>Puheenjohtaja:<\/strong><br>Jouni Neuvonen 0400-497644    Email:  jouni.neuvonen@upm.com<br><strong><br>Tulosvastaava:<\/strong><br>Tommi Tuominen&nbsp;045-6363949 Email: artgsm99@wippies.fi<br><br><strong>Nettisivut<\/strong>:<br>Mikko S\u00e4rkk\u00e4    040 8604882  Email: mikko.sarkka@keuruunkk.fi<br><br><strong>Huom! Mik\u00e4li havaitset tuloksissa virheit\u00e4 tai ongelmia sivustossa, ole hyv\u00e4 ja ota yhteytt\u00e4 Tommiin<\/strong>.<\/td><\/tr><\/tbody><\/table><\/figure>\n","protected":false},"excerpt":{"rendered":"<p>Keski-Suomi Cupin vastuuhenkil\u00f6t 2022 Puheenjohtaja:Jouni Neuvonen 0400-497644 Email: jouni.neuvonen@upm.comTulosvastaava:Tommi Tuominen&nbsp;045-6363949 Email: artgsm99@wippies.fi Nettisivut:Mikko S\u00e4rkk\u00e4 040 8604882 Email: mikko.sarkka@keuruunkk.fi Huom! Mik\u00e4li havaitset tuloksissa virheit\u00e4 tai ongelmia sivustossa, ole hyv\u00e4 ja ota yhteytt\u00e4 Tommiin.<\/p>\n","protected":false},"author":1,"featured_media":0,"parent":0,"menu_order":0,"comment_status":"closed","ping_status":"closed","template":"","meta":{"footnotes":""},"class_list":["post-28","page","type-page","status-publish","hentry"],"_links":{"self":[{"href":"https:\/\/kscup.fi\/index.php?rest_route=\/wp\/v2\/pages\/28","targetHints":{"allow":["GET"]}}],"collection":[{"href":"https:\/\/kscup.fi\/index.php?rest_route=\/wp\/v2\/pages"}],"about":[{"href":"https:\/\/kscup.fi\/index.php?rest_route=\/wp\/v2\/types\/page"}],"author":[{"embeddable":true,"href":"https:\/\/kscup.fi\/index.php?rest_route=\/wp\/v2\/users\/1"}],"replies":[{"embeddable":true,"href":"https:\/\/kscup.fi\/index.php?rest_route=%2Fwp%2Fv2%2Fcomments&post=28"}],"version-history":[{"count":3,"href":"https:\/\/kscup.fi\/index.php?rest_route=\/wp\/v2\/pages\/28\/revisions"}],"predecessor-version":[{"id":281,"href":"https:\/\/kscup.fi\/index.php?rest_route=\/wp\/v2\/pages\/28\/revisions\/281"}],"wp:attachment":[{"href":"https:\/\/kscup.fi\/index.php?rest_route=%2Fwp%2Fv2%2Fmedia&parent=28"}],"curies":[{"name":"wp","href":"https:\/\/api.w.org\/{rel}","templated":true}]}}