{"id":431,"date":"2023-03-13T10:28:52","date_gmt":"2023-03-13T08:28:52","guid":{"rendered":"https:\/\/kscup.fi\/?page_id=431"},"modified":"2024-06-28T19:28:52","modified_gmt":"2024-06-28T17:28:52","slug":"elementor-431","status":"publish","type":"page","link":"https:\/\/kscup.fi\/?page_id=431","title":{"rendered":"Puula-uistelu 13.7.2024"},"content":{"rendered":"\t\t<div data-elementor-type=\"wp-page\" data-elementor-id=\"431\" class=\"elementor elementor-431\" data-elementor-settings=\"[]\">\n\t\t\t\t\t\t\t<div class=\"elementor-section-wrap\">\n\t\t\t\t\t\t\t<section class=\"elementor-section elementor-top-section elementor-element elementor-element-2d09a0a elementor-section-boxed elementor-section-height-default elementor-section-height-default\" data-id=\"2d09a0a\" data-element_type=\"section\">\n\t\t\t\t\t\t<div class=\"elementor-container elementor-column-gap-default\">\n\t\t\t\t\t<div class=\"elementor-column elementor-col-100 elementor-top-column elementor-element elementor-element-eba44c8\" data-id=\"eba44c8\" data-element_type=\"column\">\n\t\t\t<div class=\"elementor-widget-wrap elementor-element-populated\">\n\t\t\t\t\t\t\t\t<div class=\"elementor-element elementor-element-65f4954 elementor-widget elementor-widget-text-editor\" data-id=\"65f4954\" data-element_type=\"widget\" data-widget_type=\"text-editor.default\">\n\t\t\t\t<div class=\"elementor-widget-container\">\n\t\t\t\t\t\t\t<section id=\"h.70837c1e0484f0fd_1512\" class=\"yaqOZd\"><div class=\"mYVXT\"><div class=\"LS81yb VICjCf j5pSsc db35Fc\" tabindex=\"-1\"><div class=\"hJDwNd-AhqUyc-uQSCkd Ft7HRd-AhqUyc-uQSCkd purZT-AhqUyc-II5mzb ZcASvf-AhqUyc-II5mzb pSzOP-AhqUyc-qWD73c Ktthjf-AhqUyc-qWD73c JNdkSc SQVYQc\"><div class=\"JNdkSc-SmKAyb LkDMRd\"><div class=\"\"><div class=\"oKdM2c ZZyype Kzv0Me\"><div id=\"h.70837c1e0484f0fd_1515\" class=\"hJDwNd-AhqUyc-uQSCkd Ft7HRd-AhqUyc-uQSCkd jXK9ad D2fZ2 zu5uec OjCsFc dmUFtb wHaque g5GTcb JYTMs\"><div class=\"jXK9ad-SmKAyb\"><div class=\"tyJCtd mGzaTb Depvyb baZpAe\"><h2 class=\"CDt4Ke zfr3Q\" dir=\"ltr\"><strong>PUULA -UISTELU<\/strong><\/h2><p class=\"CDt4Ke zfr3Q\" dir=\"ltr\"><strong>Kangasniemi La 13.7.2024 klo 11.00-18.00 + siirtym\u00e4t alussa n.30min ja lopussa 30min<\/strong><\/p><p class=\"CDt4Ke zfr3Q\" dir=\"ltr\"><strong>L\u00e4ht\u00f6 ja maali:<\/strong> Kes\u00e4ravintola Puulaaki, Kangasniemen vierasvenesatama, Satamatie 18, 51200 Kangasniemi<\/p><p class=\"CDt4Ke zfr3Q\" dir=\"ltr\"><strong>Laskuluiska: <\/strong>Luotsilahden venesatama, Luotsitie 51200 Kangasniemi<\/p><\/div><\/div><\/div><\/div><\/div><\/div><\/div><\/div><\/div><\/section><section id=\"h.70837c1e0484f0fd_1516\" class=\"yaqOZd\"><div class=\"IFuOkc\">\u00a0<\/div><div class=\"mYVXT\"><div class=\"LS81yb VICjCf j5pSsc db35Fc\" tabindex=\"-1\"><div class=\"hJDwNd-AhqUyc-c5RTEf Ft7HRd-AhqUyc-c5RTEf purZT-AhqUyc-c5RTEf ZcASvf-AhqUyc-c5RTEf pSzOP-AhqUyc-c5RTEf Ktthjf-AhqUyc-c5RTEf JNdkSc SQVYQc\"><div class=\"JNdkSc-SmKAyb LkDMRd\"><div class=\"\"><div class=\"oKdM2c ZZyype Kzv0Me\"><div id=\"h.70837c1e0484f0fd_1519\" class=\"hJDwNd-AhqUyc-c5RTEf Ft7HRd-AhqUyc-c5RTEf purZT-AhqUyc-c5RTEf ZcASvf-AhqUyc-c5RTEf pSzOP-AhqUyc-c5RTEf Ktthjf-AhqUyc-c5RTEf jXK9ad D2fZ2 zu5uec OjCsFc dmUFtb wHaque g5GTcb\"><div class=\"jXK9ad-SmKAyb\"><div class=\"tyJCtd OWlOyc baZpAe\"><div><div class=\"WIdY2d M1aSXe\"><div>\u00a0<\/div><p><iframe class=\"YMEQtf\" src=\"https:\/\/maps-api-ssl.google.com\/maps?hl=fi&amp;ll=61.983475,26.644838&amp;output=embed&amp;q=61.983427,26.644055+(Nimet%C3%B6n+sijainti)&amp;z=18\" frameborder=\"0\" sandbox=\"allow-scripts allow-popups allow-forms allow-same-origin allow-popups-to-escape-sandbox allow-downloads allow-modals\" allowfullscreen=\"allowfullscreen\" aria-label=\"Map\" data-mce-fragment=\"1\"><\/iframe><\/p><\/div><\/div><\/div><\/div><\/div><\/div><\/div><\/div><\/div><div class=\"hJDwNd-AhqUyc-Clt0zb Ft7HRd-AhqUyc-Clt0zb JNdkSc SQVYQc L6cTce-purZT L6cTce-pSzOP\"><div class=\"JNdkSc-SmKAyb LkDMRd\"><div class=\"\"><strong><span style=\"color: #ff0000;\">Kilpailukohtaiset s\u00e4\u00e4nn\u00f6t:<\/span> <a href=\"https:\/\/kscup.fi\/wp-content\/uploads\/2024\/06\/Saannot-Keski-Suomi-Cup-Puula-uistelu-13.7.2024.pdf\">PUULA-UISTELU 13.7.2024 S\u00c4\u00c4NN\u00d6T<\/a><\/strong><\/div><\/div><\/div><\/div><\/div><\/section><section id=\"h.70837c1e0484f0fd_1520\" class=\"yaqOZd\"><div class=\"IFuOkc\"><strong><span style=\"color: #ff0000;\">Kilpailualueen kartta:<\/span> <a href=\"https:\/\/kscup.fi\/wp-content\/uploads\/2024\/06\/Kartta_Puula_2024.pdf\">PUULA &#8211; UISTELU 13.7.2024 KARTTA<\/a><\/strong><\/div><div class=\"IFuOkc\">\u00a0<\/div><div class=\"mYVXT\"><div class=\"LS81yb VICjCf j5pSsc db35Fc\" tabindex=\"-1\"><div class=\"hJDwNd-AhqUyc-OiUrBf Ft7HRd-AhqUyc-OiUrBf purZT-AhqUyc-II5mzb ZcASvf-AhqUyc-II5mzb pSzOP-AhqUyc-qWD73c Ktthjf-AhqUyc-qWD73c JNdkSc SQVYQc\"><div class=\"JNdkSc-SmKAyb LkDMRd\"><div class=\"\"><div class=\"oKdM2c ZZyype Kzv0Me\"><div id=\"h.70837c1e0484f0fd_1523\" class=\"hJDwNd-AhqUyc-OiUrBf Ft7HRd-AhqUyc-OiUrBf jXK9ad D2fZ2 zu5uec OjCsFc dmUFtb wHaque g5GTcb JYTMs\"><div class=\"jXK9ad-SmKAyb\"><div class=\"tyJCtd mGzaTb Depvyb baZpAe\"><p class=\"CDt4Ke zfr3Q\" dir=\"ltr\"><strong>KILPAILUKALAT,ALAMITAT JA KERTOIMET:<\/strong><\/p><p class=\"CDt4Ke zfr3Q\" dir=\"ltr\">Hauki 55cm x 1<\/p><p class=\"CDt4Ke zfr3Q\" dir=\"ltr\">Kuha 46cm x 5<\/p><p class=\"CDt4Ke zfr3Q\" dir=\"ltr\">Ahven 25cm x 3<\/p><p dir=\"ltr\">Muu 30cm x 1<\/p><p class=\"CDt4Ke zfr3Q\" dir=\"ltr\">(mahdolliset muutokset s\u00e4\u00e4nt\u00f6ihin ilmoitetaan VIIMEIST\u00c4\u00c4N kilpailijakokouksessa)<\/p><p class=\"CDt4Ke zfr3Q\" dir=\"ltr\"><strong>Lohikalat (J\u00e4rvitaimen,-lohi ja Nieri\u00e4) eiv\u00e4t ole kilpailukaloja!<\/strong><\/p><p class=\"CDt4Ke zfr3Q\" dir=\"ltr\">&#8211; Raksi sallittu.<\/p><\/div><\/div><\/div><\/div><\/div><\/div><\/div><div class=\"hJDwNd-AhqUyc-II5mzb Ft7HRd-AhqUyc-II5mzb purZT-AhqUyc-II5mzb ZcASvf-AhqUyc-II5mzb pSzOP-AhqUyc-II5mzb Ktthjf-AhqUyc-II5mzb JNdkSc SQVYQc\"><div class=\"JNdkSc-SmKAyb LkDMRd\"><div class=\"\"><div class=\"oKdM2c ZZyype Kzv0Me\"><div id=\"h.70837c1e0484f0fd_1526\" class=\"hJDwNd-AhqUyc-II5mzb Ft7HRd-AhqUyc-II5mzb pSzOP-AhqUyc-II5mzb Ktthjf-AhqUyc-II5mzb jXK9ad D2fZ2 zu5uec OjCsFc dmUFtb wHaque g5GTcb\"><div class=\"jXK9ad-SmKAyb\"><div class=\"tyJCtd baZpAe\"><div class=\"t3iYD\">\u00a0<\/div><\/div><\/div><\/div><\/div><\/div><\/div><\/div><\/div><\/div><\/section><section id=\"h.70837c1e0484f0fd_1527\" class=\"yaqOZd\"><div class=\"IFuOkc\">\u00a0<\/div><div class=\"mYVXT\"><div class=\"LS81yb VICjCf j5pSsc db35Fc\" tabindex=\"-1\"><div class=\"hJDwNd-AhqUyc-uQSCkd Ft7HRd-AhqUyc-uQSCkd purZT-AhqUyc-II5mzb ZcASvf-AhqUyc-II5mzb pSzOP-AhqUyc-qWD73c Ktthjf-AhqUyc-qWD73c JNdkSc SQVYQc\"><div class=\"JNdkSc-SmKAyb LkDMRd\"><div class=\"\"><div class=\"oKdM2c ZZyype Kzv0Me\"><div id=\"h.70837c1e0484f0fd_1530\" class=\"hJDwNd-AhqUyc-uQSCkd Ft7HRd-AhqUyc-uQSCkd jXK9ad D2fZ2 zu5uec OjCsFc dmUFtb wHaque g5GTcb JYTMs\"><div class=\"jXK9ad-SmKAyb\"><div class=\"tyJCtd mGzaTb Depvyb baZpAe\"><p class=\"CDt4Ke zfr3Q\" dir=\"ltr\"><strong>OSANOTTOMAKSU: <\/strong><\/p><p class=\"CDt4Ke zfr3Q\" dir=\"ltr\"><strong>50 euroa\/venekunta<\/strong>. Alle 20v. venekunnat ilmaiseksi.<\/p><p class=\"CDt4Ke zfr3Q\" dir=\"ltr\">Ennakkoilmoittautuminen 11.7.2024 menness\u00e4 50 \u20ac\/venekunta.<\/p><p class=\"CDt4Ke zfr3Q\" dir=\"ltr\"><strong>Ei j\u00e4lki-ilmoittausmislis\u00e4\u00e4!<\/strong><\/p><p class=\"CDt4Ke zfr3Q\" dir=\"ltr\"><strong>Tili<\/strong>:<\/p><p class=\"CDt4Ke zfr3Q\" dir=\"ltr\">Op Kangasniemi:FI08 5105 0620 0845 10<\/p><p class=\"CDt4Ke zfr3Q\" dir=\"ltr\"><strong>Yhteyshenkil\u00f6:<\/strong> Janne Savolainen 040 569 2055<\/p><p class=\"CDt4Ke zfr3Q\" dir=\"ltr\"><strong>S\u00e4\u00e4nt\u00f6tarkennuksia: (Pid\u00e4t\u00e4mme oikeudet mahdollisiin muutoksiin)<\/strong><\/p><p class=\"CDt4Ke zfr3Q\" dir=\"ltr\"><strong>KILPAILUS\u00c4\u00c4NN\u00d6T 2024:<\/strong><\/p><p class=\"CDt4Ke zfr3Q\" dir=\"ltr\">1. Kilpailuaika <strong>11.00 &#8211; 18.00<\/strong>.<\/p><p class=\"CDt4Ke zfr3Q\" dir=\"ltr\">&#8211; Kilpailutoimisto (Kes\u00e4ravintola Puulaaki) avataan <strong>Klo. 9.00<\/strong><\/p><p class=\"CDt4Ke zfr3Q\" dir=\"ltr\">&#8211; Kipparikokous <strong>klo 10.20<\/strong><\/p><p class=\"CDt4Ke zfr3Q\" dir=\"ltr\">&#8211; Siirtym\u00e4 kilpailualueelle <strong>Klo n.10.30<\/strong><\/p><p class=\"CDt4Ke zfr3Q\" dir=\"ltr\">&#8211; <strong>Klo 17.30<\/strong> punnituspaikka avataan<\/p><p class=\"CDt4Ke zfr3Q\" dir=\"ltr\">&#8211; Viimeist\u00e4\u00e4n <strong>Klo 18.30<\/strong> oltava sataman laiturissa, mink\u00e4 kautta kalat tuodaan punnitukseen.<\/p><p class=\"CDt4Ke zfr3Q\" dir=\"ltr\">2. Kilpailualue ilmenee kartasta. Rantautumispaikkoja ovat kilpailukeskus, Ankosaari Ruovedensel\u00e4ll\u00e4 ja Likoniemi Vuojasel\u00e4ll\u00e4<\/p><p class=\"CDt4Ke zfr3Q\" dir=\"ltr\"><strong>PUULAN UISTELIJAT ry<\/strong><\/p><p class=\"CDt4Ke zfr3Q\" dir=\"ltr\"><a href=\"https:\/\/kscup.fi\/wp-content\/uploads\/2024\/06\/Kartta_Puula_2024.pdf\"><strong>Kilpailueen kartta!<\/strong><\/a><\/p><p class=\"CDt4Ke zfr3Q\" dir=\"ltr\">\u00a0<\/p><\/div><\/div><\/div><\/div><\/div><\/div><\/div><\/div><\/div><\/section>\t\t\t\t\t\t<\/div>\n\t\t\t\t<\/div>\n\t\t\t\t\t<\/div>\n\t\t<\/div>\n\t\t\t\t\t\t\t<\/div>\n\t\t<\/section>\n\t\t\t\t\t\t<\/div>\n\t\t\t\t\t<\/div>\n\t\t","protected":false},"excerpt":{"rendered":"<p>PUULA -UISTELU Kangasniemi La 13.7.2024 klo 11.00-18.00 + siirtym\u00e4t alussa n.30min ja lopussa 30min L\u00e4ht\u00f6 ja maali: Kes\u00e4ravintola Puulaaki, Kangasniemen vierasvenesatama, Satamatie 18, 51200 Kangasniemi Laskuluiska: Luotsilahden venesatama, Luotsitie 51200 Kangasniemi \u00a0\u00a0 Kilpailukohtaiset s\u00e4\u00e4nn\u00f6t: PUULA-UISTELU 13.7.2024 S\u00c4\u00c4NN\u00d6T Kilpailualueen kartta: PUULA &#8211; UISTELU 13.7.2024 KARTTA\u00a0 KILPAILUKALAT,ALAMITAT JA KERTOIMET: Hauki 55cm x 1 Kuha 46cm x 5 &hellip;<\/p>\n<p class=\"read-more\"> <a class=\"\" href=\"https:\/\/kscup.fi\/?page_id=431\"> <span class=\"screen-reader-text\">Puula-uistelu 13.7.2024<\/span> Lue lis\u00e4\u00e4 &raquo;<\/a><\/p>\n","protected":false},"author":2,"featured_media":0,"parent":0,"menu_order":0,"comment_status":"closed","ping_status":"closed","template":"","meta":{"footnotes":""},"class_list":["post-431","page","type-page","status-publish","hentry"],"_links":{"self":[{"href":"https:\/\/kscup.fi\/index.php?rest_route=\/wp\/v2\/pages\/431","targetHints":{"allow":["GET"]}}],"collection":[{"href":"https:\/\/kscup.fi\/index.php?rest_route=\/wp\/v2\/pages"}],"about":[{"href":"https:\/\/kscup.fi\/index.php?rest_route=\/wp\/v2\/types\/page"}],"author":[{"embeddable":true,"href":"https:\/\/kscup.fi\/index.php?rest_route=\/wp\/v2\/users\/2"}],"replies":[{"embeddable":true,"href":"https:\/\/kscup.fi\/index.php?rest_route=%2Fwp%2Fv2%2Fcomments&post=431"}],"version-history":[{"count":43,"href":"https:\/\/kscup.fi\/index.php?rest_route=\/wp\/v2\/pages\/431\/revisions"}],"predecessor-version":[{"id":963,"href":"https:\/\/kscup.fi\/index.php?rest_route=\/wp\/v2\/pages\/431\/revisions\/963"}],"wp:attachment":[{"href":"https:\/\/kscup.fi\/index.php?rest_route=%2Fwp%2Fv2%2Fmedia&parent=431"}],"curies":[{"name":"wp","href":"https:\/\/api.w.org\/{rel}","templated":true}]}}