{"id":6,"date":"2021-08-25T10:36:58","date_gmt":"2021-08-25T10:36:58","guid":{"rendered":"https:\/\/kscup.fi\/?page_id=6"},"modified":"2026-05-09T09:55:17","modified_gmt":"2026-05-09T07:55:17","slug":"hartola-uistelu-6-6-2021","status":"publish","type":"page","link":"https:\/\/kscup.fi\/?page_id=6","title":{"rendered":"Kuningaskalastaja"},"content":{"rendered":"\t\t<div data-elementor-type=\"wp-page\" data-elementor-id=\"6\" class=\"elementor elementor-6\" data-elementor-settings=\"[]\">\n\t\t\t\t\t\t\t<div class=\"elementor-section-wrap\">\n\t\t\t\t\t\t\t<section class=\"elementor-section elementor-top-section elementor-element elementor-element-79c882c3 elementor-section-boxed elementor-section-height-default elementor-section-height-default\" data-id=\"79c882c3\" data-element_type=\"section\">\n\t\t\t\t\t\t<div class=\"elementor-container elementor-column-gap-default\">\n\t\t\t\t\t<div class=\"elementor-column elementor-col-100 elementor-top-column elementor-element elementor-element-50ce770c\" data-id=\"50ce770c\" data-element_type=\"column\">\n\t\t\t<div class=\"elementor-widget-wrap elementor-element-populated\">\n\t\t\t\t\t\t\t\t<div class=\"elementor-element elementor-element-6daa456b elementor-widget elementor-widget-text-editor\" data-id=\"6daa456b\" data-element_type=\"widget\" data-widget_type=\"text-editor.default\">\n\t\t\t\t<div class=\"elementor-widget-container\">\n\t\t\t\t\t\t\t<p><strong>KUNINGASKALASTAJA-UISTELU J\u00c4\u00c4SJ\u00c4RVELL\u00c4<\/strong><br \/><strong>Hartola Su 13.9.2026 klo 10.00-16.00 + siirtym\u00e4t alussa n.30min ja lopussa 30min<\/strong><\/p>\n<p><!-- \/wp:paragraph --><\/p>\n<p><!-- wp:heading {\"level\":4} --><\/p>\n<h4>HARTOLA,VISAN VENESATAMA<\/h4>\n<p><iframe loading=\"lazy\" style=\"border: 0;\" src=\"https:\/\/www.google.com\/maps\/embed?pb=!1m18!1m12!1m3!1d2257.6228570604735!2d26.050157098869104!3d61.58738461480522!2m3!1f0!2f0!3f0!3m2!1i1024!2i768!4f13.1!3m3!1m2!1s0x468fe5f14e02f2a5%3A0x6972b612c5c19594!2sHartolan%20venesatama!5e0!3m2!1sfi!2sfi!4v1629895855854!5m2!1sfi!2sfi\" width=\"400\" height=\"300\" allowfullscreen=\"allowfullscreen\"><\/iframe><\/p>\n<p><!-- \/wp:heading --><\/p>\n<p><!-- wp:paragraph --><\/p>\n<p><strong>L\u00c4HT\u00d6- JA MAALIALUE:<\/strong><br \/>Visan veneranta. Huvikummuntie 17 19600 Hartola\u00a0<\/p>\n<p><!-- \/wp:embed --><\/p>\n<p><!-- wp:paragraph --><\/p>\n<p><strong>KILPAILUKALAT,ALAMITAT JA KERTOIMET:<\/strong><\/p>\n<p><!-- \/wp:image --><\/p>\n<p><!-- wp:paragraph --><\/p>\n<p>Hauki 50cm x 1<br \/>Kuha 46cm x 3<br \/>Ahven 25cm x 4\u00a0<\/p>\n<p><!-- \/wp:paragraph --><\/p>\n<p><!-- wp:paragraph --><\/p>\n<p><span style=\"color: #ff0000;\"><strong>Max. 20-kalaa puntariin, joista enint\u00e4\u00e4n\u00a0<\/strong><span style=\"font-weight: bold; font-size: 1rem;\">10 haukea, 5 kuhaa ja 5 ahventa<\/span><\/span><\/p>\n<p><!-- \/wp:paragraph --><\/p>\n<p><!-- wp:paragraph --><\/p>\n<p>(mahdolliset muutokset s\u00e4\u00e4nt\u00f6ihin ilmoitetaan VIIMEIST\u00c4\u00c4N kilpailijakokouksessa)<\/p>\n<p><!-- \/wp:paragraph --><\/p>\n<p><!-- wp:paragraph --><\/p>\n<p>Lohikalat eiv\u00e4t kuulu kilpailukaloihin!\u00a0 \u00a0<\/p>\n<p><!-- \/wp:paragraph --><\/p>\n<p><!-- wp:paragraph --><\/p>\n<p>&#8211; Raksi sallittu.<\/p>\n<p><!-- \/wp:paragraph --><\/p>\n<p><!-- wp:paragraph --><\/p>\n<p><strong>&#8211; Kelkoissa pit\u00e4\u00e4 olla liput!!!<\/strong><\/p>\n<p><!-- \/wp:paragraph --><\/p>\n<p><!-- wp:paragraph --><\/p>\n<p>\u00a0<\/p>\n<p><!-- \/wp:paragraph --><\/p>\n<p><!-- wp:paragraph --><\/p>\n<p><strong>OSANOTTOMAKSU:<\/strong><\/p>\n<p><!-- \/wp:paragraph --><\/p>\n<p><!-- wp:paragraph --><\/p>\n<p><strong>50 euroa\/venekunta<\/strong>. Alle 20v. venekunnat ilmaiseksi.<\/p>\n<p><!-- \/wp:paragraph --><\/p>\n<p><!-- wp:paragraph --><\/p>\n<p>Ennakkoilmoittautuminen 11.9.2025 menness\u00e4 50 euroa\/venekunta<\/p>\n<p><!-- \/wp:paragraph --><\/p>\n<p><!-- wp:paragraph --><\/p>\n<p>Sis\u00e4lt\u00e4\u00e4 harjoitusluvan 12.9.2025\u00a0 \u00a0\u00a0<\/p>\n<p><!-- \/wp:paragraph --><\/p>\n<p><!-- wp:paragraph --><\/p>\n<p><strong>Ei j\u00e4lki-ilmoittausmislis\u00e4\u00e4!<\/strong><\/p>\n<p><!-- \/wp:paragraph --><\/p>\n<p><!-- wp:paragraph --><\/p>\n<p><strong>TILI:<\/strong><br \/>Nordea Hartola FI0712533500032459<\/p>\n<p><!-- \/wp:paragraph --><\/p>\n<p><!-- wp:paragraph --><\/p>\n<p><strong>YHTEYSHENKIL\u00d6T:<\/strong><br \/>Jouni Neuvonen p. 0400-497 644 tai Tommi Tuominen p. 045 636 3949<\/p>\n<p><!-- \/wp:paragraph --><\/p>\n<p><!-- wp:paragraph --><\/p>\n<p>TERVETULOA!!!<\/p>\n<p><!-- \/wp:paragraph --><\/p>\n<p><!-- wp:paragraph --><\/p>\n<p><strong>Kartta kilpailualueesta:\u00a0<\/strong>(\u00e4l\u00e4 v\u00e4lit\u00e4 punaisista v\u00e4reist\u00e4, musta viiva on merkitsev\u00e4 kilpailu-alueen raja)<\/p>\n<p><!-- \/wp:paragraph --><\/p>\n<p><!-- wp:image {\"linkDestination\":\"custom\"} --><\/p>\n<figure><a href=\"https:\/\/kscup.fi\/wp-content\/uploads\/2022\/06\/hartola1.jpg\"><img decoding=\"async\" src=\"https:\/\/sites.google.com\/site\/keskisuomicup\/_\/rsrc\/1462690028936\/home\/muuratjarvi\/12039771_754237958039074_4064444075568733595_n.jpg\" alt=\"\" \/><img loading=\"lazy\" decoding=\"async\" src=\"https:\/\/kscup.fi\/wp-content\/uploads\/2022\/06\/hartola1-210x300.jpg\" alt=\"\" width=\"210\" height=\"300\" \/><\/a><\/figure>\n<p><!-- \/wp:image --><\/p>\n<p><!-- wp:paragraph --><\/p>\n<p><!-- \/wp:paragraph --><\/p>\t\t\t\t\t\t<\/div>\n\t\t\t\t<\/div>\n\t\t\t\t\t<\/div>\n\t\t<\/div>\n\t\t\t\t\t\t\t<\/div>\n\t\t<\/section>\n\t\t\t\t\t\t<\/div>\n\t\t\t\t\t<\/div>\n\t\t","protected":false},"excerpt":{"rendered":"<p>KUNINGASKALASTAJA-UISTELU J\u00c4\u00c4SJ\u00c4RVELL\u00c4Hartola Su 13.9.2026 klo 10.00-16.00 + siirtym\u00e4t alussa n.30min ja lopussa 30min HARTOLA,VISAN VENESATAMA L\u00c4HT\u00d6- JA MAALIALUE:Visan veneranta. Huvikummuntie 17 19600 Hartola\u00a0 KILPAILUKALAT,ALAMITAT JA KERTOIMET: Hauki 50cm x 1Kuha 46cm x 3Ahven 25cm x 4\u00a0 Max. 20-kalaa puntariin, joista enint\u00e4\u00e4n\u00a010 haukea, 5 kuhaa ja 5 ahventa (mahdolliset muutokset s\u00e4\u00e4nt\u00f6ihin ilmoitetaan VIIMEIST\u00c4\u00c4N kilpailijakokouksessa) Lohikalat eiv\u00e4t &hellip;<\/p>\n<p class=\"read-more\"> <a class=\"\" href=\"https:\/\/kscup.fi\/?page_id=6\"> <span class=\"screen-reader-text\">Kuningaskalastaja<\/span> Lue lis\u00e4\u00e4 &raquo;<\/a><\/p>\n","protected":false},"author":1,"featured_media":0,"parent":0,"menu_order":0,"comment_status":"closed","ping_status":"closed","template":"","meta":{"footnotes":""},"class_list":["post-6","page","type-page","status-publish","hentry"],"_links":{"self":[{"href":"https:\/\/kscup.fi\/index.php?rest_route=\/wp\/v2\/pages\/6","targetHints":{"allow":["GET"]}}],"collection":[{"href":"https:\/\/kscup.fi\/index.php?rest_route=\/wp\/v2\/pages"}],"about":[{"href":"https:\/\/kscup.fi\/index.php?rest_route=\/wp\/v2\/types\/page"}],"author":[{"embeddable":true,"href":"https:\/\/kscup.fi\/index.php?rest_route=\/wp\/v2\/users\/1"}],"replies":[{"embeddable":true,"href":"https:\/\/kscup.fi\/index.php?rest_route=%2Fwp%2Fv2%2Fcomments&post=6"}],"version-history":[{"count":59,"href":"https:\/\/kscup.fi\/index.php?rest_route=\/wp\/v2\/pages\/6\/revisions"}],"predecessor-version":[{"id":1539,"href":"https:\/\/kscup.fi\/index.php?rest_route=\/wp\/v2\/pages\/6\/revisions\/1539"}],"wp:attachment":[{"href":"https:\/\/kscup.fi\/index.php?rest_route=%2Fwp%2Fv2%2Fmedia&parent=6"}],"curies":[{"name":"wp","href":"https:\/\/api.w.org\/{rel}","templated":true}]}}