{"id":621,"date":"2024-05-05T19:09:13","date_gmt":"2024-05-05T17:09:13","guid":{"rendered":"https:\/\/kscup.fi\/?page_id=621"},"modified":"2024-05-05T19:10:59","modified_gmt":"2024-05-05T17:10:59","slug":"keski-suomi-cup-2023","status":"publish","type":"page","link":"https:\/\/kscup.fi\/?page_id=621","title":{"rendered":"Keski-Suomi Cup 2023"},"content":{"rendered":"\t\t<div data-elementor-type=\"wp-page\" data-elementor-id=\"621\" class=\"elementor elementor-621\" data-elementor-settings=\"[]\">\n\t\t\t\t\t\t\t<div class=\"elementor-section-wrap\">\n\t\t\t\t\t\t\t<section class=\"elementor-section elementor-top-section elementor-element elementor-element-87fa70a elementor-section-boxed elementor-section-height-default elementor-section-height-default\" data-id=\"87fa70a\" data-element_type=\"section\">\n\t\t\t\t\t\t<div class=\"elementor-container elementor-column-gap-default\">\n\t\t\t\t\t<div class=\"elementor-column elementor-col-100 elementor-top-column elementor-element elementor-element-f0f3c00\" data-id=\"f0f3c00\" data-element_type=\"column\">\n\t\t\t<div class=\"elementor-widget-wrap elementor-element-populated\">\n\t\t\t\t\t\t\t\t<div class=\"elementor-element elementor-element-16247ac elementor-widget elementor-widget-text-editor\" data-id=\"16247ac\" data-element_type=\"widget\" data-widget_type=\"text-editor.default\">\n\t\t\t\t<div class=\"elementor-widget-container\">\n\t\t\t\t\t\t\t<h1 style=\"font-size: 15px; font-style: normal; font-weight: 400;\"><span style=\"font-weight: 700;\">Keski-Suomi Cup 2023<\/span><\/h1>\n<p style=\"font-size: 15px; font-style: normal; font-weight: 400;\"><a href=\"https:\/\/kscup.fi\/wp-content\/uploads\/2023\/04\/K-S_Cup_2023_WEB.pdf\" style=\"background-color: rgb(255, 255, 255);\">KS CUP ESITE 2023!<\/a><\/p>\n<table style=\"border-collapse: collapse; margin-bottom: 0px; width: 731.906px;\">\n<tbody>\n<tr>\n<td style=\"padding: 0.5em; border-top-width: 1px; border-left-width: 1px; border-color: initial;\">\n<p style=\"font-size: 15px;\"><span style=\"font-weight: bold;\">13.5.2023<\/span><br>Kilpailu klo 10-17<\/p>\n<\/td>\n<td style=\"padding: 0.5em; border-top-width: 1px; border-left-width: 1px; border-color: initial;\"><span style=\"font-weight: bold;\">Keurusselk\u00e4 &#8211; uistelu<\/span><br>kalustoranta, Juhanantie 42700 Keuruu<br><a href=\"https:\/\/kscup.fi\/?page_id=271\" data-type=\"page\" data-id=\"18\" style=\"background-color: rgb(255, 255, 255); color: rgb(58, 58, 58); outline: 0px;\">S\u00e4\u00e4nn\u00f6t ja kartta kilpailualueesta 2023<\/a><\/td>\n<td style=\"padding: 0.5em; border-top-width: 1px; border-left-width: 1px; border-color: initial;\"><a href=\"https:\/\/kscup.fi\/?page_id=188\" data-type=\"page\" data-id=\"188\" style=\"background-color: rgb(255, 255, 255);\">Tulokset 2021<\/a><br><a href=\"https:\/\/kscup.fi\/wp-content\/uploads\/2022\/09\/keurusselka12022.pdf\" style=\"background-color: rgb(255, 255, 255);\">Tulokset 2022<\/a><br><a href=\"https:\/\/kscup.fi\/wp-content\/uploads\/2022\/09\/keurusselka22022.pdf\" style=\"background-color: rgb(255, 255, 255); color: rgb(58, 58, 58); outline: 0px;\">Tulokset (sunnuntai) 2022<\/a><br><a href=\"https:\/\/kscup.fi\/wp-content\/uploads\/2023\/05\/Keurusselka2023.pdf\"><span style=\"font-weight: 700;\">Tulokset 2023<\/span><\/a><\/td>\n<\/tr>\n<tr>\n<td style=\"padding: 0.5em; border-top-width: 1px; border-left-width: 1px; border-color: initial;\"><span style=\"font-weight: bold;\">4.6.2023<\/span><br>Kilpailu klo 10-17<br>10 kalan kilpailu<\/td>\n<td style=\"padding: 0.5em; border-top-width: 1px; border-left-width: 1px; border-color: initial;\"><span style=\"font-weight: bold;\">Hartola &#8211; uistelu<\/span><br>It\u00e4-P\u00e4ij\u00e4nteen Kalakaverit ry<br>Visan veneranta, Huvikummuntie 17 19600 Hartola<br><a href=\"https:\/\/kscup.fi\/?page_id=6\" data-type=\"page\" data-id=\"6\" style=\"background-color: rgb(255, 255, 255);\">S\u00e4\u00e4nn\u00f6t ja kartta kilpailualueesta 2023<\/a><\/td>\n<td style=\"padding: 0.5em; border-top-width: 1px; border-left-width: 1px; border-color: initial;\">Tulokset 2021<br><a href=\"https:\/\/kscup.fi\/wp-content\/uploads\/2022\/06\/hartola2022.pdf\" style=\"background-color: rgb(255, 255, 255);\">Tulokset 2022<\/a><br><a href=\"https:\/\/kscup.fi\/wp-content\/uploads\/2023\/06\/Hartola-2023-kevat.pdf\"><span style=\"font-weight: 700;\">Tulokset 2023<\/span><\/a><\/td>\n<\/tr>\n<tr>\n<td style=\"padding: 0.5em; border-top-width: 1px; border-left-width: 1px; border-color: initial;\"><span style=\"font-weight: bold;\">8.7.2023<\/span><br>Kilpailu klo 11-18<\/td>\n<td style=\"padding: 0.5em; border-top-width: 1px; border-left-width: 1px; border-color: initial;\">\n<p style=\"font-size: 15px;\"><span style=\"font-weight: bold;\">Puula- uistelu<\/span><br>Puulan uistelijat Ry<\/p>\n<p style=\"font-size: 15px;\"><a href=\"https:\/\/kscup.fi\/?page_id=431\">S\u00e4\u00e4nn\u00f6t ja kartta kilpailualueesta 2023<\/a><\/p>\n<\/td>\n<td style=\"padding: 0.5em; border-top-width: 1px; border-left-width: 1px; border-color: initial;\">&nbsp;<a href=\"https:\/\/kscup.fi\/wp-content\/uploads\/2023\/07\/puula2023.pdf\"><span style=\"font-weight: 700;\">Tulokset 2023<\/span><\/a><\/td>\n<\/tr>\n<tr>\n<td style=\"padding: 0.5em; border-top-width: 1px; border-left-width: 1px; border-color: initial;\"><span style=\"font-weight: bold;\">23.7.2023<\/span><br>Kilpailu klo 10 &#8211; 17<\/td>\n<td style=\"padding: 0.5em; border-top-width: 1px; border-left-width: 1px; border-color: initial;\"><span style=\"font-weight: bold;\">Kuuhankavesi -uistelu<\/span><br>Leirint\u00e4alue, Kirkkorannantie 41520 Hankasalmi<br><a href=\"https:\/\/kscup.fi\/?page_id=8\" data-type=\"page\" data-id=\"8\" style=\"background-color: rgb(255, 255, 255);\">S\u00e4\u00e4nn\u00f6t ja kartta kilpailualueesta 2023<\/a><\/td>\n<td style=\"padding: 0.5em; border-top-width: 1px; border-left-width: 1px; border-color: initial;\">Tulokset 2021<br><a href=\"https:\/\/kscup.fi\/wp-content\/uploads\/2022\/07\/kuuhanka2022.pdf\" target=\"_blank\" rel=\"noopener\" style=\"background-color: rgb(255, 255, 255);\">Tulokset 2022<\/a><br><a href=\"https:\/\/kscup.fi\/wp-content\/uploads\/2023\/07\/hankasalmi2023.pdf\"><span style=\"font-weight: 700;\">Tulokset 2023<\/span><\/a><\/td>\n<\/tr>\n<tr>\n<td style=\"padding: 0.5em; border-top-width: 1px; border-left-width: 1px; border-color: initial;\"><span style=\"font-weight: bold;\">3.9.2023<\/span><br>Kilpailu klo 10 &#8211; 17<\/td>\n<td style=\"padding: 0.5em; border-top-width: 1px; border-left-width: 1px; border-color: initial;\"><span style=\"font-weight: bold;\">Muuratj\u00e4rvi -uistelu<\/span><br>Klubiranta, Muuratj\u00e4rvi<br><a href=\"https:\/\/kscup.fi\/?page_id=14\" data-type=\"page\" data-id=\"14\" style=\"background-color: rgb(255, 255, 255);\">S\u00e4\u00e4nn\u00f6t ja kartta kilpailualueesta 2023<\/a><\/td>\n<td style=\"padding: 0.5em; border-top-width: 1px; border-left-width: 1px; border-color: initial;\"><a href=\"https:\/\/kscup.fi\/?page_id=144\" data-type=\"page\" data-id=\"144\" style=\"background-color: rgb(255, 255, 255); color: rgb(58, 58, 58); outline: 0px;\">Tulokset 2021<\/a><br><a href=\"https:\/\/kscup.fi\/wp-content\/uploads\/2022\/09\/muuratjarvi2022.pdf\" style=\"background-color: rgb(255, 255, 255);\">Tulokset 2022<\/a><br><a href=\"https:\/\/kscup.fi\/wp-content\/uploads\/2023\/09\/KSCUPOsakilpailut2023_Muurame.pdf\"><span style=\"font-weight: 700;\">Tulokset 2023<\/span><\/a><\/td>\n<\/tr>\n<tr>\n<td style=\"padding: 0.5em; border-top-width: 1px; border-left-width: 1px; border-color: initial;\">\n<p style=\"font-size: 15px;\"><span style=\"font-weight: bold;\">10.9.2023<\/span><br>Kilpailu klo 10 &#8211; 16<\/p>\n<\/td>\n<td style=\"padding: 0.5em; border-top-width: 1px; border-left-width: 1px; border-color: initial;\"><span style=\"font-weight: bold;\">Kuningaskalastaja -uistelu<\/span><br>Visan veneranta, Huvikummuntie 17 19600 Hartola<br><a href=\"https:\/\/kscup.fi\/?page_id=16\" data-type=\"page\" data-id=\"16\" style=\"background-color: rgb(255, 255, 255);\">S\u00e4\u00e4nn\u00f6t ja kartta kilpailualueesta 2023<\/a><\/td>\n<td style=\"padding: 0.5em; border-top-width: 1px; border-left-width: 1px; border-color: initial;\"><a href=\"https:\/\/kscup.fi\/?page_id=173\" data-type=\"page\" data-id=\"173\" style=\"background-color: rgb(255, 255, 255); color: rgb(58, 58, 58); outline: 0px;\">Tulokset 2021<\/a><br><a href=\"https:\/\/kscup.fi\/wp-content\/uploads\/2022\/09\/kuningaskalastaja2022.pdf\" target=\"_blank\" rel=\"noopener\" style=\"background-color: rgb(255, 255, 255);\">Tulokset 2022<\/a><br><a href=\"https:\/\/kscup.fi\/wp-content\/uploads\/2023\/09\/KSCUPOsakilpailut2023_Hartola.pdf\"><span style=\"font-weight: 700;\">Tulokset 2023<\/span><\/a><\/td>\n<\/tr>\n<tr>\n<td style=\"padding: 0.5em; border-top-width: 1px; border-left-width: 1px; border-color: initial;\"><span style=\"font-weight: bold;\">1.10.2023<\/span><br>Kilpailu klo 10-17<\/td>\n<td style=\"padding: 0.5em; border-top-width: 1px; border-left-width: 1px; border-color: initial;\"><span style=\"font-weight: bold;\">Pyh\u00e4j\u00e4rvi -uistelu<\/span><br>Iisniementie 241, 43100 Saarij\u00e4rvi<br><a href=\"https:\/\/kscup.fi\/?page_id=12\" style=\"background-color: rgb(255, 255, 255); color: rgb(58, 58, 58); outline: 0px;\">S\u00e4\u00e4nn\u00f6t ja kartta kilpailualueesta 2023<\/a><\/td>\n<td style=\"padding: 0.5em; border-top-width: 1px; border-left-width: 1px; border-color: initial;\">Tulokset 2021<br><a href=\"https:\/\/kscup.fi\/wp-content\/uploads\/2022\/06\/rantakivi2022.pdf\" style=\"background-color: rgb(255, 255, 255);\">Tulokset 2022<\/a><br><a href=\"https:\/\/kscup.fi\/wp-content\/uploads\/2023\/10\/Saarijarvi2023.pdf\"><span style=\"font-weight: 700;\">Tulokset 2023<\/span><\/a><\/td>\n<\/tr>\n<\/tbody>\n<\/table>\t\t\t\t\t\t<\/div>\n\t\t\t\t<\/div>\n\t\t\t\t\t<\/div>\n\t\t<\/div>\n\t\t\t\t\t\t\t<\/div>\n\t\t<\/section>\n\t\t\t\t\t\t<\/div>\n\t\t\t\t\t<\/div>\n\t\t","protected":false},"excerpt":{"rendered":"<p>Keski-Suomi Cup 2023 KS CUP ESITE 2023! 13.5.2023Kilpailu klo 10-17 Keurusselk\u00e4 &#8211; uistelukalustoranta, Juhanantie 42700 KeuruuS\u00e4\u00e4nn\u00f6t ja kartta kilpailualueesta 2023 Tulokset 2021Tulokset 2022Tulokset (sunnuntai) 2022Tulokset 2023 4.6.2023Kilpailu klo 10-1710 kalan kilpailu Hartola &#8211; uisteluIt\u00e4-P\u00e4ij\u00e4nteen Kalakaverit ryVisan veneranta, Huvikummuntie 17 19600 HartolaS\u00e4\u00e4nn\u00f6t ja kartta kilpailualueesta 2023 Tulokset 2021Tulokset 2022Tulokset 2023 8.7.2023Kilpailu klo 11-18 Puula- uisteluPuulan uistelijat &hellip;<\/p>\n<p class=\"read-more\"> <a class=\"\" href=\"https:\/\/kscup.fi\/?page_id=621\"> <span class=\"screen-reader-text\">Keski-Suomi Cup 2023<\/span> Lue lis\u00e4\u00e4 &raquo;<\/a><\/p>\n","protected":false},"author":2,"featured_media":0,"parent":0,"menu_order":0,"comment_status":"closed","ping_status":"closed","template":"","meta":{"footnotes":""},"class_list":["post-621","page","type-page","status-publish","hentry"],"_links":{"self":[{"href":"https:\/\/kscup.fi\/index.php?rest_route=\/wp\/v2\/pages\/621","targetHints":{"allow":["GET"]}}],"collection":[{"href":"https:\/\/kscup.fi\/index.php?rest_route=\/wp\/v2\/pages"}],"about":[{"href":"https:\/\/kscup.fi\/index.php?rest_route=\/wp\/v2\/types\/page"}],"author":[{"embeddable":true,"href":"https:\/\/kscup.fi\/index.php?rest_route=\/wp\/v2\/users\/2"}],"replies":[{"embeddable":true,"href":"https:\/\/kscup.fi\/index.php?rest_route=%2Fwp%2Fv2%2Fcomments&post=621"}],"version-history":[{"count":4,"href":"https:\/\/kscup.fi\/index.php?rest_route=\/wp\/v2\/pages\/621\/revisions"}],"predecessor-version":[{"id":626,"href":"https:\/\/kscup.fi\/index.php?rest_route=\/wp\/v2\/pages\/621\/revisions\/626"}],"wp:attachment":[{"href":"https:\/\/kscup.fi\/index.php?rest_route=%2Fwp%2Fv2%2Fmedia&parent=621"}],"curies":[{"name":"wp","href":"https:\/\/api.w.org\/{rel}","templated":true}]}}