{"id":646,"date":"2024-05-05T20:45:15","date_gmt":"2024-05-05T18:45:15","guid":{"rendered":"https:\/\/kscup.fi\/?page_id=646"},"modified":"2025-05-22T06:25:24","modified_gmt":"2025-05-22T04:25:24","slug":"runkosaannot-2024","status":"publish","type":"page","link":"https:\/\/kscup.fi\/?page_id=646","title":{"rendered":"Runkos\u00e4\u00e4nn\u00f6t 2024"},"content":{"rendered":"\t\t<div data-elementor-type=\"wp-page\" data-elementor-id=\"646\" class=\"elementor elementor-646\" data-elementor-settings=\"[]\">\n\t\t\t\t\t\t\t<div class=\"elementor-section-wrap\">\n\t\t\t\t\t\t\t<section class=\"elementor-section elementor-top-section elementor-element elementor-element-e4fedb4 elementor-section-boxed elementor-section-height-default elementor-section-height-default\" data-id=\"e4fedb4\" data-element_type=\"section\">\n\t\t\t\t\t\t<div class=\"elementor-container elementor-column-gap-default\">\n\t\t\t\t\t<div class=\"elementor-column elementor-col-100 elementor-top-column elementor-element elementor-element-b4f5555\" data-id=\"b4f5555\" data-element_type=\"column\">\n\t\t\t<div class=\"elementor-widget-wrap elementor-element-populated\">\n\t\t\t\t\t\t\t\t<div class=\"elementor-element elementor-element-08ae10b elementor-widget elementor-widget-text-editor\" data-id=\"08ae10b\" data-element_type=\"widget\" data-widget_type=\"text-editor.default\">\n\t\t\t\t<div class=\"elementor-widget-container\">\n\t\t\t\t\t\t\t<p><strong>Keski-Suomi Cup \u2013 Vetouistelu runkos\u00e4\u00e4nn\u00f6t 2025<\/strong><br \/><strong>1 \u00a7\u00a0<\/strong>N\u00e4it\u00e4 s\u00e4\u00e4nt\u00f6j\u00e4 noudatetaan kaikissa\u00a0\u00a0Keski-Suomi cupiin 2025 kuuluvissa osakilpailuissa. Osakilpailujen kilpailijakokouksessa voidaan t\u00e4sment\u00e4\u00e4 kilpailukohtaisia s\u00e4\u00e4nt\u00f6j\u00e4.<br \/><br \/><strong>2<\/strong>\u00a0<strong>\u00a7\u00a0<\/strong>Kilpailusarja: Moottoriveto, saa my\u00f6s soutaa. Edellisvuoden 1.\u00a0 sijan numero s\u00e4ilyy seuraavalle vuodelle. Keski-Suomi Cup k\u00e4sitt\u00e4\u00e4 10 eri osakilpailua <strong>joista 6<\/strong> parasta tulosta huomioidaan cupin kokonaispisteisiin.\u00a0 Cupin 10 parasta p\u00e4\u00e4see SM- loppukilpailuun 2026<br \/><br \/><strong>3<\/strong>\u00a0<strong>\u00a7<\/strong>\u00a0Venekunta nimet\u00e4\u00e4n kipparin mukaan, miehist\u00f6n lukum\u00e4\u00e4r\u00e4\u00e4 ei ole rajoitettu. Kilpailuissa k\u00e4ytet\u00e4\u00e4n Keski-Suomi Cupin omia kilpailunumeroita. Numerotarra on kiinnitett\u00e4v\u00e4 n\u00e4kyv\u00e4lle paikalle. Kilpailijoiden on noudatettava vesiliikennes\u00e4\u00e4nn\u00f6ksi\u00e4, hyvi\u00e4 kalamiestapoja ja kilpailun valvojien antamia ohjeita. Kilpailijat osallistuvat omalla vastuulla.<br \/><br \/><strong>4<\/strong>\u00a0<strong>\u00a7<\/strong>\u00a0Osanottomaksu on 50 euroa \/ venekunta. Ennakkoilmoittautuneiden harjoitteluluvasta kerrotaan osakilpailukohtaisesti. Alle 20 \u2013vuotiaiden venekuntien osanotto on ilmainen.\u00a0<br \/><br \/><strong>5<\/strong>\u00a0<strong>\u00a7<\/strong>\u00a0Venekunta saa nimet\u00e4 yhden varakipparin ja\u00a0<strong><u>varakipparia voi k\u00e4ytt\u00e4\u00e4 kahdessa (2) osakilpailussa kauden aikana.<\/u><\/strong><strong>\u00a0<\/strong>Varakippari nimet\u00e4\u00e4n sitten kun venekunta sit\u00e4 tarvitsee.<\/p><p><br \/><strong>6<\/strong>\u00a0<strong>\u00a7\u00a0<\/strong>Kilpailualueesta annetaan kartta, josta selvi\u00e4v\u00e4t rajat ja sallitut rantautumisalueet.<br \/><br \/><strong>7\u00a0<\/strong>\u00a0<strong>\u00a7\u00a0Kilpailukalat ja alamitat:<\/strong>\u00a0Kilpailun kalat sek\u00e4 alamitat ja kalojen kertoimet m\u00e4\u00e4ritet\u00e4\u00e4n kilpailukohtaisesti, ottaen huomioon kunkin j\u00e4rven kalasto. Kalat tuodaan punnitukseen osakilpailun s\u00e4\u00e4nn\u00f6iss\u00e4 tai kilpailijakokouksessa erikseen ilmoitetulla tavalla. Kalojen v\u00e4kivaltainen k\u00e4sittely on kielletty.\u00a0<strong>Mik\u00e4li punnitukseen tuodaan enemm\u00e4n kuin kaksi (2) senttimetri\u00e4 kilpailun alamittaa lyhyempi kala tai alle lakis\u00e4\u00e4teisen mitan, hyl\u00e4t\u00e4\u00e4n koko kilpailutulos. V\u00e4kivaltaisesti k\u00e4sitellyn kalan tuominen punnitukseen johtaa my\u00f6s kilpailutuloksen hylk\u00e4\u00e4miseen.\u00a0<\/strong>Kalat tuodaan punnitukseen py\u00f6rein\u00e4.\u00a0<strong>Kalat verestet\u00e4\u00e4n pist\u00e4m\u00e4ll\u00e4 kurkkua katkaisematta<\/strong>. <strong><u>Kurkun katkaiseminen aiheuttaa kyseisen kalan hylk\u00e4\u00e4misen.<\/u><\/strong> Esimittauspiste on k\u00e4ytett\u00e4viss\u00e4 ennen varsinaista punnitusta. Kilpailun j\u00e4rjest\u00e4j\u00e4 ei ole velvollinen punnitsemaan virheellisesti k\u00e4sitelty\u00e4 kalaa. Kilpailukalat mitataan yhteen puristetun leuank\u00e4rjest\u00e4 yhteen puristetun pyrst\u00f6n k\u00e4rkeen.\u00a0<strong>Kilpailun j\u00e4rjest\u00e4j\u00e4 suorittaa mittauksen. <u>Kilpailija ei saa koskea mitattavaan kalaan mittauksen aikana<\/u>.<\/strong>\u00a0Kilpailijalla on velvollisuus tarkastaa punnitustuloksensa heti punnituksen tapahduttua. Kilpailijalla ja kilpailun j\u00e4rjest\u00e4j\u00e4ll\u00e4 on oikeus keskeytt\u00e4\u00e4 punnitus, jos he ovat eri mielt\u00e4 mittaus- tai punnitustuloksesta. Ko. saaliskala laitetaan t\u00e4ll\u00f6in sivuun ja tuomarineuvosto mittaa ja punnitsee kalan v\u00e4litt\u00f6m\u00e4sti muun kilpailupunnituksen p\u00e4\u00e4tytty\u00e4. Tuomarineuvoston mittauksesta ja punnituksesta ei voi valittaa. Kilpailun paremmuuden ratkaisee saaliin paino korotettuna painokerroinpisteill\u00e4. Kilpailija hyv\u00e4ksyy punnitustuloksen allekirjoituksellaan.\u00a0<br \/><br \/><strong>8<\/strong>\u00a0<strong>\u00a7<\/strong>\u00a0Pyyntitavoista on sallittu vain vetouistelu. Viehe tulee laskea pyyntiin, sit\u00e4 ei saa heitt\u00e4\u00e4.\u00a0<strong>Heittokalastusta, trokastusta, vertigaalijigausta, pilkkimist\u00e4 tai edell\u00e4 mainittuihin verrattavissa olevaa kalastustapaa harrastava venekunta hyl\u00e4t\u00e4\u00e4n ja suljetaan my\u00f6s loppukauden Keski-Suomi Cupin muista osakilpailuista.<\/strong>\u00a0Vieheiden ollessa vedossa on vapojen oltava telineiss\u00e4.\u00a0<strong>Kalastus ajelehtivasta, pys\u00e4htyneest\u00e4 tai kiinnitetyst\u00e4\/ankkuroidusta veneest\u00e4 on kielletty. Veneen tulee liikkua eteenp\u00e4in.<\/strong>\u00a0Veneiden v\u00e4linen et\u00e4isyys v\u00e4hint\u00e4\u00e4n 10 metri\u00e4. Venekuntaa kohti saa olla pyynniss\u00e4 samanaikaisesti enint\u00e4\u00e4n kymmenen (10) vapaa ja kutakin vapaa kohti enint\u00e4\u00e4n kaksi (2) koukullista viehett\u00e4. Vieheen kiinnitt\u00e4minen kiinte\u00e4sti takilanvaijeriin tai kuulaan on kielletty. El\u00e4v\u00e4n sy\u00f6tin k\u00e4ytt\u00f6 on kielletty. T\u00e4kyraksi on sallittu, mik\u00e4li osakilpailus\u00e4\u00e4nn\u00f6iss\u00e4 niin mainitaan.<strong>\u00a0Plaanarikelkat on merkitt\u00e4v\u00e4 selke\u00e4sti havaittavissa olevin lipuin, tosin pikku plaanareissa ei vaadita lippuja.\u00a0<\/strong>Tuomarineuvostolla on oikeus kielt\u00e4\u00e4 puutteellisesti varustetun kilpailuveneen osallistumisen kilpailuun ennen tai j\u00e4lkeen kilpailuajan.<br \/><br \/><strong>9\u00a0\u00a7<\/strong>\u00a0<strong>Jokaisen venekunnan on palautettava kilpailukortti kilpailun j\u00e4lkeen punnituspaikalle vaikka ei saisikaan saalista.<\/strong>\u00a0Palauttamatta j\u00e4tt\u00e4minen johtaa kilpailualueella etsint\u00e4toimiin, joidenka kustannuksista venekunta on korvausvelvollinen.\u00a0<strong>Venekunnan on tultava omin voimin kilpailukeskukseen omalla veneell\u00e4 kilpailuajan puitteissa.\u00a0<\/strong>Kipparikokouksessa t\u00e4smennet\u00e4\u00e4n osakilpailukohtaisia s\u00e4\u00e4nt\u00f6j\u00e4 ja ohjeistetaan kilpailijoita.\u00a0<strong>Jokaisesta venekunnasta on oltava edustaja kipparikokouksessa ennen kilpailun alkua.<\/strong>\u00a0Osakilpailukohtaisissa s\u00e4\u00e4nn\u00f6iss\u00e4 voidaan mainita esim. puhelimella ilmoittamisesta mik\u00e4li keskeytt\u00e4\u00e4 kilpailun\u00a0<br \/><br \/><strong>10<\/strong>\u00a0<strong>\u00a7\u00a0<\/strong>Kilpailun kipparikokous alkaa aikaisintaan 10 minuuttia ennen siirtym\u00e4ajan alkamista. Siirtym\u00e4aika alkaa kipparikokouksen j\u00e4lkeen ellei osakilpailus\u00e4\u00e4nn\u00f6iss\u00e4 toisin mainita. Kilpailuissa on siirtym\u00e4aika noin 30 minuuttia kilpailun alussa ja lopussa 30 minuuttia.\u00a0<br \/><br \/><strong>11<\/strong>\u00a0<strong>\u00a7<\/strong>\u00a0Protestiaika alkaa tulosten julkistamisen j\u00e4lkeen.\u00a0<strong>Protestiaika on enint\u00e4\u00e4n 10 minuuttia<\/strong>. Mik\u00e4li protestiajan aikana tuloksiin tulee muutoksia, alkaa uusi protestiaika tulosten uudelleen julkistamisen j\u00e4lkeen. Tulokset ovat virallisia protestiajan p\u00e4\u00e4ttymisen j\u00e4lkeen.<strong>\u00a0Virallisista tuloksista ei voi valittaa eik\u00e4 niit\u00e4 muuteta, ellei virhe ole tulosten laskussa (taulukko, kaavat tai inhimillinen erehdys kilpailun j\u00e4rjest\u00e4j\u00e4n toimesta). <\/strong>\u00a0Protestimaksu on 50 euroa joka palautetaan protestin ollessa aiheellinen. Palkinnot jaetaan protestiajan j\u00e4lkeen.<br \/><br \/><strong>12<\/strong>\u00a0<strong>\u00a7<\/strong>\u00a0<strong>Tuomarineuvosto koostuu kolmesta henkil\u00f6st\u00e4, kilpailun johtajasta, K-S Cupin puheenjohtajasta\/ sijaisesta sek\u00e4 yhdest\u00e4 kilpailuun osallistuvasta kilpailijasta. Tuomarineuvosto k\u00e4sittelee protestit koskien s\u00e4\u00e4nt\u00f6rikkomuksia ja mittauksen erimielisyyksi\u00e4. Tuomarineuvosto pyrkii yksimieliseen p\u00e4\u00e4t\u00f6ksen, mutta mik\u00e4li sellaista ei synny, enemmist\u00f6 p\u00e4\u00e4t\u00f6kseen. Tuomarineuvoston p\u00e4\u00e4t\u00f6ksest\u00e4 ei voi valittaa. Tuomarineuvostoon valitut kilpailijat eiv\u00e4t saa poistua kilpailupaikalta ennen virallisten tulosten julkistamista. Tuomarineuvoston kilpailija j\u00e4sene(t) valitaan arvalla tai ehdotusten mukaan kipparikokouksessa.<\/strong><br \/><br \/><strong>13<\/strong>\u00a0<strong>\u00a7<\/strong>\u00a0Kilpailuun osallistuvilla18-69 vuotiailla on kalastuksenhoitomaksu v. 2025 oltava suoritettuna.<strong> Kilpailumaksu sis\u00e4lt\u00e4\u00e4 kalastusluvan kyseiselle j\u00e4rvelle kilpailup\u00e4iv\u00e4n\u00e4.<\/strong> Kilpailun j\u00e4rjest\u00e4j\u00e4ll\u00e4 on oikeus tarkastaa kipparin henkil\u00f6llisyys sek\u00e4 kalastuksenhoitomaksu esim. OPM leimojen kirjoittamisen yhteydess\u00e4. <strong><br \/><br \/><\/strong><\/p><p><strong>14\u00a0\u00a7\u00a0 <\/strong><strong>Jokaisesta kilpailusta jaetaan sijoituspisteit\u00e4 43 parhaalle venekunnalle (50,45,42,39,38,37 jne). Cupin pistelaskuun huomioidaan <\/strong><strong>6 <\/strong><strong>parhaat pisteet kymmenest\u00e4. <\/strong><\/p><p><br \/><strong>15\u00a0\u00a7\u00a0<\/strong> Cup palkitsee top 3 sijoitukset: 1. palkinto ilmainen osallistuminen 2026 kilpailuihin (arvo ~500\u20ac), 2. 200\u20ac ja 3. 100\u20ac<br \/><br \/><\/p><p><br \/><strong>16\u00a0\u00a7\u00a0 <\/strong>Kilpailun j\u00e4rjest\u00e4j\u00e4ll\u00e4 on oikeus miss\u00e4 vaiheessa tahansa perua tai siirt\u00e4\u00e4 kilpailu (esim. vaaralliset s\u00e4\u00e4 olosuhteet). Mik\u00e4li ilmatieteenlaitoksen varoitus tuulesta yms on <strong>oranssilla<\/strong>, jury tekee p\u00e4\u00e4t\u00f6ksen kilpailun perumisesta\/siirt\u00e4misest\u00e4 ottaen huomioon kyseisen kilpailun olosuhteet (j\u00e4rven koko yms). Jury koostuu kilpailun johtajasta, cupin pj sek\u00e4 sihteeri\/rahastonhoitaja. Mik\u00e4li s\u00e4\u00e4ennuste lupaa myrsky\u00e4 (oranssi varoitus), tiedotetaan ennakkoon kilpailuviikon aikana mahdollisesta kilpailun perumisesta\/siirt\u00e4misest\u00e4. P\u00e4\u00e4t\u00f6s kilpailun perumisesta tehd\u00e4\u00e4n torstai\/perjantai iltana (ottaen huomioon onko kilpailu la vai su). <u>Virallinen s\u00e4\u00e4ennuste katsotaan ilmatieteenlaitoksen sivuilta. <\/u><\/p><p><strong>HUOM! Joka tapauksessa vastuu kilpailuun osallistumisesta on kilpailijalla. Jokainen kilpailija kilpailee omalla vastuulla<\/strong>.<br \/><br \/><strong>17\u00a0\u00a7\u00a0 Maksamalla kilpailumaksun kilpailija hyv\u00e4ksyy henkil\u00f6tietojen ker\u00e4\u00e4misen tarvittaessa mahdollisen tulorekisteri ilmoituksen tekemist\u00e4 varten palkintojen luovutuksen yhteydess\u00e4 sek\u00e4 sitoutuu noudattamaan n\u00e4it\u00e4 runkos\u00e4\u00e4nt\u00f6j\u00e4 sek\u00e4 osakilpailun s\u00e4\u00e4nt\u00f6j\u00e4.\u00a0Henkil\u00f6tietoja ei s\u00e4ilytet\u00e4 tai arkistoida.\u00a0<\/strong>Kilpailija vastaa palkinnoista mahdollisesti aiheutuvista veroista ja muista kuluista.<\/p><p><strong>18\u00a0\u00a7 <\/strong><strong>Jokaisen kilpailijan on varattava mukaan j\u00e4rjest\u00e4j\u00e4n toimittamat j\u00e4\u00e4t. Kalat on s\u00e4ilytett\u00e4v\u00e4 kilpailun aikana kylm\u00e4laatikossa ja kalat on tuotava punnitukseen kylm\u00e4laatikossa. <\/strong><strong>Kalojen tuominen punnitukseen muutoin kuin kylm\u00e4laatikossa aiheuttaa hylk\u00e4\u00e4misen.\u00a0 <\/strong><br \/><br \/><br \/><br \/><strong>Junior<\/strong>\u00a0kilpailu<br \/>Juniori voi osallistua osakilpailu kohtaisesti juniori kilpailuun, joka j\u00e4rjestet\u00e4\u00e4n jokaisen osakilpailun yhteydess\u00e4. Osallistuminen on ilmaista, mik\u00e4li juniorikipparin venekunta osallistuu\u00a0my\u00f6s normaalisti Keski-Suomi Cupin osakilpailuun joko juniorikipparin\u00a0nimell\u00e4 tai muun kipparin nimell\u00e4 maksamalla normaalin\u00a0osallistumismaksun.\u00a0Alle 20 -vuotiaan kipparin venekunta on muutenkin\u00a0ilmainen. Juniori kilpailun palkinnot jaetaan jokaisessa kilpailussa erikseen.<br \/><br \/><br \/><br \/><strong>Joukkuekilpailu<\/strong><br \/>Vuonna 2025 ei kilpailla joukkuekilpailussa vaan SM-kisoihin menev\u00e4 joukkue valitaan henkil\u00f6kohtaisessa kokonaiskilpailussa parhaiten p\u00e4rj\u00e4nneiden kesken. (Ensisijaisesti kokonaiskilpailun\u00a01, 2 ja 3) Valittava joukkue edustaa Keski-Suomi Cupia vuoden 2026 SM-kisoissa<\/p><p>\u00a0<\/p><p><b>Runkos\u00e4\u00e4nn\u00f6t 2024<\/b><\/p><p><b>Keski-Suomi Cup \u2013 Vetouistelu runkos\u00e4\u00e4nn\u00f6t 2024<\/b><\/p><p><b>1 \u00a7<\/b> N\u00e4it\u00e4 s\u00e4\u00e4nt\u00f6j\u00e4 noudatetaan kaikissa Keski-Suomi cupiin 2024 kuuluvissa osakilpailuissa.<br \/>Osakilpailujen kilpailijakokouksessa voidaan t\u00e4sment\u00e4\u00e4 kilpailukohtaisia s\u00e4\u00e4nt\u00f6j\u00e4.<br \/><b>2 \u00a7<\/b> Kilpailusarja: Moottoriveto, saa my\u00f6s soutaa. Edellisvuoden 1. ja 2. sijan numero s\u00e4ilyy<br \/>seuraavalle vuodelle (Ent. Ks cup sija 1 ja P\u00e4ij\u00e4nne-Keitele cup sija 1). Keski-Suomi Cup k\u00e4sitt\u00e4\u00e4 10<br \/>eri osakilpailua joista 7 parasta tulosta huomioidaan cupin kokonaispisteisiin. Cupin 12 parasta<br \/>p\u00e4\u00e4see SM- loppukilpailuun 2025<br \/><b>3 \u00a7<\/b> Venekunta nimet\u00e4\u00e4n kipparin mukaan, miehist\u00f6n lukum\u00e4\u00e4r\u00e4\u00e4 ei ole rajoitettu. Kilpailuissa<br \/>k\u00e4ytet\u00e4\u00e4n Keski-Suomi Cupin omia kilpailunumeroita. Numerotarra on kiinnitett\u00e4v\u00e4 n\u00e4kyv\u00e4lle<br \/>paikalle. Kilpailijoiden on noudatettava vesiliikennes\u00e4\u00e4nn\u00f6ksi\u00e4, hyvi\u00e4 kalamiestapoja ja kilpailun<br \/>valvojien antamia ohjeita. Kilpailijat osallistuvat omalla vastuulla.<br \/><b>4 \u00a7 <\/b>Osanottomaksu on 50 euroa \/ venekunta. Ennakkoilmoittautuneiden harjoitteluluvasta<br \/>kerrotaan osakilpailukohtaisesti. Alle 20 \u2013vuotiaiden venekuntien osanotto on ilmainen.<br \/><b>5 \u00a7<\/b> Venekunta saa nimet\u00e4 yhden varakipparin ja varakipparia voi k\u00e4ytt\u00e4\u00e4 yhdess\u00e4 (1)<br \/>osakilpailussa kauden aikana. Varakippari nimet\u00e4\u00e4n sitten kun venekunta sit\u00e4 tarvitsee.<br \/>Venekunnan varsinainen kippari ei voi olla osakilpailussa miehist\u00f6ss\u00e4 toisessa veneess\u00e4 eik\u00e4<br \/>samassa veneess\u00e4 jossa k\u00e4ytet\u00e4\u00e4n varakipparia.<br \/><b>6 \u00a7<\/b> Kilpailualueesta annetaan kartta, josta selvi\u00e4v\u00e4t rajat ja sallitut rantautumisalueet.<br \/><b>7 \u00a7<\/b> Kilpailukalat ja alamitat: Kilpailun kalat sek\u00e4 alamitat ja kalojen kertoimet m\u00e4\u00e4ritet\u00e4\u00e4n<br \/>kilpailukohtaisesti, ottaen huomioon kunkin j\u00e4rven kalasto. Kalat tuodaan punnitukseen<br \/>osakilpailun s\u00e4\u00e4nn\u00f6iss\u00e4 tai kilpailijakokouksessa erikseen ilmoitetulla tavalla. Kalojen<br \/>v\u00e4kivaltainen k\u00e4sittely on kielletty. Mik\u00e4li punnitukseen tuodaan enemm\u00e4n kuin kaksi (2)<br \/>senttimetri\u00e4 kilpailun alamittaa lyhyempi kala tai alle lakis\u00e4\u00e4teisen mitan, hyl\u00e4t\u00e4\u00e4n koko<br \/>kilpailutulos. V\u00e4kivaltaisesti k\u00e4sitellyn kalan tuominen punnitukseen johtaa my\u00f6s<br \/>kilpailutuloksen hylk\u00e4\u00e4miseen. Kalat tuodaan punnitukseen py\u00f6rein\u00e4. Kalat verestet\u00e4\u00e4n<br \/>pist\u00e4m\u00e4ll\u00e4 kurkkua katkaisematta. Kurkun katkaiseminen aiheuttaa kyseisen kalan<br \/>hylk\u00e4\u00e4misen. Esimittauspiste on k\u00e4ytett\u00e4viss\u00e4 ennen varsinaista punnitusta. Kilpailun j\u00e4rjest\u00e4j\u00e4<br \/>ei ole velvollinen punnitsemaan virheellisesti k\u00e4sitelty\u00e4 kalaa. Kilpailukalat mitataan yhteen<br \/>puristetun leuank\u00e4rjest\u00e4 yhteen puristetun pyrst\u00f6n k\u00e4rkeen. Kilpailun j\u00e4rjest\u00e4j\u00e4 suorittaa<br \/>mittauksen. Kilpailija ei saa koskea mitattavaan kalaan mittauksen aikana. Kilpailijalla on<br \/>velvollisuus tarkastaa punnitustuloksensa heti punnituksen tapahduttua. Kilpailijalla ja kilpailun<br \/>j\u00e4rjest\u00e4j\u00e4ll\u00e4 on oikeus keskeytt\u00e4\u00e4 punnitus, jos he ovat eri mielt\u00e4 mittaus- tai punnitustuloksesta.<br \/>Ko. saaliskala laitetaan t\u00e4ll\u00f6in sivuun ja tuomarineuvosto mittaa ja punnitsee kalan v\u00e4litt\u00f6m\u00e4sti<br \/>muun kilpailupunnituksen p\u00e4\u00e4tytty\u00e4. Tuomarineuvoston mittauksesta ja punnituksesta ei voi<br \/>valittaa. Kilpailun paremmuuden ratkaisee saaliin paino korotettuna painokerroinpisteill\u00e4.<br \/>Kilpailija hyv\u00e4ksyy punnitustuloksen allekirjoituksellaan.<br \/><b>8 \u00a7<\/b> Pyyntitavoista on sallittu vain vetouistelu. Viehe tulee laskea pyyntiin, sit\u00e4 ei saa<br \/>heitt\u00e4\u00e4. Heittokalastusta, trokastusta, vertigaalijigausta, pilkkimist\u00e4 tai edell\u00e4 mainittuihin<br \/>verrattavissa olevaa kalastustapaa harrastava venekunta hyl\u00e4t\u00e4\u00e4n ja suljetaan my\u00f6s<br \/>loppukauden Keski-Suomi Cupin muista osakilpailuista. Vieheiden ollessa vedossa on vapojen<br \/>oltava telineiss\u00e4. Kalastus ajelehtivasta, pys\u00e4htyneest\u00e4 tai kiinnitetyst\u00e4\/ankkuroidusta<br \/>veneest\u00e4 on kielletty. Veneen tulee liikkua eteenp\u00e4in. Veneiden v\u00e4linen et\u00e4isyys v\u00e4hint\u00e4\u00e4n 10<br \/>metri\u00e4. Venekuntaa kohti saa olla pyynniss\u00e4 samanaikaisesti enint\u00e4\u00e4n kymmenen (10) vapaa ja<br \/>kutakin vapaa kohti enint\u00e4\u00e4n kaksi (2) koukullista viehett\u00e4. Vieheen kiinnitt\u00e4minen kiinte\u00e4sti<br \/>takilanvaijeriin tai kuulaan on kielletty. El\u00e4v\u00e4n sy\u00f6tin k\u00e4ytt\u00f6 on kielletty. T\u00e4kyraksi on sallittu,<br \/>mik\u00e4li osakilpailus\u00e4\u00e4nn\u00f6iss\u00e4 niin mainitaan. Plaanarikelkat on merkitt\u00e4v\u00e4 selke\u00e4sti havaittavissa<br \/>olevin lipuin, tosin pikku plaanareissa ei vaadita lippuja. Tuomarineuvostolla on oikeus kielt\u00e4\u00e4<br \/>puutteellisesti varustetun kilpailuveneen osallistumisen kilpailuun ennen tai j\u00e4lkeen kilpailuajan.<br \/><b>9 \u00a7<\/b> Jokaisen venekunnan on palautettava kilpailukortti kilpailun j\u00e4lkeen punnituspaikalle vaikka<br \/>ei saisikaan saalista. Palauttamatta j\u00e4tt\u00e4minen johtaa kilpailualueella etsint\u00e4toimiin, joidenka<br \/>kustannuksista venekunta on korvausvelvollinen. Venekunnan on tultava omin voimin<br \/>kilpailukeskukseen omalla veneell\u00e4 kilpailuajan puitteissa. Kipparikokouksessa t\u00e4smennet\u00e4\u00e4n<br \/>osakilpailukohtaisia s\u00e4\u00e4nt\u00f6j\u00e4 ja ohjeistetaan kilpailijoita. Jokaisesta venekunnasta on oltava<br \/>edustaja kipparikokouksessa ennen kilpailun alkua. Osakilpailukohtaisissa s\u00e4\u00e4nn\u00f6iss\u00e4 voidaan<br \/>mainita esim. puhelimella ilmoittamisesta mik\u00e4li keskeytt\u00e4\u00e4 kilpailun<br \/><b>10 \u00a7<\/b> Kilpailun kipparikokous alkaa aikaisintaan 10 minuuttia ennen siirtym\u00e4ajan alkamista.<br \/>Siirtym\u00e4aika alkaa kipparikokouksen j\u00e4lkeen ellei osakilpailus\u00e4\u00e4nn\u00f6iss\u00e4 toisin mainita.<br \/>Kilpailuissa on siirtym\u00e4aika noin 30 minuuttia kilpailun alussa ja lopussa 30 minuuttia.<br \/><b>11 \u00a7<\/b> Protestiaika alkaa tulosten julkistamisen j\u00e4lkeen. Protestiaika on enint\u00e4\u00e4n 10 minuuttia.<br \/>Mik\u00e4li protestiajan aikana tuloksiin tulee muutoksia, alkaa uusi protestiaika tulosten uudelleen<br \/>julkistamisen j\u00e4lkeen. Tulokset ovat virallisia protestiajan p\u00e4\u00e4ttymisen j\u00e4lkeen. Virallisista<br \/>tuloksista ei voi valittaa eik\u00e4 niit\u00e4 muuteta, ellei virhe ole tulosten laskussa (taulukko, kaavat<br \/>tai inhimillinen erehdys kilpailun j\u00e4rjest\u00e4j\u00e4n toimesta). Protestimaksu on 50 euroa joka<br \/>palautetaan protestin ollessa aiheellinen. Palkinnot jaetaan protestiajan j\u00e4lkeen.<br \/><b>12 \u00a7<\/b> Tuomarineuvosto koostuu kolmesta henkil\u00f6st\u00e4, kilpailun johtajasta, K-S Cupin<br \/>puheenjohtajasta\/ sijaisesta sek\u00e4 yhdest\u00e4 kilpailuun osallistuvasta kilpailijasta.<br \/>Tuomarineuvosto k\u00e4sittelee protestit koskien s\u00e4\u00e4nt\u00f6rikkomuksia ja mittauksen<br \/>erimielisyyksi\u00e4. Tuomarineuvosto pyrkii yksimieliseen p\u00e4\u00e4t\u00f6ksen, mutta mik\u00e4li sellaista ei<br \/>synny, enemmist\u00f6 p\u00e4\u00e4t\u00f6kseen. Tuomarineuvoston p\u00e4\u00e4t\u00f6ksest\u00e4 ei voi valittaa.<br \/>Tuomarineuvostoon valitut kilpailijat eiv\u00e4t saa poistua kilpailupaikalta ennen virallisten<br \/>tulosten julkistamista. Tuomarineuvoston kilpailija j\u00e4sene(t) valitaan arvalla tai ehdotusten<br \/>mukaan kipparikokouksessa.<br \/><b>13 \u00a7<\/b> Kilpailuun osallistuvilla18-69 vuotiailla on kalastuksenhoitomaksu v. 2024 oltava suoritettuna.<br \/>Kilpailun j\u00e4rjest\u00e4j\u00e4ll\u00e4 on oikeus tarkastaa kipparin henkil\u00f6llisyys sek\u00e4 kalastuksenhoitomaksu<br \/>esim. OPM leimojen kirjoittamisen yhteydess\u00e4.<br \/><b>14 \u00a7<\/b> Jokaisesta kilpailusta jaetaan sijoituspisteit\u00e4 43 parhaalle venekunnalle (50,45,42,39,38,37<br \/>jne). Cupin pistelaskuun huomioidaan 7 parhaat pisteet kymmenest\u00e4.<br \/><b>15 \u00a7<\/b> Cupin voittaja saa ilmaisen osallistumisen v. 2025 K-S cupin kaikkiin osakilpailuihin.<br \/><b>16 \u00a7<\/b> Kilpailun j\u00e4rjest\u00e4j\u00e4ll\u00e4 on oikeus miss\u00e4 vaiheessa tahansa perua tai siirt\u00e4\u00e4 kilpailu (esim.<br \/>vaaralliset s\u00e4\u00e4 olosuhteet).<br \/><b>16 \u00a7<\/b> Maksamalla kilpailumaksun kilpailija hyv\u00e4ksyy henkil\u00f6tietojen ker\u00e4\u00e4misen tarvittaessa<br \/>mahdollisen tulorekisteri ilmoituksen tekemist\u00e4 varten palkintojen luovutuksen yhteydess\u00e4<br \/>sek\u00e4 sitoutuu noudattamaan n\u00e4it\u00e4 runkos\u00e4\u00e4nt\u00f6j\u00e4 sek\u00e4 osakilpailun s\u00e4\u00e4nt\u00f6j\u00e4. Henkil\u00f6tietoja ei<br \/>s\u00e4ilytet\u00e4 tai arkistoida. Kilpailija vastaa palkinnoista mahdollisesti aiheutuvista veroista ja muista<br \/>kuluista.<br \/>Junior kilpailu<br \/>Juniori voi osallistua osakilpailu kohtaisesti juniori kilpailuun, joka j\u00e4rjestet\u00e4\u00e4n jokaisen<br \/>osakilpailun yhteydess\u00e4. Osallistuminen on ilmaista, mik\u00e4li juniorikipparin venekunta<br \/>osallistuu my\u00f6s normaalisti Keski-Suomi Cupin osakilpailuun joko juniorikipparin nimell\u00e4 tai muun<br \/>kipparin nimell\u00e4 maksamalla normaalin osallistumismaksun. Alle 20 -vuotiaan kipparin venekunta<br \/>on muutenkin ilmainen. Juniori kilpailun palkinnot jaetaan jokaisessa kilpailussa erikseen.<br \/>Joukkuekilpailu<br \/>Vuonna 2024 ei kilpailla joukkuekilpailussa vaan SM-kisoihin menev\u00e4 joukkue valitaan<br \/>henkil\u00f6kohtaisessa kokonaiskilpailussa parhaiten p\u00e4rj\u00e4nneiden kesken. (Ensisijaisesti<br \/>kokonaiskilpailun 1, 2 ja 3) Valittava joukkue edustaa Keski-Suomi Cupia vuoden 2025 SM-kisoissa<\/p>\t\t\t\t\t\t<\/div>\n\t\t\t\t<\/div>\n\t\t\t\t\t<\/div>\n\t\t<\/div>\n\t\t\t\t\t\t\t<\/div>\n\t\t<\/section>\n\t\t\t\t\t\t<\/div>\n\t\t\t\t\t<\/div>\n\t\t","protected":false},"excerpt":{"rendered":"<p>Keski-Suomi Cup \u2013 Vetouistelu runkos\u00e4\u00e4nn\u00f6t 20251 \u00a7\u00a0N\u00e4it\u00e4 s\u00e4\u00e4nt\u00f6j\u00e4 noudatetaan kaikissa\u00a0\u00a0Keski-Suomi cupiin 2025 kuuluvissa osakilpailuissa. Osakilpailujen kilpailijakokouksessa voidaan t\u00e4sment\u00e4\u00e4 kilpailukohtaisia s\u00e4\u00e4nt\u00f6j\u00e4. 2\u00a0\u00a7\u00a0Kilpailusarja: Moottoriveto, saa my\u00f6s soutaa. Edellisvuoden 1.\u00a0 sijan numero s\u00e4ilyy seuraavalle vuodelle. Keski-Suomi Cup k\u00e4sitt\u00e4\u00e4 10 eri osakilpailua joista 6 parasta tulosta huomioidaan cupin kokonaispisteisiin.\u00a0 Cupin 10 parasta p\u00e4\u00e4see SM- loppukilpailuun 2026 3\u00a0\u00a7\u00a0Venekunta nimet\u00e4\u00e4n kipparin &hellip;<\/p>\n<p class=\"read-more\"> <a class=\"\" href=\"https:\/\/kscup.fi\/?page_id=646\"> <span class=\"screen-reader-text\">Runkos\u00e4\u00e4nn\u00f6t 2024<\/span> Lue lis\u00e4\u00e4 &raquo;<\/a><\/p>\n","protected":false},"author":2,"featured_media":0,"parent":0,"menu_order":0,"comment_status":"closed","ping_status":"closed","template":"","meta":{"footnotes":""},"class_list":["post-646","page","type-page","status-publish","hentry"],"_links":{"self":[{"href":"https:\/\/kscup.fi\/index.php?rest_route=\/wp\/v2\/pages\/646","targetHints":{"allow":["GET"]}}],"collection":[{"href":"https:\/\/kscup.fi\/index.php?rest_route=\/wp\/v2\/pages"}],"about":[{"href":"https:\/\/kscup.fi\/index.php?rest_route=\/wp\/v2\/types\/page"}],"author":[{"embeddable":true,"href":"https:\/\/kscup.fi\/index.php?rest_route=\/wp\/v2\/users\/2"}],"replies":[{"embeddable":true,"href":"https:\/\/kscup.fi\/index.php?rest_route=%2Fwp%2Fv2%2Fcomments&post=646"}],"version-history":[{"count":7,"href":"https:\/\/kscup.fi\/index.php?rest_route=\/wp\/v2\/pages\/646\/revisions"}],"predecessor-version":[{"id":1117,"href":"https:\/\/kscup.fi\/index.php?rest_route=\/wp\/v2\/pages\/646\/revisions\/1117"}],"wp:attachment":[{"href":"https:\/\/kscup.fi\/index.php?rest_route=%2Fwp%2Fv2%2Fmedia&parent=646"}],"curies":[{"name":"wp","href":"https:\/\/api.w.org\/{rel}","templated":true}]}}