{"id":685,"date":"2024-05-19T22:04:23","date_gmt":"2024-05-19T20:04:23","guid":{"rendered":"https:\/\/kscup.fi\/?page_id=685"},"modified":"2026-05-14T23:11:19","modified_gmt":"2026-05-14T21:11:19","slug":"marine-uistelu-20-7-2024","status":"publish","type":"page","link":"https:\/\/kscup.fi\/?page_id=685","title":{"rendered":"3. MARIBE-MERCURY -UISTELU 27.6.2026"},"content":{"rendered":"\t\t<div data-elementor-type=\"wp-page\" data-elementor-id=\"685\" class=\"elementor elementor-685\" data-elementor-settings=\"[]\">\n\t\t\t\t\t\t\t<div class=\"elementor-section-wrap\">\n\t\t\t\t\t\t\t<section class=\"elementor-section elementor-top-section elementor-element elementor-element-3933d0a elementor-section-boxed elementor-section-height-default elementor-section-height-default\" data-id=\"3933d0a\" data-element_type=\"section\">\n\t\t\t\t\t\t<div class=\"elementor-container elementor-column-gap-default\">\n\t\t\t\t\t<div class=\"elementor-column elementor-col-100 elementor-top-column elementor-element elementor-element-ad4a9f3\" data-id=\"ad4a9f3\" data-element_type=\"column\">\n\t\t\t<div class=\"elementor-widget-wrap elementor-element-populated\">\n\t\t\t\t\t\t\t\t<div class=\"elementor-element elementor-element-92ae7c0 elementor-widget elementor-widget-text-editor\" data-id=\"92ae7c0\" data-element_type=\"widget\" data-widget_type=\"text-editor.default\">\n\t\t\t\t<div class=\"elementor-widget-container\">\n\t\t\t\t\t\t\t<h1><b>3. OSAKILPAILU<\/b><\/h1>\n<h1 style=\"text-align: center;\"><strong>Marine-Mercury -uistelu<\/strong><\/h1>\n<p style=\"text-align: center;\"><strong>LA<\/strong><strong>\u00a027<\/strong><strong>.6.2026<\/strong><strong>\u00a0klo 11.00-18.00\u00a0<\/strong><span style=\"font-weight: bold; font-size: 1rem;\">+ siirtym\u00e4t alussa n.30min ja lopussa 30min<\/span><\/p>\n<p style=\"text-align: center;\"><strong>\u00a0Ravintola Luotsivene, S\u00e4yn\u00e4tsalo<\/strong><strong>, Jyv\u00e4skyl\u00e4 (<\/strong><span style=\"color: #1f1f1f; font-family: Roboto, Arial, sans-serif; font-size: 13px; white-space: nowrap;\">Kinkovuorentie 4,\u00a0<\/span><span style=\"font-style: inherit; font-weight: inherit; color: #5e5e5e; font-family: Roboto, Arial, sans-serif; font-size: 13px; white-space: nowrap;\">40900 S\u00e4yn\u00e4tsalo<\/span><span style=\"font-style: inherit; font-weight: inherit; color: var( --e-global-color-text ); font-family: var( --e-global-typography-text-font-family ), Sans-serif;\">)<\/span><\/p>\n<p style=\"text-align: center;\"><span style=\"font-style: inherit; color: #ff0000; font-family: var( --e-global-typography-text-font-family ), Sans-serif;\"><b>HUOM! KILAILUKESKUKSESTA EI VOI LASKEA VENEIT\u00c4<\/b><\/span><\/p>\n<p style=\"text-align: center;\"><span style=\"color: var( --e-global-color-text ); font-family: var( --e-global-typography-text-font-family ), Sans-serif; font-style: inherit;\"><b>LASKULUISKAT:<\/b><\/span><\/p>\n<p style=\"text-align: center;\"><span style=\"font-size: 1rem;\">\u00a0<\/span><span style=\"font-size: 1rem; font-weight: bold;\">(SUOSITUS)\u00a0<\/span>Venesatama, S\u00e4yn\u00e4tsalo, Jyv\u00e4skyl\u00e4<span style=\"font-weight: bold;\"> (<\/span>Saunatie 12, Jyv\u00e4skyl\u00e4)<\/p>\n<p style=\"text-align: center;\">KINKOMAAN VENESATAMA,\u00a0Lyytintie 4, 40930 Muurame<\/p>\n<p style=\"text-align: center;\">Niemel\u00e4ntie 1 (S\u00e4yn\u00e4tsalo), 40900 Jyv\u00e4skyl\u00e4<\/p>\n<p style=\"text-align: center;\">\u00a0<\/p>\n<p><iframe loading=\"lazy\" style=\"border: 0;\" src=\"https:\/\/www.google.com\/maps\/embed?pb=!1m18!1m12!1m3!1d1864.5256424723868!2d25.752751377705664!3d62.13946707609514!2m3!1f0!2f0!3f0!3m2!1i1024!2i768!4f13.1!3m3!1m2!1s0x4685708ee47e3d0f%3A0xda6df59306f5ed91!2sKinkovuorentie%204%2C%2040900%20S%C3%A4yn%C3%A4tsalo!5e0!3m2!1sfi!2sfi!4v1778791839998!5m2!1sfi!2sfi\" width=\"600\" height=\"450\" allowfullscreen=\"allowfullscreen\"><\/iframe><\/p>\n<p style=\"text-align: center;\"><span style=\"color: #ff0000;\"><span style=\"color: #000000;\">Kuha 45 cm x 3<\/span><br \/><\/span><\/p>\n<p style=\"text-align: center;\">Ahven 25cm x 3<\/p>\n<p style=\"text-align: center;\">Hauki 60cm x 1<\/p>\n<p dir=\"ltr\" style=\"text-align: center;\">J\u00e4rvilohi ja J\u00e4rvitaimen 61 cm x 10 (EV\u00c4LEIKATTU)<\/p>\n<p style=\"text-align: center;\"><span style=\"color: #000000;\"><strong>Kartat:<\/strong><\/span><\/p>\n<p style=\"text-align: center;\"><strong>\u00a0<\/strong><a href=\"https:\/\/docs.google.com\/document\/d\/1En6hVN4Wzlvzr6HQMVA7THf3QInpzH5pWS2dbrhOxdg\/edit?usp=sharing\" target=\"_blank\" rel=\"noreferrer noopener\"><strong>~ kilpailualue pohjoinen ~<\/strong><\/a><\/p>\n<p style=\"text-align: center;\"><strong>Juniori-Cup:\u00a0<\/strong><\/p>\n<p style=\"text-align: center;\">Kilpailukeskus:\u00a0 Ravintola Luotsivene, S\u00e4yn\u00e4tsalo, Jyv\u00e4skyl\u00e4 <span style=\"font-weight: bold;\">(<\/span><span style=\"white-space: nowrap; color: #1f1f1f; font-family: Roboto, Arial, sans-serif; font-size: 13px;\">Kinkovuorentie 4, <\/span><span style=\"font-style: inherit; font-weight: inherit; white-space: nowrap; color: #5e5e5e; font-family: Roboto, Arial, sans-serif; font-size: 13px;\">40900 S\u00e4yn\u00e4tsalo<\/span><span style=\"font-style: inherit; font-weight: inherit;\">)<\/span><\/p>\n<p style=\"text-align: center;\"><a href=\"http:\/\/goo.gl\/maps\/OEhhA\" target=\"_blank\" rel=\"noreferrer noopener\"><strong>Ajo-ohje (kilpailukeskus)<\/strong><\/a><\/p>\n<p style=\"text-align: center;\"><strong>Antti Toivonen, 0400 877829 &#8211; Mika Lamminm\u00e4ki, 0405379536 &#8211; Toni Lamminm\u00e4ki 040 724 2885<\/strong><\/p>\n<p>\u00a0<\/p>\n<p><a href=\"https:\/\/www.mercurymarine.com\/fi\/\"><img loading=\"lazy\" decoding=\"async\" class=\"aligncenter\" src=\"https:\/\/kscup.fi\/wp-content\/uploads\/2024\/06\/mercury-logo-black-300x57.png\" alt=\"\" width=\"300\" height=\"57\" \/><\/a><\/p>\n<p><a href=\"www.marine.fi\"><img loading=\"lazy\" decoding=\"async\" class=\"aligncenter\" src=\"https:\/\/kscup.fi\/wp-content\/uploads\/2024\/06\/Marine2.png\" alt=\"\" width=\"225\" height=\"225\" \/><\/a><\/p>\n<p>\u00a0<\/p>\n<p><a href=\"www.jyvasseudunuistelijat.fi\"><img loading=\"lazy\" decoding=\"async\" class=\"aligncenter\" src=\"https:\/\/kscup.fi\/wp-content\/uploads\/2024\/06\/1xB-F42YvfmuB9A16emSFP-FR63sAz8tT.gif\" alt=\"\" width=\"100\" height=\"95\" \/><\/a><\/p>\t\t\t\t\t\t<\/div>\n\t\t\t\t<\/div>\n\t\t\t\t\t<\/div>\n\t\t<\/div>\n\t\t\t\t\t\t\t<\/div>\n\t\t<\/section>\n\t\t\t\t\t\t<\/div>\n\t\t\t\t\t<\/div>\n\t\t","protected":false},"excerpt":{"rendered":"<p>3. OSAKILPAILU Marine-Mercury -uistelu LA\u00a027.6.2026\u00a0klo 11.00-18.00\u00a0+ siirtym\u00e4t alussa n.30min ja lopussa 30min \u00a0Ravintola Luotsivene, S\u00e4yn\u00e4tsalo, Jyv\u00e4skyl\u00e4 (Kinkovuorentie 4,\u00a040900 S\u00e4yn\u00e4tsalo) HUOM! KILAILUKESKUKSESTA EI VOI LASKEA VENEIT\u00c4 LASKULUISKAT: \u00a0(SUOSITUS)\u00a0Venesatama, S\u00e4yn\u00e4tsalo, Jyv\u00e4skyl\u00e4 (Saunatie 12, Jyv\u00e4skyl\u00e4) KINKOMAAN VENESATAMA,\u00a0Lyytintie 4, 40930 Muurame Niemel\u00e4ntie 1 (S\u00e4yn\u00e4tsalo), 40900 Jyv\u00e4skyl\u00e4 \u00a0 Kuha 45 cm x 3 Ahven 25cm x 3 Hauki 60cm x &hellip;<\/p>\n<p class=\"read-more\"> <a class=\"\" href=\"https:\/\/kscup.fi\/?page_id=685\"> <span class=\"screen-reader-text\">3. MARIBE-MERCURY -UISTELU 27.6.2026<\/span> Lue lis\u00e4\u00e4 &raquo;<\/a><\/p>\n","protected":false},"author":2,"featured_media":0,"parent":0,"menu_order":0,"comment_status":"closed","ping_status":"closed","template":"","meta":{"footnotes":""},"class_list":["post-685","page","type-page","status-publish","hentry"],"_links":{"self":[{"href":"https:\/\/kscup.fi\/index.php?rest_route=\/wp\/v2\/pages\/685","targetHints":{"allow":["GET"]}}],"collection":[{"href":"https:\/\/kscup.fi\/index.php?rest_route=\/wp\/v2\/pages"}],"about":[{"href":"https:\/\/kscup.fi\/index.php?rest_route=\/wp\/v2\/types\/page"}],"author":[{"embeddable":true,"href":"https:\/\/kscup.fi\/index.php?rest_route=\/wp\/v2\/users\/2"}],"replies":[{"embeddable":true,"href":"https:\/\/kscup.fi\/index.php?rest_route=%2Fwp%2Fv2%2Fcomments&post=685"}],"version-history":[{"count":37,"href":"https:\/\/kscup.fi\/index.php?rest_route=\/wp\/v2\/pages\/685\/revisions"}],"predecessor-version":[{"id":1616,"href":"https:\/\/kscup.fi\/index.php?rest_route=\/wp\/v2\/pages\/685\/revisions\/1616"}],"wp:attachment":[{"href":"https:\/\/kscup.fi\/index.php?rest_route=%2Fwp%2Fv2%2Fmedia&parent=685"}],"curies":[{"name":"wp","href":"https:\/\/api.w.org\/{rel}","templated":true}]}}