{"id":768,"date":"2024-06-12T20:51:25","date_gmt":"2024-06-12T18:51:25","guid":{"rendered":"https:\/\/kscup.fi\/?page_id=768"},"modified":"2024-06-25T20:44:24","modified_gmt":"2024-06-25T18:44:24","slug":"paijatmoto-suzuki-uistelu-10-8-2024","status":"publish","type":"page","link":"https:\/\/kscup.fi\/?page_id=768","title":{"rendered":"P\u00e4ij\u00e4tmoto-Suzuki -uistelu 10.8.2024"},"content":{"rendered":"\t\t<div data-elementor-type=\"wp-page\" data-elementor-id=\"768\" class=\"elementor elementor-768\" data-elementor-settings=\"[]\">\n\t\t\t\t\t\t\t<div class=\"elementor-section-wrap\">\n\t\t\t\t\t\t\t<section class=\"elementor-section elementor-top-section elementor-element elementor-element-0f9b807 elementor-section-boxed elementor-section-height-default elementor-section-height-default\" data-id=\"0f9b807\" data-element_type=\"section\">\n\t\t\t\t\t\t<div class=\"elementor-container elementor-column-gap-default\">\n\t\t\t\t\t<div class=\"elementor-column elementor-col-100 elementor-top-column elementor-element elementor-element-7ec7d9d\" data-id=\"7ec7d9d\" data-element_type=\"column\">\n\t\t\t<div class=\"elementor-widget-wrap elementor-element-populated\">\n\t\t\t\t\t\t\t\t<div class=\"elementor-element elementor-element-95e5cbc elementor-widget elementor-widget-text-editor\" data-id=\"95e5cbc\" data-element_type=\"widget\" data-widget_type=\"text-editor.default\">\n\t\t\t\t<div class=\"elementor-widget-container\">\n\t\t\t\t\t\t\t<h3 style=\"font-size: 1.66667rem; font-style: normal; text-align: center;\"><span style=\"font-weight: bold;\">5. OSAKILPAILU<\/span><\/h3>\n<h1 style=\"font-size: 2.66667rem; font-style: normal; text-align: center;\"><span style=\"font-weight: bold;\">P\u00e4ij\u00e4tmoto-Suzuki -uistelu<\/span><\/h1>\n<p style=\"font-size: 15px; font-style: normal; font-weight: 400; text-align: center;\"><span style=\"font-weight: bold;\">LA<\/span><span style=\"font-weight: bold;\">&nbsp;10<\/span><span style=\"font-weight: bold;\">.8.2024<\/span><span style=\"font-weight: bold;\">&nbsp;klo 11.00-18.00&nbsp;<\/span><\/p>\n<p style=\"font-size: 15px; font-style: normal; font-weight: 400; text-align: center;\"><span style=\"font-weight: bold;\">&nbsp;Venesatama, Korpilahti<\/span><span style=\"font-weight: bold;\">, Jyv\u00e4skyl\u00e4 (<\/span><span style=\"color: var( --e-global-color-text ); font-family: var( --e-global-typography-text-font-family ), Sans-serif;\">Korpilahdentie 8, Korpilahti)<\/span><\/p>\n<p style=\"font-size: 15px; font-style: normal; font-weight: 400; text-align: center;\"><span style=\"color: #ff0000;\"><span style=\"color: #000000;\">Kuha 45 cm x 3<\/span><br><\/span><\/p>\n<p style=\"font-size: 15px; font-style: normal; font-weight: 400; text-align: center;\">Ahven 25 cm x 3<\/p>\n<p style=\"font-size: 15px; font-style: normal; font-weight: 400; text-align: center;\">Hauki 60 cm x 1<\/p>\n<p style=\"text-align: center;\"><span class=\"C9DxTc \">J\u00e4rvilohi ja J\u00e4rvitaimen 61 cm x 10 (<\/span><span class=\"C9DxTc \">EV\u00c4LEIKATTU<\/span><span class=\"C9DxTc \">)<\/span><\/p>\n<p style=\"font-size: 15px; font-style: normal; font-weight: 400; text-align: center;\"><span style=\"font-weight: bold;\">Kartta:<\/span><\/p>\n<p style=\"font-size: 15px; font-style: normal; font-weight: 400; text-align: center;\"><a href=\"https:\/\/drive.google.com\/file\/d\/1qNdu7y_M6hTqpNt3GNf63gJduB7S5bVX\/view?usp=sharing\" target=\"_blank\" rel=\"noreferrer noopener\"><span style=\"font-weight: bold;\">~ kilpailualue etel\u00e4inen ~<\/span><\/a><\/p>\n<p style=\"font-size: 15px; font-style: normal; font-weight: 400; text-align: center;\"><span style=\"font-weight: bold;\">Juniori-Cup:&nbsp;<\/span>Kilikero<\/p>\n<p style=\"font-size: 15px; font-style: normal; font-weight: 400; text-align: center;\">Kilpailukeskus: Korpilahdentie 8, Korpilahti<\/p>\n<p style=\"font-size: 15px; font-style: normal; font-weight: 400; text-align: center;\"><a href=\"http:\/\/goo.gl\/maps\/OEhhA\" target=\"_blank\" rel=\"noreferrer noopener\"><span style=\"font-weight: bold;\">Ajo-ohje (kilpailukeskus)<\/span><\/a><\/p><p style=\"font-size: 15px; font-style: normal; font-weight: 400; text-align: center;\"><span style=\"font-weight: 700;\">Ari Harlamow 050 588 2233 &#8211; Mika Lamminm\u00e4ki, 0405379536 &#8211; Toni Lamminm\u00e4ki 040 724 2885<\/span><br><\/p>\n<p style=\"font-size: 15px; font-style: normal; font-weight: 400; text-align: center;\"><a href=\"https:\/\/www.suzukifinland.fi\"><img loading=\"lazy\" decoding=\"async\" class=\"aligncenter wp-image-838 size-full\" src=\"https:\/\/kscup.fi\/wp-content\/uploads\/2024\/06\/logo-suzuki.png\" alt=\"\" width=\"350\" height=\"125\" srcset=\"https:\/\/kscup.fi\/wp-content\/uploads\/2024\/06\/logo-suzuki.png 350w, https:\/\/kscup.fi\/wp-content\/uploads\/2024\/06\/logo-suzuki-300x107.png 300w\" sizes=\"auto, (max-width: 350px) 100vw, 350px\" \/><\/a><\/p>\n<p style=\"font-size: 15px; font-style: normal; font-weight: 400; text-align: center;\"><a href=\"www.paijatmoto.fi\"><img loading=\"lazy\" decoding=\"async\" class=\"aligncenter wp-image-839 size-full\" src=\"https:\/\/kscup.fi\/wp-content\/uploads\/2024\/06\/Paijamotot.png\" alt=\"\" width=\"225\" height=\"78\"><\/a><\/p>\n<p><a href=\"www.jyvasseudunuistelijat.fi\"><img loading=\"lazy\" decoding=\"async\" class=\"aligncenter wp-image-812 size-full\" src=\"https:\/\/kscup.fi\/wp-content\/uploads\/2024\/06\/1xB-F42YvfmuB9A16emSFP-FR63sAz8tT.gif\" alt=\"\" width=\"100\" height=\"95\"><\/a><\/p>\t\t\t\t\t\t<\/div>\n\t\t\t\t<\/div>\n\t\t\t\t\t<\/div>\n\t\t<\/div>\n\t\t\t\t\t\t\t<\/div>\n\t\t<\/section>\n\t\t\t\t\t\t<\/div>\n\t\t\t\t\t<\/div>\n\t\t","protected":false},"excerpt":{"rendered":"<p>5. OSAKILPAILU P\u00e4ij\u00e4tmoto-Suzuki -uistelu LA&nbsp;10.8.2024&nbsp;klo 11.00-18.00&nbsp; &nbsp;Venesatama, Korpilahti, Jyv\u00e4skyl\u00e4 (Korpilahdentie 8, Korpilahti) Kuha 45 cm x 3 Ahven 25 cm x 3 Hauki 60 cm x 1 J\u00e4rvilohi ja J\u00e4rvitaimen 61 cm x 10 (EV\u00c4LEIKATTU) Kartta: ~ kilpailualue etel\u00e4inen ~ Juniori-Cup:&nbsp;Kilikero Kilpailukeskus: Korpilahdentie 8, Korpilahti Ajo-ohje (kilpailukeskus) Ari Harlamow 050 588 2233 &#8211; Mika Lamminm\u00e4ki, &hellip;<\/p>\n<p class=\"read-more\"> <a class=\"\" href=\"https:\/\/kscup.fi\/?page_id=768\"> <span class=\"screen-reader-text\">P\u00e4ij\u00e4tmoto-Suzuki -uistelu 10.8.2024<\/span> Lue lis\u00e4\u00e4 &raquo;<\/a><\/p>\n","protected":false},"author":2,"featured_media":0,"parent":0,"menu_order":0,"comment_status":"closed","ping_status":"closed","template":"","meta":{"footnotes":""},"class_list":["post-768","page","type-page","status-publish","hentry"],"_links":{"self":[{"href":"https:\/\/kscup.fi\/index.php?rest_route=\/wp\/v2\/pages\/768","targetHints":{"allow":["GET"]}}],"collection":[{"href":"https:\/\/kscup.fi\/index.php?rest_route=\/wp\/v2\/pages"}],"about":[{"href":"https:\/\/kscup.fi\/index.php?rest_route=\/wp\/v2\/types\/page"}],"author":[{"embeddable":true,"href":"https:\/\/kscup.fi\/index.php?rest_route=\/wp\/v2\/users\/2"}],"replies":[{"embeddable":true,"href":"https:\/\/kscup.fi\/index.php?rest_route=%2Fwp%2Fv2%2Fcomments&post=768"}],"version-history":[{"count":19,"href":"https:\/\/kscup.fi\/index.php?rest_route=\/wp\/v2\/pages\/768\/revisions"}],"predecessor-version":[{"id":940,"href":"https:\/\/kscup.fi\/index.php?rest_route=\/wp\/v2\/pages\/768\/revisions\/940"}],"wp:attachment":[{"href":"https:\/\/kscup.fi\/index.php?rest_route=%2Fwp%2Fv2%2Fmedia&parent=768"}],"curies":[{"name":"wp","href":"https:\/\/api.w.org\/{rel}","templated":true}]}}