{"id":789,"date":"2024-06-18T17:43:59","date_gmt":"2024-06-18T15:43:59","guid":{"rendered":"https:\/\/kscup.fi\/?page_id=789"},"modified":"2025-09-11T15:52:01","modified_gmt":"2025-09-11T13:52:01","slug":"alutroll-tohatsu-uistelu-7-9-2024","status":"publish","type":"page","link":"https:\/\/kscup.fi\/?page_id=789","title":{"rendered":"6. Alutroll-Tohatsu -uistelu 6.9.2025"},"content":{"rendered":"\t\t<div data-elementor-type=\"wp-page\" data-elementor-id=\"789\" class=\"elementor elementor-789\" data-elementor-settings=\"[]\">\n\t\t\t\t\t\t\t<div class=\"elementor-section-wrap\">\n\t\t\t\t\t\t\t<section class=\"elementor-section elementor-top-section elementor-element elementor-element-5938d1a elementor-section-boxed elementor-section-height-default elementor-section-height-default\" data-id=\"5938d1a\" data-element_type=\"section\">\n\t\t\t\t\t\t<div class=\"elementor-container elementor-column-gap-default\">\n\t\t\t\t\t<div class=\"elementor-column elementor-col-100 elementor-top-column elementor-element elementor-element-49ef965\" data-id=\"49ef965\" data-element_type=\"column\">\n\t\t\t<div class=\"elementor-widget-wrap elementor-element-populated\">\n\t\t\t\t\t\t\t\t<div class=\"elementor-element elementor-element-3eb7be5 elementor-widget elementor-widget-text-editor\" data-id=\"3eb7be5\" data-element_type=\"widget\" data-widget_type=\"text-editor.default\">\n\t\t\t\t<div class=\"elementor-widget-container\">\n\t\t\t\t\t\t\t<p style=\"font-size: 15px; font-style: normal; font-weight: 400;\"><span style=\"font-weight: bold;\">ALUTROLL-TOHATSU -UISTELU<\/span><\/p>\n<p style=\"font-size: 15px; font-style: normal; font-weight: 400;\"><span style=\"font-weight: bold;\">Muurame la 6.9.2025 klo 10.00-17.00 + siirtym\u00e4t alussa n.30min ja lopussa 30min<\/span><\/p>\n<p style=\"font-size: 15px; font-style: normal; font-weight: 400;\"><span style=\"font-weight: bold;\">L\u00c4HT\u00d6- JA MAALIALUE:<\/span><br>Klubiranta, Muuratj\u00e4rvi.<\/p>\n<h4 style=\"font-size: 1.33333rem; font-style: normal;\">KLUBIRANTA, MUURAME<\/h4>\n<p style=\"font-size: 15px; font-style: normal; font-weight: 400;\"><iframe loading=\"lazy\" style=\"border-width: 0px; border-style: initial; font-size: 15px; width: 1120px;\" src=\"https:\/\/www.google.com\/maps\/embed?pb=!1m14!1m8!1m3!1d3729.865882477077!2d25.63234!3d62.132851!3m2!1i1024!2i768!4f13.1!3m3!1m2!1s0x0%3A0x0!2zNjLCsDA3JzU4LjkiTiAyNcKwMzcnNTUuNyJF!5e0!3m2!1sfi!2sus!4v1629959840522!5m2!1sfi!2sus\" width=\"400\" height=\"300\" allowfullscreen=\"allowfullscreen\"><\/iframe><\/p>\n<figure style=\"font-size: 15px; font-style: normal; font-weight: 400;\">\n<div>&nbsp;<\/div>\n<div><span style=\"font-weight: bold; color: var( --e-global-color-text ); font-family: var( --e-global-typography-text-font-family ), Sans-serif;\">KILPAILUKALAT,ALAMITAT JA KERTOIMET:<\/span><\/div>\n<\/figure>\n<figure style=\"font-size: 15px; font-style: normal; font-weight: 400;\"><a href=\"https:\/\/sites.google.com\/site\/keskisuomicup\/home\/8-muuratjaervi-27-9-2015\/hauki.jpg?attredirects=0\"><img decoding=\"async\" src=\"https:\/\/sites.google.com\/site\/keskisuomicup\/_\/rsrc\/1521208039189\/home\/8-muuratjaervi-27-9-2015\/hauki.jpg?height=400&amp;width=300\" alt=\"\"><\/a><span style=\"text-align: center; font-family: var( --e-global-typography-text-font-family ), Sans-serif;\">Kuha 45 cm x 3<\/span><\/figure>\n<figure style=\"font-size: 15px; font-style: normal; font-weight: 400;\"><span style=\"text-align: center; color: var( --e-global-color-text ); font-family: var( --e-global-typography-text-font-family ), Sans-serif;\">Ahven 25 cm x 3<\/span><\/figure>\n<figure style=\"font-size: 15px; font-style: normal; font-weight: 400;\"><span style=\"text-align: center; color: var( --e-global-color-text ); font-family: var( --e-global-typography-text-font-family ), Sans-serif;\">Hauki 55 cm x 1<\/span><\/figure>\n<figure style=\"font-size: 15px; font-style: normal; font-weight: 400;\"><span class=\"C9DxTc \">J\u00e4rvilohi ja J\u00e4rvitaimen 61 cm x 10 (<\/span><span class=\"C9DxTc \">EV\u00c4LEIKATTU<\/span><span class=\"C9DxTc \">)<\/span><\/figure>\n<figure style=\"font-size: 15px; font-style: normal; font-weight: 400;\"><span style=\"color: var( --e-global-color-text ); font-family: var( --e-global-typography-text-font-family ), Sans-serif; font-weight: bold;\">&nbsp;<\/span><\/figure>\n<p style=\"font-size: 15px; font-style: normal; font-weight: 400;\">\u2013 Raksi sallittu<\/p>\n<p style=\"font-size: 15px; font-style: normal; font-weight: 400;\"><span style=\"color: var( --e-global-color-text ); font-family: var( --e-global-typography-text-font-family ), Sans-serif;\">\u2013 Plaanareissa pit\u00e4\u00e4 olla liput<\/span><\/p>\n<p style=\"font-size: 15px; font-style: normal; font-weight: 400;\">&nbsp;<span style=\"color: var( --e-global-color-text ); font-family: var( --e-global-typography-text-font-family ), Sans-serif; font-weight: var( --e-global-typography-text-font-weight ); font-size: 1rem;\">(Mahdolliset muutokset s\u00e4\u00e4nt\u00f6ihin ilmoitetaan VIIMEIST\u00c4\u00c4N kilpailija kokouksessa)<\/span><\/p>\n<p style=\"font-size: 15px; font-style: normal; font-weight: 400;\"><span style=\"font-weight: bold;\">Muista palauttaa ilmoittautumisen yhteydess\u00e4 saatu laminoitu kilpailualueen kartta punnituksen yhteydess\u00e4!&nbsp;<\/span><\/p>\n<p style=\"font-size: 15px; font-style: normal; font-weight: 400;\">Palauttamattomista kartoista perit\u00e4\u00e4n 25\u20ac maksu.<\/p>\n<p style=\"font-size: 15px; font-style: normal; font-weight: 400;\"><span style=\"font-weight: bold; color: var( --e-global-color-text ); font-family: var( --e-global-typography-text-font-family ), Sans-serif;\">OSANOTTOMAKSU<\/span><\/p>\n<p style=\"font-size: 15px; font-style: normal; font-weight: 400;\"><span style=\"font-weight: bold;\">50\u20ac \/ venekunta.<\/span>&nbsp;Alle 20v koostuva venekunta ilmaiseksi<\/p>\n<p style=\"font-size: 15px; font-style: normal; font-weight: 400;\">&nbsp;<span style=\"color: var( --e-global-color-text ); font-family: var( --e-global-typography-text-font-family ), Sans-serif;\">Ennakkoilmoittautuminen 4.9.2025 menness\u00e4 50 \u20ac\/venekunta.<\/span><\/p>\n<p style=\"font-size: 15px; font-style: normal; font-weight: 400;\"><span style=\"font-weight: bold;\">EI SIS\u00c4LL\u00c4 HARJOITTELULUPAA!!&nbsp;<\/span><\/p>\n<p style=\"font-size: 15px; font-style: normal; font-weight: 400;\"><span style=\"font-weight: bold;\">&nbsp;<\/span><span style=\"font-weight: bold; color: var( --e-global-color-text ); font-family: var( --e-global-typography-text-font-family ), Sans-serif;\">Ei j\u00e4lki-ilmoittausmislis\u00e4\u00e4!<\/span><\/p>\n<p style=\"font-size: 15px; font-style: normal; font-weight: 400;\"><span style=\"font-weight: bold;\">&nbsp;T<\/span><span style=\"font-weight: bold; color: var( --e-global-color-text ); font-family: var( --e-global-typography-text-font-family ), Sans-serif;\">ILI:<\/span><\/p>\n<p style=\"font-size: 15px; font-style: normal; font-weight: 400;\">FI19 5290 0240 3853 34&nbsp;(JSU ry)<\/p>\n<p style=\"font-size: 15px; font-style: normal; font-weight: 400;\"><span style=\"font-weight: bold;\">YHTEYSHENKIL\u00d6:<\/span><br>Mika Lamminm\u00e4ki 040-5379536<\/p>\n<p style=\"font-size: 15px; font-style: normal; font-weight: 400;\"><span style=\"font-weight: bold;\">Kilpailualueen kartta:<\/span><\/p>\n<figure style=\"font-size: 15px; font-style: normal; font-weight: 400;\"><a href=\"https:\/\/kscup.fi\/wp-content\/uploads\/2022\/07\/muuramekartta.png\"><img decoding=\"async\" src=\"https:\/\/sites.google.com\/site\/keskisuomicup\/_\/rsrc\/1473082152054\/home\/8-muuratjaervi-27-9-2015\/muuratj%C3%A4rvi%202.jpg\" alt=\"\"><\/a><a href=\"https:\/\/kscup.fi\/wp-content\/uploads\/2022\/07\/muuramekartta.png\"><img loading=\"lazy\" decoding=\"async\" class=\"wp-image-341 size-medium alignleft\" src=\"https:\/\/kscup.fi\/wp-content\/uploads\/2022\/07\/muuramekartta-253x300.png\" alt=\"\" width=\"253\" height=\"300\"><\/a><\/figure>\n<figure><\/figure>\n<figure><\/figure>\n<figure style=\"font-size: 15px; font-style: normal; font-weight: 400;\"><a href=\"www.tohatsu.fi\"><img loading=\"lazy\" decoding=\"async\" class=\"aligncenter wp-image-794\" src=\"https:\/\/kscup.fi\/wp-content\/uploads\/2024\/06\/Untitled.png\" alt=\"\" width=\"584\" height=\"141\" srcset=\"https:\/\/kscup.fi\/wp-content\/uploads\/2024\/06\/Untitled.png 310w, https:\/\/kscup.fi\/wp-content\/uploads\/2024\/06\/Untitled-300x73.png 300w\" sizes=\"auto, (max-width: 584px) 100vw, 584px\" \/><\/a><\/figure>\n<figure style=\"font-size: 15px; font-style: normal; font-weight: 400;\"><a href=\"www.alutroll.fi\"><img loading=\"lazy\" decoding=\"async\" class=\"aligncenter wp-image-793\" src=\"https:\/\/kscup.fi\/wp-content\/uploads\/2024\/06\/Alutroll.png\" alt=\"\" width=\"649\" height=\"179\"><\/a><\/figure>\n<p style=\"text-align: center;\"><img loading=\"lazy\" decoding=\"async\" class=\"aligncenter wp-image-812 size-full\" src=\"https:\/\/kscup.fi\/wp-content\/uploads\/2024\/06\/1xB-F42YvfmuB9A16emSFP-FR63sAz8tT.gif\" alt=\"\" width=\"100\" height=\"95\"><\/p>\t\t\t\t\t\t<\/div>\n\t\t\t\t<\/div>\n\t\t\t\t\t<\/div>\n\t\t<\/div>\n\t\t\t\t\t\t\t<\/div>\n\t\t<\/section>\n\t\t\t\t\t\t<\/div>\n\t\t\t\t\t<\/div>\n\t\t","protected":false},"excerpt":{"rendered":"<p>ALUTROLL-TOHATSU -UISTELU Muurame la 6.9.2025 klo 10.00-17.00 + siirtym\u00e4t alussa n.30min ja lopussa 30min L\u00c4HT\u00d6- JA MAALIALUE:Klubiranta, Muuratj\u00e4rvi. KLUBIRANTA, MUURAME &nbsp; KILPAILUKALAT,ALAMITAT JA KERTOIMET: Kuha 45 cm x 3 Ahven 25 cm x 3 Hauki 55 cm x 1 J\u00e4rvilohi ja J\u00e4rvitaimen 61 cm x 10 (EV\u00c4LEIKATTU) &nbsp; \u2013 Raksi sallittu \u2013 Plaanareissa pit\u00e4\u00e4 olla &hellip;<\/p>\n<p class=\"read-more\"> <a class=\"\" href=\"https:\/\/kscup.fi\/?page_id=789\"> <span class=\"screen-reader-text\">6. Alutroll-Tohatsu -uistelu 6.9.2025<\/span> Lue lis\u00e4\u00e4 &raquo;<\/a><\/p>\n","protected":false},"author":2,"featured_media":0,"parent":0,"menu_order":0,"comment_status":"closed","ping_status":"closed","template":"","meta":{"footnotes":""},"class_list":["post-789","page","type-page","status-publish","hentry"],"_links":{"self":[{"href":"https:\/\/kscup.fi\/index.php?rest_route=\/wp\/v2\/pages\/789","targetHints":{"allow":["GET"]}}],"collection":[{"href":"https:\/\/kscup.fi\/index.php?rest_route=\/wp\/v2\/pages"}],"about":[{"href":"https:\/\/kscup.fi\/index.php?rest_route=\/wp\/v2\/types\/page"}],"author":[{"embeddable":true,"href":"https:\/\/kscup.fi\/index.php?rest_route=\/wp\/v2\/users\/2"}],"replies":[{"embeddable":true,"href":"https:\/\/kscup.fi\/index.php?rest_route=%2Fwp%2Fv2%2Fcomments&post=789"}],"version-history":[{"count":42,"href":"https:\/\/kscup.fi\/index.php?rest_route=\/wp\/v2\/pages\/789\/revisions"}],"predecessor-version":[{"id":1391,"href":"https:\/\/kscup.fi\/index.php?rest_route=\/wp\/v2\/pages\/789\/revisions\/1391"}],"wp:attachment":[{"href":"https:\/\/kscup.fi\/index.php?rest_route=%2Fwp%2Fv2%2Fmedia&parent=789"}],"curies":[{"name":"wp","href":"https:\/\/api.w.org\/{rel}","templated":true}]}}