{"id":907,"date":"2024-06-25T20:19:13","date_gmt":"2024-06-25T18:19:13","guid":{"rendered":"https:\/\/kscup.fi\/?page_id=907"},"modified":"2025-09-15T21:30:43","modified_gmt":"2025-09-15T19:30:43","slug":"rskid-uistelu-25-8-2024","status":"publish","type":"page","link":"https:\/\/kscup.fi\/?page_id=907","title":{"rendered":"8. \u00c4\u00e4nekoski -uistelu 20.9.2025"},"content":{"rendered":"\t\t<div data-elementor-type=\"wp-page\" data-elementor-id=\"907\" class=\"elementor elementor-907\" data-elementor-settings=\"[]\">\n\t\t\t\t\t\t\t<div class=\"elementor-section-wrap\">\n\t\t\t\t\t\t\t<section class=\"elementor-section elementor-top-section elementor-element elementor-element-a962e6c elementor-section-boxed elementor-section-height-default elementor-section-height-default\" data-id=\"a962e6c\" data-element_type=\"section\">\n\t\t\t\t\t\t<div class=\"elementor-container elementor-column-gap-default\">\n\t\t\t\t\t<div class=\"elementor-column elementor-col-100 elementor-top-column elementor-element elementor-element-a13e003\" data-id=\"a13e003\" data-element_type=\"column\">\n\t\t\t<div class=\"elementor-widget-wrap elementor-element-populated\">\n\t\t\t\t\t\t\t\t<div class=\"elementor-element elementor-element-ece171c elementor-widget elementor-widget-text-editor\" data-id=\"ece171c\" data-element_type=\"widget\" data-widget_type=\"text-editor.default\">\n\t\t\t\t<div class=\"elementor-widget-container\">\n\t\t\t\t\t\t\t<p><span style=\"font-weight: bold;\">\u00c4\u00e4nekoski -uistelu LA<span style=\"font-style: inherit; color: var( --e-global-color-text ); font-family: var( --e-global-typography-text-font-family ), Sans-serif;\"> 20.9.2025 klo 10.00 \u2013 17.00 <\/span><span style=\"color: var( --e-global-color-text ); font-family: var( --e-global-typography-text-font-family ), Sans-serif; font-size: 1rem;\">+ siirtym\u00e4t alussa 30min ja lopussa 30min<\/span><\/span><\/p><p style=\"font-size: 15px; font-style: normal; font-weight: 400;\">Konginkangas, \u00c4\u00e4nekoski<\/p><h6 style=\"font-size: 15px; font-style: normal; font-weight: 400;\"><span style=\"font-size: 1rem; font-style: inherit; font-weight: inherit; font-family: var( --e-global-typography-text-font-family ), Sans-serif; color: #3a3a3a;\">Kilpailukeskus:\u00a0<\/span><span style=\"color: var( --e-global-color-text ); font-family: var( --e-global-typography-text-font-family ), Sans-serif;\">Konginkankaan satama<\/span><span style=\"font-size: 1rem; font-style: inherit; font-weight: inherit; font-family: var( --e-global-typography-text-font-family ), Sans-serif; color: #3a3a3a;\">, (Kaunolantie 11, 44400 Konginkangas)<\/span><\/h6><p><iframe loading=\"lazy\" style=\"border: 0;\" src=\"https:\/\/www.google.com\/maps\/embed?pb=!1m18!1m12!1m3!1d1824.80154969466!2d25.807200497682537!3d62.78282151578935!2m3!1f0!2f0!3f0!3m2!1i1024!2i768!4f13.1!3m3!1m2!1s0x4684536d22ac8a7d%3A0x53614bfcafc81ca1!2sKonginkankaan%20satama!5e0!3m2!1sfi!2sfi!4v1719339926071!5m2!1sfi!2sfi\" width=\"600\" height=\"450\" allowfullscreen=\"allowfullscreen\"><\/iframe><\/p><h6 style=\"font-style: normal;\"><span style=\"color: var( --e-global-color-text ); font-family: var( --e-global-typography-text-font-family ), Sans-serif; font-style: inherit; font-weight: inherit;\">\u00a0<\/span><\/h6><figure style=\"font-size: 15px; font-style: normal; font-weight: 400;\"><span style=\"font-weight: bold; color: var( --e-global-color-text ); font-family: var( --e-global-typography-text-font-family ), Sans-serif;\">KILPAILUKALAT,ALAMITAT JA KERTOIMET:<\/span><\/figure><figure style=\"font-size: 15px; font-style: normal; font-weight: 400;\"><a href=\"https:\/\/sites.google.com\/site\/keskisuomicup\/home\/8-muuratjaervi-27-9-2015\/hauki.jpg?attredirects=0\"><img decoding=\"async\" src=\"https:\/\/sites.google.com\/site\/keskisuomicup\/_\/rsrc\/1521208039189\/home\/8-muuratjaervi-27-9-2015\/hauki.jpg?height=400&amp;width=300\" alt=\"\" \/><\/a><span style=\"text-align: center; font-family: var( --e-global-typography-text-font-family ), Sans-serif;\">Kuha 45 cm x 3<\/span><\/figure><figure style=\"font-size: 15px; font-style: normal; font-weight: 400;\"><span style=\"text-align: center; color: var( --e-global-color-text ); font-family: var( --e-global-typography-text-font-family ), Sans-serif;\">Ahven 25 cm x 3<\/span><\/figure><figure style=\"font-size: 15px; font-style: normal; font-weight: 400;\"><span style=\"text-align: center; color: var( --e-global-color-text ); font-family: var( --e-global-typography-text-font-family ), Sans-serif;\">Hauki 55 cm x 1<\/span><\/figure><figure style=\"font-size: 15px; font-style: normal; font-weight: 400;\">J\u00e4rvilohi ja J\u00e4rvitaimen 61 cm x 15 (EV\u00c4LEIKATTU)<span style=\"text-align: center; color: var( --e-global-color-text ); font-family: var( --e-global-typography-text-font-family ), Sans-serif;\"><br \/><\/span><\/figure><figure style=\"font-size: 15px; font-style: normal; font-weight: 400;\"><span style=\"font-style: inherit; font-weight: inherit; color: var( --e-global-color-text ); font-family: var( --e-global-typography-text-font-family ), Sans-serif;\">\u00a0<\/span><\/figure><p style=\"font-size: 15px; font-style: normal; font-weight: 400;\"><span style=\"color: var( --e-global-color-text ); font-family: var( --e-global-typography-text-font-family ), Sans-serif; font-style: inherit; font-weight: inherit;\">10 vapaa, 2 viehett\u00e4 per vapa, t\u00e4kyraksi sallittu.<\/span><\/p><p style=\"font-size: 15px; font-style: normal; font-weight: 400;\">Alle lakis\u00e4\u00e4teisen alamitan tai yli kaksi sentti\u00e4 alamittaisen kalan tuonti punnitukseen aiheuttaa kilpailijan hylk\u00e4\u00e4misen osakilpailusta!!<\/p><p style=\"font-size: 15px; font-style: normal; font-weight: 400;\">Verest\u00e4minen tapahtuu pist\u00e4m\u00e4ll\u00e4 kurkkua katkaisematta. Katkaistu kurkku aiheuttaa kyseisen kalan hylk\u00e4\u00e4misen!!<\/p><p style=\"font-size: 15px; font-style: normal; font-weight: 400;\"><a href=\"https:\/\/kscup.fi\/wp-content\/uploads\/2025\/09\/Konginkangas-kilpailualue_pdf.pdf\" target=\"_blank\" rel=\"noopener\">~ Kilpailualueen kartta ~<\/a>\u00a0<\/p><ul><li style=\"font-size: 15px; font-style: normal; font-weight: 400;\">Matilanselk\u00e4 my\u00f6s kilpailualueena, rajana kartan reuna.<\/li><\/ul><p style=\"font-size: 15px; font-style: normal; font-weight: 400;\"><a href=\"https:\/\/kscup.fi\/wp-content\/uploads\/2025\/09\/Aanekoski_uistelu_2025.pdf\" target=\"_blank\" rel=\"noopener\">~ S\u00e4\u00e4nt\u00f6tarkennukset 2025 ~<\/a><\/p><p style=\"font-size: 15px; font-style: normal; font-weight: 400;\">Juniori-Cup: Kivikangas<\/p><p style=\"font-size: 15px; font-style: normal; font-weight: 400;\"><a href=\"https:\/\/maps.app.goo.gl\/xvh1h694TedXJ2HC7\" target=\"_blank\" rel=\"noopener\">Ajo-ohje (Kilpailukeskus)<\/a><\/p><p>\u00a0Toni Rautiainen 044 533 3380,\u00a0 Ossi Hakalax 040 546 5886<\/p><p style=\"text-align: center;\"><a href=\"https:\/\/kscup.fi\/wp-content\/uploads\/2025\/09\/Aanekoski_logo_RGB_250x140.jpg\"><img loading=\"lazy\" decoding=\"async\" class=\"alignnone size-full wp-image-1396\" src=\"https:\/\/kscup.fi\/wp-content\/uploads\/2025\/09\/Aanekoski_logo_RGB_250x140.jpg\" alt=\"\" width=\"250\" height=\"140\" \/><\/a><\/p><p><a href=\"https:\/\/kscup.fi\/wp-content\/uploads\/2025\/09\/kivikangas-logo-musta-1.jpg\"><img loading=\"lazy\" decoding=\"async\" class=\"size-full wp-image-1397 aligncenter\" src=\"https:\/\/kscup.fi\/wp-content\/uploads\/2025\/09\/kivikangas-logo-musta-1.jpg\" alt=\"\" width=\"599\" height=\"102\" srcset=\"https:\/\/kscup.fi\/wp-content\/uploads\/2025\/09\/kivikangas-logo-musta-1.jpg 599w, https:\/\/kscup.fi\/wp-content\/uploads\/2025\/09\/kivikangas-logo-musta-1-300x51.jpg 300w\" sizes=\"auto, (max-width: 599px) 100vw, 599px\" \/><\/a><\/p>\t\t\t\t\t\t<\/div>\n\t\t\t\t<\/div>\n\t\t\t\t\t<\/div>\n\t\t<\/div>\n\t\t\t\t\t\t\t<\/div>\n\t\t<\/section>\n\t\t\t\t\t\t<\/div>\n\t\t\t\t\t<\/div>\n\t\t","protected":false},"excerpt":{"rendered":"<p>\u00c4\u00e4nekoski -uistelu LA 20.9.2025 klo 10.00 \u2013 17.00 + siirtym\u00e4t alussa 30min ja lopussa 30min Konginkangas, \u00c4\u00e4nekoski Kilpailukeskus:\u00a0Konginkankaan satama, (Kaunolantie 11, 44400 Konginkangas) \u00a0 KILPAILUKALAT,ALAMITAT JA KERTOIMET: Kuha 45 cm x 3 Ahven 25 cm x 3 Hauki 55 cm x 1 J\u00e4rvilohi ja J\u00e4rvitaimen 61 cm x 15 (EV\u00c4LEIKATTU) \u00a0 10 vapaa, 2 viehett\u00e4 &hellip;<\/p>\n<p class=\"read-more\"> <a class=\"\" href=\"https:\/\/kscup.fi\/?page_id=907\"> <span class=\"screen-reader-text\">8. \u00c4\u00e4nekoski -uistelu 20.9.2025<\/span> Lue lis\u00e4\u00e4 &raquo;<\/a><\/p>\n","protected":false},"author":2,"featured_media":0,"parent":0,"menu_order":0,"comment_status":"closed","ping_status":"closed","template":"","meta":{"footnotes":""},"class_list":["post-907","page","type-page","status-publish","hentry"],"_links":{"self":[{"href":"https:\/\/kscup.fi\/index.php?rest_route=\/wp\/v2\/pages\/907","targetHints":{"allow":["GET"]}}],"collection":[{"href":"https:\/\/kscup.fi\/index.php?rest_route=\/wp\/v2\/pages"}],"about":[{"href":"https:\/\/kscup.fi\/index.php?rest_route=\/wp\/v2\/types\/page"}],"author":[{"embeddable":true,"href":"https:\/\/kscup.fi\/index.php?rest_route=\/wp\/v2\/users\/2"}],"replies":[{"embeddable":true,"href":"https:\/\/kscup.fi\/index.php?rest_route=%2Fwp%2Fv2%2Fcomments&post=907"}],"version-history":[{"count":46,"href":"https:\/\/kscup.fi\/index.php?rest_route=\/wp\/v2\/pages\/907\/revisions"}],"predecessor-version":[{"id":1435,"href":"https:\/\/kscup.fi\/index.php?rest_route=\/wp\/v2\/pages\/907\/revisions\/1435"}],"wp:attachment":[{"href":"https:\/\/kscup.fi\/index.php?rest_route=%2Fwp%2Fv2%2Fmedia&parent=907"}],"curies":[{"name":"wp","href":"https:\/\/api.w.org\/{rel}","templated":true}]}}