{"id":996,"date":"2024-08-19T20:53:38","date_gmt":"2024-08-19T18:53:38","guid":{"rendered":"https:\/\/kscup.fi\/?page_id=996"},"modified":"2026-05-14T22:35:08","modified_gmt":"2026-05-14T20:35:08","slug":"9-humminbird-uistelu-la-21-9-2024","status":"publish","type":"page","link":"https:\/\/kscup.fi\/?page_id=996","title":{"rendered":"5. P\u00e4ij\u00e4tmoto-Suzuki uistelu La 18.7.2026"},"content":{"rendered":"\t\t<div data-elementor-type=\"wp-page\" data-elementor-id=\"996\" class=\"elementor elementor-996\" data-elementor-settings=\"[]\">\n\t\t\t\t\t\t\t<div class=\"elementor-section-wrap\">\n\t\t\t\t\t\t\t<section class=\"elementor-section elementor-top-section elementor-element elementor-element-af519fc elementor-section-boxed elementor-section-height-default elementor-section-height-default\" data-id=\"af519fc\" data-element_type=\"section\">\n\t\t\t\t\t\t<div class=\"elementor-container elementor-column-gap-default\">\n\t\t\t\t\t<div class=\"elementor-column elementor-col-100 elementor-top-column elementor-element elementor-element-64f8831\" data-id=\"64f8831\" data-element_type=\"column\">\n\t\t\t<div class=\"elementor-widget-wrap elementor-element-populated\">\n\t\t\t\t\t\t\t\t<div class=\"elementor-element elementor-element-f8bed86 elementor-widget elementor-widget-text-editor\" data-id=\"f8bed86\" data-element_type=\"widget\" data-widget_type=\"text-editor.default\">\n\t\t\t\t<div class=\"elementor-widget-container\">\n\t\t\t\t\t\t\t<h1 style=\"font-size: 2.66667rem; font-style: normal; text-align: center;\"><span style=\"font-weight: bold;\">9. OSAKILPAILU<\/span><\/h1><h1 style=\"font-size: 2.66667rem; font-style: normal; text-align: center;\"><span style=\"font-weight: bold;\">P\u00e4ij\u00e4tmoto-Suzuki -uistelu<\/span><\/h1><p style=\"font-size: 15px; font-style: normal; font-weight: 400; text-align: center;\"><span style=\"font-weight: bold;\">LA<\/span><span style=\"font-weight: bold;\">\u00a027<\/span><span style=\"font-weight: bold;\">.9.2025<\/span><span style=\"font-weight: bold;\">\u00a0klo 10.00-17.00\u00a0\u00a0<\/span><span style=\"font-weight: bold; color: var( --e-global-color-text ); font-family: var( --e-global-typography-text-font-family ), Sans-serif; font-size: 1rem;\">+ siirtym\u00e4t alussa n.30min ja lopussa 30min<\/span><\/p><p style=\"text-align: center;\"><span style=\"font-size: 15px; font-style: normal; font-weight: bold;\">\u00a0Venesatama, S\u00e4yn\u00e4tsalo<\/span><span style=\"font-size: 15px; font-style: normal; font-weight: bold;\">, Jyv\u00e4skyl\u00e4 (<\/span>Saunatie 12, Jyv\u00e4skyl\u00e4)<\/p><p><iframe loading=\"lazy\" style=\"border: 0;\" src=\"https:\/\/www.google.com\/maps\/embed?pb=!1m17!1m12!1m3!1d1864.5032378736082!2d25.778744999999997!3d62.139830999999994!2m3!1f0!2f0!3f0!3m2!1i1024!2i768!4f13.1!3m2!1m1!2zNjLCsDA4JzIzLjQiTiAyNcKwNDYnNDMuNSJF!5e0!3m2!1sfi!2sfi!4v1724094051636!5m2!1sfi!2sfi\" width=\"600\" height=\"450\" allowfullscreen=\"allowfullscreen\"><\/iframe><\/p><p style=\"font-size: 15px; font-style: normal; font-weight: 400; text-align: center;\"><span style=\"color: #ff0000;\"><span style=\"color: #000000;\">Kuha 45 cm x 3<\/span><br \/><\/span><\/p><p style=\"font-size: 15px; font-style: normal; font-weight: 400; text-align: center;\">Ahven 25cm x 3<\/p><p style=\"font-size: 15px; font-style: normal; font-weight: 400; text-align: center;\">Hauki 60cm x 1<\/p><p dir=\"ltr\" style=\"font-size: 15px; font-style: normal; font-weight: 400; text-align: center;\">J\u00e4rvilohi ja J\u00e4rvitaimen 61 cm x 10 (EV\u00c4LEIKATTU)<\/p><p style=\"font-size: 15px; font-style: normal; font-weight: 400; text-align: center;\"><span style=\"font-weight: bold;\">Kartat:<\/span><\/p><p style=\"font-size: 15px; font-style: normal; font-weight: 400; text-align: center;\"><span style=\"font-weight: bold;\">\u00a0<\/span><a style=\"transition-property: all;\" href=\"https:\/\/docs.google.com\/document\/d\/1En6hVN4Wzlvzr6HQMVA7THf3QInpzH5pWS2dbrhOxdg\/edit?usp=sharing\" target=\"_blank\" rel=\"noreferrer noopener\"><span style=\"font-weight: bold;\">~ kilpailualue pohjoinen ~<\/span><\/a><\/p><p style=\"font-size: 15px; font-style: normal; font-weight: 400; text-align: center;\"><span style=\"font-weight: bold;\">Juniori-Cup: Kilikero<\/span><\/p><p style=\"font-size: 15px; font-style: normal; font-weight: 400; text-align: center;\">Kilpailukeskus:\u00a0<span style=\"color: var( --e-global-color-text ); font-family: var( --e-global-typography-text-font-family ), Sans-serif; font-weight: var( --e-global-typography-text-font-weight ); font-size: 1rem;\">Saunatie 12, Jyv\u00e4skyl\u00e4 (S\u00e4yn\u00e4tsalo)<\/span><\/p><p style=\"font-size: 15px; font-style: normal; font-weight: 400; text-align: center;\"><a style=\"transition-property: all;\" href=\"https:\/\/maps.app.goo.gl\/a759koDhCoqavJ3u9\" target=\"_blank\" rel=\"noreferrer noopener\"><span style=\"font-weight: bold;\">Ajo-ohje (kilpailukeskus)<\/span><\/a><\/p><p style=\"font-size: 15px; font-style: normal; font-weight: 400; text-align: center;\"><span style=\"font-weight: bold;\">Ari Harlamow 050 588 2233 \u2013 Mika Lamminm\u00e4ki, 0405379536 \u2013 Toni Lamminm\u00e4ki 040 724 2885<\/span><\/p><p style=\"text-align: center;\"><a href=\"https:\/\/kscup.fi\/wp-content\/uploads\/2024\/06\/logo-suzuki.png\"><img loading=\"lazy\" decoding=\"async\" class=\"size-full wp-image-838 aligncenter\" src=\"https:\/\/kscup.fi\/wp-content\/uploads\/2024\/06\/logo-suzuki.png\" alt=\"\" width=\"350\" height=\"125\" srcset=\"https:\/\/kscup.fi\/wp-content\/uploads\/2024\/06\/logo-suzuki.png 350w, https:\/\/kscup.fi\/wp-content\/uploads\/2024\/06\/logo-suzuki-300x107.png 300w\" sizes=\"auto, (max-width: 350px) 100vw, 350px\" \/><\/a> <a href=\"https:\/\/kscup.fi\/wp-content\/uploads\/2024\/06\/Paijamotot.png\"><img loading=\"lazy\" decoding=\"async\" class=\"alignnone size-full wp-image-839\" src=\"https:\/\/kscup.fi\/wp-content\/uploads\/2024\/06\/Paijamotot.png\" alt=\"\" width=\"225\" height=\"78\" \/><\/a><\/p><p style=\"font-size: 15px; font-style: normal; font-weight: 400;\"><span style=\"transition-property: all;\"><a style=\"transition-property: all;\" href=\"https:\/\/kscup.fi\/www.jyvasseudunuistelijat.fi\"><img loading=\"lazy\" decoding=\"async\" class=\"aligncenter\" src=\"https:\/\/kscup.fi\/wp-content\/uploads\/2024\/06\/1xB-F42YvfmuB9A16emSFP-FR63sAz8tT.gif\" alt=\"\" width=\"100\" height=\"95\" \/><\/a><\/span><\/p>\t\t\t\t\t\t<\/div>\n\t\t\t\t<\/div>\n\t\t\t\t\t<\/div>\n\t\t<\/div>\n\t\t\t\t\t\t\t<\/div>\n\t\t<\/section>\n\t\t\t\t\t\t<\/div>\n\t\t\t\t\t<\/div>\n\t\t","protected":false},"excerpt":{"rendered":"<p>9. OSAKILPAILU P\u00e4ij\u00e4tmoto-Suzuki -uistelu LA\u00a027.9.2025\u00a0klo 10.00-17.00\u00a0\u00a0+ siirtym\u00e4t alussa n.30min ja lopussa 30min \u00a0Venesatama, S\u00e4yn\u00e4tsalo, Jyv\u00e4skyl\u00e4 (Saunatie 12, Jyv\u00e4skyl\u00e4) Kuha 45 cm x 3 Ahven 25cm x 3 Hauki 60cm x 1 J\u00e4rvilohi ja J\u00e4rvitaimen 61 cm x 10 (EV\u00c4LEIKATTU) Kartat: \u00a0~ kilpailualue pohjoinen ~ Juniori-Cup: Kilikero Kilpailukeskus:\u00a0Saunatie 12, Jyv\u00e4skyl\u00e4 (S\u00e4yn\u00e4tsalo) Ajo-ohje (kilpailukeskus) Ari Harlamow 050 &hellip;<\/p>\n<p class=\"read-more\"> <a class=\"\" href=\"https:\/\/kscup.fi\/?page_id=996\"> <span class=\"screen-reader-text\">5. P\u00e4ij\u00e4tmoto-Suzuki uistelu La 18.7.2026<\/span> Lue lis\u00e4\u00e4 &raquo;<\/a><\/p>\n","protected":false},"author":2,"featured_media":0,"parent":0,"menu_order":0,"comment_status":"closed","ping_status":"closed","template":"","meta":{"footnotes":""},"class_list":["post-996","page","type-page","status-publish","hentry"],"_links":{"self":[{"href":"https:\/\/kscup.fi\/index.php?rest_route=\/wp\/v2\/pages\/996","targetHints":{"allow":["GET"]}}],"collection":[{"href":"https:\/\/kscup.fi\/index.php?rest_route=\/wp\/v2\/pages"}],"about":[{"href":"https:\/\/kscup.fi\/index.php?rest_route=\/wp\/v2\/types\/page"}],"author":[{"embeddable":true,"href":"https:\/\/kscup.fi\/index.php?rest_route=\/wp\/v2\/users\/2"}],"replies":[{"embeddable":true,"href":"https:\/\/kscup.fi\/index.php?rest_route=%2Fwp%2Fv2%2Fcomments&post=996"}],"version-history":[{"count":29,"href":"https:\/\/kscup.fi\/index.php?rest_route=\/wp\/v2\/pages\/996\/revisions"}],"predecessor-version":[{"id":1594,"href":"https:\/\/kscup.fi\/index.php?rest_route=\/wp\/v2\/pages\/996\/revisions\/1594"}],"wp:attachment":[{"href":"https:\/\/kscup.fi\/index.php?rest_route=%2Fwp%2Fv2%2Fmedia&parent=996"}],"curies":[{"name":"wp","href":"https:\/\/api.w.org\/{rel}","templated":true}]}}